{"id":1278,"date":"2024-06-11T14:35:51","date_gmt":"2024-06-11T12:35:51","guid":{"rendered":"https:\/\/www.giron.fr\/?page_id=1278"},"modified":"2025-05-19T09:53:17","modified_gmt":"2025-05-19T07:53:17","slug":"developpement-durable","status":"publish","type":"page","link":"https:\/\/www.giron.fr\/de\/nachhaltige-entwicklung\/","title":{"rendered":"CSR BEI GIRON"},"content":{"rendered":"<div class=\"wp-block-group has-global-padding is-layout-constrained wp-block-group-is-layout-constrained\" data-block-type=\"core\">\n<figure class=\"wp-block-image aligncenter size-full is-resized\" data-block-type=\"core\"><img loading=\"lazy\" decoding=\"async\" width=\"1128\" height=\"191\" src=\"https:\/\/www.giron.fr\/wp-content\/uploads\/2024\/06\/Banniere-Linkedin.png\" alt=\"\" class=\"wp-image-1446\" style=\"width:1161px;height:auto\" srcset=\"https:\/\/www.giron.fr\/wp-content\/uploads\/2024\/06\/Banniere-Linkedin.png 1128w, https:\/\/www.giron.fr\/wp-content\/uploads\/2024\/06\/Banniere-Linkedin-300x51.png 300w, https:\/\/www.giron.fr\/wp-content\/uploads\/2024\/06\/Banniere-Linkedin-1024x173.png 1024w, https:\/\/www.giron.fr\/wp-content\/uploads\/2024\/06\/Banniere-Linkedin-768x130.png 768w, https:\/\/www.giron.fr\/wp-content\/uploads\/2024\/06\/Banniere-Linkedin-18x3.png 18w\" sizes=\"(max-width: 1128px) 100vw, 1128px\" \/><\/figure>\n\n\n\n<h2 class=\"wp-block-heading\" data-block-type=\"core\"><strong>Unser Vorgehen<\/strong><\/h2>\n\n\n\n<p>Der Erfolg und die Zukunft der GIRON Gruppe beruhen auf einem freiwilligen Vorgehen und Verpflichtungen in Bezug auf <strong>soziale und \u00f6kologische Verantwortung.<\/strong><\/p>\n\n\n\n<p>Unser Ziel ist es, die Umsetzung der CSR-Prinzipien bei allen unseren Stakeholdern (Mitarbeiter, Lieferanten, Subunternehmer, Kunden) zu f\u00f6rdern und uns dabei auf eine Logik der kontinuierlichen Verbesserung zu st\u00fctzen.<\/p>\n\n\n\n<p>Seit vielen Jahren werden zahlreiche interne und externe Initiativen durchgef\u00fchrt, um eine positive Auswirkung auf die <strong>drei wichtige S\u00e4ulen der CSR :<\/strong><\/p>\n\n\n\n<ul class=\"wp-block-list\" data-block-type=\"core\">\n<li data-aos=\"fade-up\" data-block-type=\"core\"><strong>Environnement :<\/strong> Reduzierung unseres CO2-Fu\u00dfabdrucks, Entwicklung umweltfreundlicher L\u00f6sungen und F\u00f6rderung der Kreislaufwirtschaft.<\/li>\n\n\n\n<li data-block-type=\"core\"><strong>Social :<\/strong> Ein hochwertiges Arbeitsumfeld bieten, Vielfalt f\u00f6rdern und lokale Gemeinschaften unterst\u00fctzen.<\/li>\n\n\n\n<li data-aos=\"fade-up\" data-block-type=\"core\"><strong>Wirtschaft :<\/strong> Sicherung unseres wirtschaftlichen Fortbestands, Schaffung von Werten f\u00fcr unsere Kunden und Fortf\u00fchrung unseres Know-hows, das durch unsere Patente und G\u00fctesiegel aufgewertet wird.<\/li>\n<\/ul>\n<\/div>\n\n\n\n<div style=\"height:6px\" aria-hidden=\"true\" class=\"wp-block-spacer\" data-block-type=\"core\"><\/div>\n\n\n\n<div class=\"wp-block-group has-custom-giron-gris-clair-background-color has-background has-global-padding is-layout-constrained wp-block-group-is-layout-constrained\" data-block-type=\"core\">\n<div style=\"height:12px\" aria-hidden=\"true\" class=\"wp-block-spacer\" data-block-type=\"core\"><\/div>\n\n\n\n<h3 class=\"wp-block-heading\" data-block-type=\"core\">Was ist CSR?<\/h3>\n\n\n\n<p>Die <strong>Gesellschaftliche Verantwortung von Unternehmen (CSR)<\/strong> bezeichnet das Engagement von Unternehmen, soziale, \u00f6kologische und wirtschaftliche Belange in den Mittelpunkt ihrer Aktivit\u00e4ten zu stellen.<\/p>\n\n\n\n<p>Dies \u00e4u\u00dfert sich insbesondere in der Verringerung der Umweltauswirkungen, der Verbesserung der Arbeitsbedingungen und einem aktiven Beitrag zum Wohlergehen der Gemeinden.<\/p>\n\n\n\n<p>Das Ziel von CSR ist es, wirtschaftliche Leistung mit der Einhaltung ethischer Werte in Einklang zu bringen und so den Weg f\u00fcr eine verantwortungsvollere und respektvollere Zukunft zu ebnen.<\/p>\n\n\n\n<hr class=\"wp-block-separator has-alpha-channel-opacity is-style-wide\">\n\n\n\n<p><\/p>\n<\/div>\n\n\n\n<div class=\"wp-block-group has-global-padding is-layout-constrained wp-block-group-is-layout-constrained\" data-block-type=\"core\">\n<h2 class=\"wp-block-heading has-text-align-center\" data-block-type=\"core\">einige <strong>vom Unternehmen durchgef\u00fchrte CSR-Ma\u00dfnahmen<\/strong><\/h2>\n\n\n\n<div class=\"wp-block-media-text alignwide has-media-on-the-right is-vertically-aligned-center\" style=\"grid-template-columns:auto 40%\" data-aos=\"flip-up\" data-block-type=\"core\"><div class=\"wp-block-media-text__content\">\n<p data-aos=\"flip-up\"><strong>Inbetriebnahme von Sonnenkollektoren (Januar 2025) :<\/strong> Das Unternehmen installierte 2024 Solarpaneele mit dem Ziel, seinen CO2-Fu\u00dfabdruck zu verringern, indem es seinen eigenen Strom aus einer erneuerbaren Energiequelle erzeugt.<\/p>\n\n\n\n<p><strong>Reduzierung des Energieverbrauchs (seit 2021) :<\/strong> Giron implementierte die Optimierung der Beleuchtung und der Heiz-\/K\u00fchlsysteme sowie die Verwaltung des An- und Abfahrens von Maschinen.<\/p>\n\n\n\n<p><strong>Recycling von Siebtuchabf\u00e4llen (seit 2023) :<\/strong> Giron engagiert sich dank des Talents des K\u00fcnstlers David Vaucelle f\u00fcr das Upcycling seiner Siebgewebeabf\u00e4lle aus Stahl. Aus einer inspirierenden Begegnung beim Festival \"L'art en vrac\" entstand eine einzigartige Zusammenarbeit: unsere industriellen \"Abf\u00e4lle\" in wundersch\u00f6ne Kunstwerke zu verwandeln. David kommt regelm\u00e4\u00dfig, um das Rohmaterial f\u00fcr seine Kreationen direkt in unseren Werkst\u00e4tten zu sch\u00f6pfen...<\/p>\n<\/div><figure class=\"wp-block-media-text__media\"><img loading=\"lazy\" decoding=\"async\" width=\"1024\" height=\"1024\" src=\"https:\/\/www.giron.fr\/wp-content\/uploads\/2024\/08\/DE-NRJ.png\" alt=\"\" class=\"wp-image-1447 size-full\" srcset=\"https:\/\/www.giron.fr\/wp-content\/uploads\/2024\/08\/DE-NRJ.png 1200w, https:\/\/www.giron.fr\/wp-content\/uploads\/2024\/08\/DE-NRJ-300x300.png 300w, https:\/\/www.giron.fr\/wp-content\/uploads\/2024\/08\/DE-NRJ-1024x1024.png 1024w, https:\/\/www.giron.fr\/wp-content\/uploads\/2024\/08\/DE-NRJ-150x150.png 150w, https:\/\/www.giron.fr\/wp-content\/uploads\/2024\/08\/DE-NRJ-768x768.png 768w, https:\/\/www.giron.fr\/wp-content\/uploads\/2024\/08\/DE-NRJ-12x12.png 12w\" sizes=\"(max-width: 1024px) 100vw, 1024px\" \/><\/figure><\/div>\n\n\n\n<div class=\"wp-block-media-text alignwide is-vertically-aligned-center\" style=\"grid-template-columns:40% auto\" data-aos=\"flip-up\" data-block-type=\"core\"><figure class=\"wp-block-media-text__media\"><img loading=\"lazy\" decoding=\"async\" width=\"1024\" height=\"1024\" src=\"https:\/\/www.giron.fr\/wp-content\/uploads\/2024\/08\/DE-Collab.png\" alt=\"\" class=\"wp-image-1449 size-full\" srcset=\"https:\/\/www.giron.fr\/wp-content\/uploads\/2024\/08\/DE-Collab.png 1200w, https:\/\/www.giron.fr\/wp-content\/uploads\/2024\/08\/DE-Collab-300x300.png 300w, https:\/\/www.giron.fr\/wp-content\/uploads\/2024\/08\/DE-Collab-1024x1024.png 1024w, https:\/\/www.giron.fr\/wp-content\/uploads\/2024\/08\/DE-Collab-150x150.png 150w, https:\/\/www.giron.fr\/wp-content\/uploads\/2024\/08\/DE-Collab-768x768.png 768w, https:\/\/www.giron.fr\/wp-content\/uploads\/2024\/08\/DE-Collab-12x12.png 12w\" sizes=\"(max-width: 1024px) 100vw, 1024px\" \/><\/figure><div class=\"wp-block-media-text__content\">\n<p data-aos=\"flip-up\"><strong>Zusammenarbeit mit Deastance Services (seit 2021) :<\/strong> Giron beauftragt das angepasste Unternehmen Deastance Services mit der Erstellung der Nachrichtenrubrik auf seiner Website. Durch die Zusammenarbeit mit diesem Unternehmen m\u00f6chte Giron die berufliche Eingliederung von Menschen mit Behinderungen unterst\u00fctzen.<\/p>\n\n\n\n<p><strong>Sponsoring des Festivals Jazzellerault (seit 1984) :<\/strong> Giron unterst\u00fctzt das lokale Festival in Ch\u00e2telleraudais zum Thema Jazz, das den Namen Jazzellerault tr\u00e4gt.<\/p>\n\n\n\n<p><strong>Sponsoring eines Teams f\u00fcr die 205 Troph\u00e4e (2024 &amp; 2025) :<\/strong> Giron unterst\u00fctzt ein Team, das an der 205 Troph\u00e9e, einer Motorsportveranstaltung, teilnimmt. Durch dieses Sponsoring wird die Schaffung von Veranstaltungen mit humanit\u00e4ren Zielen gef\u00f6rdert und die Sichtbarkeit des Unternehmens erh\u00f6ht.<\/p>\n\n\n\n<p><strong>Sponsoring eines Teams der Amazonen-Rallye (2024):<\/strong> Giron unterst\u00fctzt ein Team der Rallye des Amazones, einer Autorallye f\u00fcr Frauen. Durch diese Unterst\u00fctzung werden sportliche Frauen aufgewertet und die Sichtbarkeit des Unternehmens erh\u00f6ht.<\/p>\n\n\n\n<p><strong>Sponsoring mit verschiedenen lokalen M\u00e4rkten (2024) :<\/strong> Giron f\u00f6rdert verschiedene lokale M\u00e4rkte, um das Kunsthandwerk und die Produkte aus der Region zu f\u00f6rdern.<\/p>\n\n\n\n<p><strong>Sponsoring mit L'Art en Vrac (seit 2023) :<\/strong> Giron unterst\u00fctzt L'Art en Vrac, einen lokalen Verein, der zeitgen\u00f6ssische Kunst f\u00f6rdert.<\/p>\n\n\n\n<p><strong>M\u00e4zenatentum mit der \u00c9cole Nationale Sup\u00e9rieure d'Architecture et de Paysage de Bordeaux (2024) :<\/strong> Giron unterst\u00fctzte die Sch\u00fcler bei ihrem Projekt Archi en Folie, das anl\u00e4sslich der Olympischen und Paralympischen Spiele 2024 vorgestellt wurde. Bei diesem Projekt ging es darum, aus verschiedenen Materialien einzigartige verg\u00e4ngliche Pavillons zu bauen. Als Beitrag zu diesem Projekt lieferte Giron die Siebgewebe, die f\u00fcr den Bau dieser innovativen Architekturdemonstration ben\u00f6tigt wurden.<\/p>\n<\/div><\/div>\n\n\n\n<div class=\"wp-block-media-text alignwide has-media-on-the-right is-vertically-aligned-center\" style=\"grid-template-columns:auto 40%\" data-aos=\"flip-up\" data-block-type=\"core\"><div class=\"wp-block-media-text__content\">\n<p data-aos=\"flip-up\"><strong>Aufstellung von Bienenst\u00f6cken auf dem Firmengel\u00e4nde (seit 2023) :<\/strong> Giron hat auf seinem Gel\u00e4nde Bienenst\u00f6cke aufgestellt, um zur Erhaltung der Artenvielfalt in seinem Gebiet beizutragen. Der produzierte Honig wird dann an die Besch\u00e4ftigten verteilt.<\/p>\n\n\n\n<p><strong>Neue Str\u00e4ucher pflanzen (2024) : <\/strong>Giron pflanzt auf seinem Gel\u00e4nde neue Str\u00e4ucher verschiedener Arten, um die Biodiversit\u00e4t zu erhalten und eine angenehmere Umgebung f\u00fcr seine Besch\u00e4ftigten zu schaffen.<\/p>\n\n\n\n<p><strong>Betriebssport (seit 2022) :<\/strong> Giron f\u00f6rdert den Betriebssport, indem es eine Tischtennismannschaft unterst\u00fctzt, die ausschlie\u00dflich aus Mitgliedern des Unternehmens besteht. Die Giron-Mannschaft nimmt an der vom Tischtenniskomitee des Departements Vienne organisierten Firmenmeisterschaft und an den unternehmens\u00fcbergreifenden Sportherausforderungen von Grand Poitiers teil.<\/p>\n<\/div><figure class=\"wp-block-media-text__media\"><img loading=\"lazy\" decoding=\"async\" width=\"1024\" height=\"1024\" src=\"https:\/\/www.giron.fr\/wp-content\/uploads\/2024\/08\/DE-ENVIR.png\" alt=\"\" class=\"wp-image-1582 size-full\" srcset=\"https:\/\/www.giron.fr\/wp-content\/uploads\/2024\/08\/DE-ENVIR.png 1200w, https:\/\/www.giron.fr\/wp-content\/uploads\/2024\/08\/DE-ENVIR-300x300.png 300w, https:\/\/www.giron.fr\/wp-content\/uploads\/2024\/08\/DE-ENVIR-1024x1024.png 1024w, https:\/\/www.giron.fr\/wp-content\/uploads\/2024\/08\/DE-ENVIR-150x150.png 150w, https:\/\/www.giron.fr\/wp-content\/uploads\/2024\/08\/DE-ENVIR-768x768.png 768w, https:\/\/www.giron.fr\/wp-content\/uploads\/2024\/08\/DE-ENVIR-12x12.png 12w\" sizes=\"(max-width: 1024px) 100vw, 1024px\" \/><\/figure><\/div>\n\n\n\n<div style=\"height:46px\" aria-hidden=\"true\" class=\"wp-block-spacer\" data-block-type=\"core\"><\/div>\n\n\n\n<p>Diese Aktionen offenbaren das Engagement von Giron f\u00fcr die verschiedenen CSR-Themen. Das Unternehmen engagiert sich in verschiedenen Initiativen, die darauf abzielen, die Auswirkungen auf die Umwelt zu verringern, lokale Gemeinschaften zu unterst\u00fctzen und das Wohlbefinden seiner Mitarbeiter zu f\u00f6rdern.<\/p>\n\n\n\n<div class=\"wp-block-file aligncenter\" data-block-type=\"core\"><a id=\"wp-block-file--media-7064fcf5-8c0f-4dea-b615-2c28a59fc5b2\" href=\"https:\/\/www.giron.fr\/wp-content\/uploads\/2025\/05\/Charte-RSE-GIRON-DE.pdf\">GIRON CSR-Charta<\/a><a href=\"https:\/\/www.giron.fr\/wp-content\/uploads\/2025\/05\/Charte-RSE-GIRON-DE.pdf\" class=\"wp-block-file__button wp-element-button\" download aria-describedby=\"wp-block-file--media-7064fcf5-8c0f-4dea-b615-2c28a59fc5b2\">Sehen Sie sich das Dokument an<\/a><\/div>\n\n\n\n<p>Im Rahmen unseres Engagements, die Umweltauswirkungen unserer Aktivit\u00e4ten zu reduzieren, hat GIRON seinen <strong>Bilanz der Treibhausgasemissionen<\/strong> Emissionen (BEGES) im Jahr 2022. <\/p>\n\n\n\n<p>Mithilfe dieses Tools konnten wir unseren CO2-Fu\u00dfabdruck berechnen und unsere gr\u00f6\u00dften Emissionsposten identifizieren, um konkrete Ma\u00dfnahmen zur Reduzierung zu ergreifen.<\/p>\n\n\n\n<p>Entdecken Sie hier unsere BEGES-Bilanz 2022, gem\u00e4\u00df der Aufschl\u00fcsselung der Emissionen nach Emissionsposten : <\/p>\n\n\n\n<figure class=\"wp-block-image size-full\" data-block-type=\"core\"><img loading=\"lazy\" decoding=\"async\" width=\"1600\" height=\"900\" src=\"https:\/\/www.giron.fr\/wp-content\/uploads\/2025\/01\/LK-giron.png\" alt=\"Verteilung der Emissionen nach Emissionsquellen - Giron\" class=\"wp-image-2061\" srcset=\"https:\/\/www.giron.fr\/wp-content\/uploads\/2025\/01\/LK-giron.png 1600w, https:\/\/www.giron.fr\/wp-content\/uploads\/2025\/01\/LK-giron-300x169.png 300w, https:\/\/www.giron.fr\/wp-content\/uploads\/2025\/01\/LK-giron-1024x576.png 1024w, https:\/\/www.giron.fr\/wp-content\/uploads\/2025\/01\/LK-giron-768x432.png 768w, https:\/\/www.giron.fr\/wp-content\/uploads\/2025\/01\/LK-giron-1536x864.png 1536w, https:\/\/www.giron.fr\/wp-content\/uploads\/2025\/01\/LK-giron-18x10.png 18w\" sizes=\"(max-width: 1600px) 100vw, 1600px\" \/><\/figure>\n\n\n\n<p>Hier sind unsere Reduktionsziele, die nach dem BEGES 2022 festgelegt wurden:<\/p>\n\n\n\n<ul class=\"wp-block-list\" data-block-type=\"core\">\n<li data-block-type=\"core\"><strong>In Maschinen investieren<\/strong> und Werkzeuge zur Optimierung des Einsatzes von Rohstoffen in unseren Herstellungsprozessen.<\/li>\n\n\n\n<li data-block-type=\"core\">Untersuchung der verschiedenen Optionen f\u00fcr<strong> Rohstoffe, um die nachhaltigsten zu bevorzugen.<\/strong><\/li>\n\n\n\n<li data-block-type=\"core\"><strong>Optimierung der Vertr\u00e4ge f\u00fcr Wartung und Fehlerbehebung<\/strong> indem sie die vorbeugende Wartung f\u00f6rdern und die H\u00e4ufigkeit der Eingriffe verringern.<\/li>\n\n\n\n<li data-block-type=\"core\"><strong>Abfall recyceln und aufwerten<\/strong> indem sie \u00dcbernehmer identifizieren, die sie in Rohstoffe umwandeln.<\/li>\n\n\n\n<li data-block-type=\"core\"><strong>Sonnenkollektoren installieren<\/strong> um einen Teil unseres Verbrauchs an fossilen Energietr\u00e4gern durch erneuerbare Energie zu ersetzen.<\/li>\n<\/ul>\n<\/div>\n\n\n\n<p><\/p>","protected":false},"excerpt":{"rendered":"<p>Unser Ansatz Der Erfolg und die Zukunft der GIRON Gruppe beruhen auf einem freiwilligen Ansatz und Verpflichtungen in Bezug auf [...].<\/p>","protected":false},"author":3,"featured_media":0,"parent":0,"menu_order":0,"comment_status":"closed","ping_status":"closed","template":"","meta":{"_acf_changed":false,"footnotes":""},"class_list":["post-1278","page","type-page","status-publish","hentry"],"acf":[],"yoast_head":"<!-- This site is optimized with the Yoast SEO plugin v23.4 - https:\/\/yoast.com\/wordpress\/plugins\/seo\/ -->\n<title>RSE CHEZ GIRON - Giron<\/title>\n<meta name=\"description\" content=\"La r\u00e9ussite du groupe GIRON et son avenir s\u2019appuient sur une d\u00e9marche volontaire pour des engagements en mati\u00e8re de RSE. \u00a0\" \/>\n<meta name=\"robots\" content=\"noindex, follow, max-snippet:-1, max-image-preview:large, max-video-preview:-1\" \/>\n<meta property=\"og:locale\" content=\"de_DE\" \/>\n<meta property=\"og:type\" content=\"article\" \/>\n<meta property=\"og:title\" content=\"RSE CHEZ GIRON - Giron\" \/>\n<meta property=\"og:description\" content=\"La r\u00e9ussite du groupe GIRON et son avenir s\u2019appuient sur une d\u00e9marche volontaire pour des engagements en mati\u00e8re de RSE. \u00a0\" \/>\n<meta property=\"og:url\" content=\"https:\/\/www.giron.fr\/de\/nachhaltige-entwicklung\/\" \/>\n<meta property=\"og:site_name\" content=\"Giron\" \/>\n<meta property=\"article:modified_time\" content=\"2025-05-19T07:53:17+00:00\" \/>\n<meta property=\"og:image\" content=\"https:\/\/www.giron.fr\/wp-content\/uploads\/2024\/06\/Banniere-Linkedin.png\" \/>\n<meta name=\"twitter:card\" content=\"summary_large_image\" \/>\n<meta name=\"twitter:label1\" content=\"Est. reading time\" \/>\n\t<meta name=\"twitter:data1\" content=\"6 minutes\" \/>\n<script type=\"application\/ld+json\" class=\"yoast-schema-graph\">{\"@context\":\"https:\/\/schema.org\",\"@graph\":[{\"@type\":\"WebPage\",\"@id\":\"https:\/\/www.giron.fr\/developpement-durable\/\",\"url\":\"https:\/\/www.giron.fr\/developpement-durable\/\",\"name\":\"RSE CHEZ GIRON - Giron\",\"isPartOf\":{\"@id\":\"https:\/\/www.giron.fr\/#website\"},\"primaryImageOfPage\":{\"@id\":\"https:\/\/www.giron.fr\/developpement-durable\/#primaryimage\"},\"image\":{\"@id\":\"https:\/\/www.giron.fr\/developpement-durable\/#primaryimage\"},\"thumbnailUrl\":\"https:\/\/www.giron.fr\/wp-content\/uploads\/2024\/06\/Banniere-Linkedin.png\",\"datePublished\":\"2024-06-11T12:35:51+00:00\",\"dateModified\":\"2025-05-19T07:53:17+00:00\",\"description\":\"La r\u00e9ussite du groupe GIRON et son avenir s\u2019appuient sur une d\u00e9marche volontaire pour des engagements en mati\u00e8re de RSE. \u00a0\",\"breadcrumb\":{\"@id\":\"https:\/\/www.giron.fr\/developpement-durable\/#breadcrumb\"},\"inLanguage\":\"de-DE\",\"potentialAction\":[{\"@type\":\"ReadAction\",\"target\":[\"https:\/\/www.giron.fr\/developpement-durable\/\"]}]},{\"@type\":\"ImageObject\",\"inLanguage\":\"de-DE\",\"@id\":\"https:\/\/www.giron.fr\/developpement-durable\/#primaryimage\",\"url\":\"https:\/\/www.giron.fr\/wp-content\/uploads\/2024\/06\/Banniere-Linkedin.png\",\"contentUrl\":\"https:\/\/www.giron.fr\/wp-content\/uploads\/2024\/06\/Banniere-Linkedin.png\"},{\"@type\":\"BreadcrumbList\",\"@id\":\"https:\/\/www.giron.fr\/developpement-durable\/#breadcrumb\",\"itemListElement\":[{\"@type\":\"ListItem\",\"position\":1,\"name\":\"Home\",\"item\":\"https:\/\/www.giron.fr\/\"},{\"@type\":\"ListItem\",\"position\":2,\"name\":\"RSE CHEZ GIRON\"}]},{\"@type\":\"WebSite\",\"@id\":\"https:\/\/www.giron.fr\/#website\",\"url\":\"https:\/\/www.giron.fr\/\",\"name\":\"Giron\",\"description\":\"Fabricant fran\u00e7ais de toile de criblage en acier et polyur\u00e9thane\",\"publisher\":{\"@id\":\"https:\/\/www.giron.fr\/#organization\"},\"potentialAction\":[{\"@type\":\"SearchAction\",\"target\":{\"@type\":\"EntryPoint\",\"urlTemplate\":\"https:\/\/www.giron.fr\/?s={search_term_string}\"},\"query-input\":{\"@type\":\"PropertyValueSpecification\",\"valueRequired\":true,\"valueName\":\"search_term_string\"}}],\"inLanguage\":\"de-DE\"},{\"@type\":\"Organization\",\"@id\":\"https:\/\/www.giron.fr\/#organization\",\"name\":\"Giron\",\"url\":\"https:\/\/www.giron.fr\/\",\"logo\":{\"@type\":\"ImageObject\",\"inLanguage\":\"de-DE\",\"@id\":\"https:\/\/www.giron.fr\/#\/schema\/logo\/image\/\",\"url\":\"https:\/\/www.giron.fr\/wp-content\/uploads\/2024\/07\/Logo-Giron-Baseline-FR.png\",\"contentUrl\":\"https:\/\/www.giron.fr\/wp-content\/uploads\/2024\/07\/Logo-Giron-Baseline-FR.png\",\"width\":1772,\"height\":591,\"caption\":\"Giron\"},\"image\":{\"@id\":\"https:\/\/www.giron.fr\/#\/schema\/logo\/image\/\"}}]}<\/script>\n<!-- \/ Yoast SEO plugin. -->","yoast_head_json":{"title":"RSE CHEZ GIRON - Giron","description":"La r\u00e9ussite du groupe GIRON et son avenir s\u2019appuient sur une d\u00e9marche volontaire pour des engagements en mati\u00e8re de RSE. \u00a0","robots":{"index":"noindex","follow":"follow","max-snippet":"max-snippet:-1","max-image-preview":"max-image-preview:large","max-video-preview":"max-video-preview:-1"},"og_locale":"de_DE","og_type":"article","og_title":"RSE CHEZ GIRON - Giron","og_description":"La r\u00e9ussite du groupe GIRON et son avenir s\u2019appuient sur une d\u00e9marche volontaire pour des engagements en mati\u00e8re de RSE. \u00a0","og_url":"https:\/\/www.giron.fr\/de\/nachhaltige-entwicklung\/","og_site_name":"Giron","article_modified_time":"2025-05-19T07:53:17+00:00","og_image":[{"url":"https:\/\/www.giron.fr\/wp-content\/uploads\/2024\/06\/Banniere-Linkedin.png"}],"twitter_card":"summary_large_image","twitter_misc":{"Est. reading time":"6 minutes"},"schema":{"@context":"https:\/\/schema.org","@graph":[{"@type":"WebPage","@id":"https:\/\/www.giron.fr\/developpement-durable\/","url":"https:\/\/www.giron.fr\/developpement-durable\/","name":"RSE CHEZ GIRON - Giron","isPartOf":{"@id":"https:\/\/www.giron.fr\/#website"},"primaryImageOfPage":{"@id":"https:\/\/www.giron.fr\/developpement-durable\/#primaryimage"},"image":{"@id":"https:\/\/www.giron.fr\/developpement-durable\/#primaryimage"},"thumbnailUrl":"https:\/\/www.giron.fr\/wp-content\/uploads\/2024\/06\/Banniere-Linkedin.png","datePublished":"2024-06-11T12:35:51+00:00","dateModified":"2025-05-19T07:53:17+00:00","description":"La r\u00e9ussite du groupe GIRON et son avenir s\u2019appuient sur une d\u00e9marche volontaire pour des engagements en mati\u00e8re de RSE. \u00a0","breadcrumb":{"@id":"https:\/\/www.giron.fr\/developpement-durable\/#breadcrumb"},"inLanguage":"de-DE","potentialAction":[{"@type":"ReadAction","target":["https:\/\/www.giron.fr\/developpement-durable\/"]}]},{"@type":"ImageObject","inLanguage":"de-DE","@id":"https:\/\/www.giron.fr\/developpement-durable\/#primaryimage","url":"https:\/\/www.giron.fr\/wp-content\/uploads\/2024\/06\/Banniere-Linkedin.png","contentUrl":"https:\/\/www.giron.fr\/wp-content\/uploads\/2024\/06\/Banniere-Linkedin.png"},{"@type":"BreadcrumbList","@id":"https:\/\/www.giron.fr\/developpement-durable\/#breadcrumb","itemListElement":[{"@type":"ListItem","position":1,"name":"Home","item":"https:\/\/www.giron.fr\/"},{"@type":"ListItem","position":2,"name":"RSE CHEZ GIRON"}]},{"@type":"WebSite","@id":"https:\/\/www.giron.fr\/#website","url":"https:\/\/www.giron.fr\/","name":"Giron","description":"Fabricant fran\u00e7ais de toile de criblage en acier et polyur\u00e9thane","publisher":{"@id":"https:\/\/www.giron.fr\/#organization"},"potentialAction":[{"@type":"SearchAction","target":{"@type":"EntryPoint","urlTemplate":"https:\/\/www.giron.fr\/?s={search_term_string}"},"query-input":{"@type":"PropertyValueSpecification","valueRequired":true,"valueName":"search_term_string"}}],"inLanguage":"de-DE"},{"@type":"Organization","@id":"https:\/\/www.giron.fr\/#organization","name":"Giron","url":"https:\/\/www.giron.fr\/","logo":{"@type":"ImageObject","inLanguage":"de-DE","@id":"https:\/\/www.giron.fr\/#\/schema\/logo\/image\/","url":"https:\/\/www.giron.fr\/wp-content\/uploads\/2024\/07\/Logo-Giron-Baseline-FR.png","contentUrl":"https:\/\/www.giron.fr\/wp-content\/uploads\/2024\/07\/Logo-Giron-Baseline-FR.png","width":1772,"height":591,"caption":"Giron"},"image":{"@id":"https:\/\/www.giron.fr\/#\/schema\/logo\/image\/"}}]}},"_links":{"self":[{"href":"https:\/\/www.giron.fr\/de\/wp-json\/wp\/v2\/pages\/1278"}],"collection":[{"href":"https:\/\/www.giron.fr\/de\/wp-json\/wp\/v2\/pages"}],"about":[{"href":"https:\/\/www.giron.fr\/de\/wp-json\/wp\/v2\/types\/page"}],"author":[{"embeddable":true,"href":"https:\/\/www.giron.fr\/de\/wp-json\/wp\/v2\/users\/3"}],"replies":[{"embeddable":true,"href":"https:\/\/www.giron.fr\/de\/wp-json\/wp\/v2\/comments?post=1278"}],"version-history":[{"count":42,"href":"https:\/\/www.giron.fr\/de\/wp-json\/wp\/v2\/pages\/1278\/revisions"}],"predecessor-version":[{"id":2210,"href":"https:\/\/www.giron.fr\/de\/wp-json\/wp\/v2\/pages\/1278\/revisions\/2210"}],"wp:attachment":[{"href":"https:\/\/www.giron.fr\/de\/wp-json\/wp\/v2\/media?parent=1278"}],"curies":[{"name":"wp","href":"https:\/\/api.w.org\/{rel}","templated":true}]}}