{"id":1588,"date":"2024-07-29T15:31:05","date_gmt":"2024-07-29T13:31:05","guid":{"rendered":"https:\/\/www.giron.fr\/?page_id=1588"},"modified":"2024-08-28T11:18:37","modified_gmt":"2024-08-28T09:18:37","slug":"chatellerault","status":"publish","type":"page","link":"https:\/\/www.giron.fr\/de\/chatellerault\/","title":{"rendered":"Ch\u00e2tellerault, ein industrielles Erbe, das fortbesteht"},"content":{"rendered":"<div class=\"wp-block-group has-global-padding is-layout-constrained wp-block-group-is-layout-constrained\" data-aos=\"flip-down\" data-aos-duration=\"250\" data-block-type=\"core\">\n<figure class=\"wp-block-image aligncenter size-full\" data-block-type=\"core\"><img loading=\"lazy\" decoding=\"async\" width=\"1800\" height=\"1200\" src=\"https:\/\/www.giron.fr\/wp-content\/uploads\/2024\/07\/chatellerault-1.webp\" alt=\"\" class=\"wp-image-1592\" srcset=\"https:\/\/www.giron.fr\/wp-content\/uploads\/2024\/07\/chatellerault-1.webp 1800w, https:\/\/www.giron.fr\/wp-content\/uploads\/2024\/07\/chatellerault-1-300x200.webp 300w, https:\/\/www.giron.fr\/wp-content\/uploads\/2024\/07\/chatellerault-1-1024x683.webp 1024w, https:\/\/www.giron.fr\/wp-content\/uploads\/2024\/07\/chatellerault-1-768x512.webp 768w, https:\/\/www.giron.fr\/wp-content\/uploads\/2024\/07\/chatellerault-1-1536x1024.webp 1536w, https:\/\/www.giron.fr\/wp-content\/uploads\/2024\/07\/chatellerault-1-18x12.webp 18w\" sizes=\"(max-width: 1800px) 100vw, 1800px\" \/><\/figure>\n\n\n\n<p>Die \u00dcberreste der industriellen Vergangenheit von <a href=\"https:\/\/www.ville-chatellerault.fr\">Ch\u00e2tellerault<\/a> sind auch heute noch deutlich zu erkennen. Von symboltr\u00e4chtigen Geb\u00e4uden bis hin zu von Generation zu Generation weitergegebenen Fertigkeiten tr\u00e4gt die Stadt die Spuren ihrer Arbeitergeschichte. Indem wir dieses Erbe erforschen, verstehen wir, wie die Industrie die Identit\u00e4t von Ch\u00e2tellerault gepr\u00e4gt hat und weiterhin seine Entwicklung beeinflusst.<\/p>\n<\/div>\n\n\n\n<div style=\"height:6px\" aria-hidden=\"true\" class=\"wp-block-spacer\" data-block-type=\"core\"><\/div>\n\n\n\n<div class=\"wp-block-group has-custom-giron-gris-clair-background-color has-background has-global-padding is-layout-constrained wp-block-group-is-layout-constrained\" data-block-type=\"core\">\n<div style=\"height:12px;width:0px\" aria-hidden=\"true\" class=\"wp-block-spacer\" data-block-type=\"core\"><\/div>\n\n\n\n<h3 class=\"wp-block-heading\" data-block-type=\"core\"><strong><strong><strong>CH\u00c2TELLERAULT, EINE VON DER INDUSTRIE GEPR\u00c4GTE STADT&nbsp;<\/strong><\/strong><\/strong><\/h3>\n\n\n\n<p>Gelegen an der <a href=\"https:\/\/www.lavienne86.fr\">Wien<\/a>, stadt profitierte von ihrer strategischen geografischen Lage, die ihre wirtschaftliche Entwicklung seit dem Mittelalter beg\u00fcnstigte. Jahrhundert erlebte Ch\u00e2tellerault jedoch einen beispiellosen industriellen Aufschwung mit der Gr\u00fcndung der <a href=\"https:\/\/www.villesaucarre.org\/wp-content\/uploads\/2022\/07\/Laissez-vous_conter_la_Manufacture.pdf\">Manufacture d\u2019armes<\/a>. Auch die Textilindustrie, die Metallverarbeitung und die Gerberei trugen zum wirtschaftlichen Aufschwung Ch\u00e2telleraults bei.<\/p>\n\n\n\n<figure class=\"wp-block-image aligncenter size-full is-resized\" data-block-type=\"core\"><img loading=\"lazy\" decoding=\"async\" width=\"519\" height=\"346\" src=\"https:\/\/www.giron.fr\/wp-content\/uploads\/2024\/07\/348ba45124e596501da5e549bc4f2371267be88d-1-edited.jpg\" alt=\"\" class=\"wp-image-1597\" style=\"width:415px;height:auto\" srcset=\"https:\/\/www.giron.fr\/wp-content\/uploads\/2024\/07\/348ba45124e596501da5e549bc4f2371267be88d-1-edited.jpg 519w, https:\/\/www.giron.fr\/wp-content\/uploads\/2024\/07\/348ba45124e596501da5e549bc4f2371267be88d-1-edited-300x200.jpg 300w, https:\/\/www.giron.fr\/wp-content\/uploads\/2024\/07\/348ba45124e596501da5e549bc4f2371267be88d-1-edited-18x12.jpg 18w\" sizes=\"(max-width: 519px) 100vw, 519px\" \/><\/figure>\n\n\n\n<p>Jahrhundert war zwar die Bl\u00fctezeit der Industrie in Ch\u00e2telleraud, doch die Krise der 1960er Jahre f\u00fchrte zu einem tiefgreifenden wirtschaftlichen Wandel. Die Schlie\u00dfung zahlreicher Fabriken zwang die Stadt, sich zu diversifizieren und neue Wachstumsmotoren zu finden. Trotz dieser Ver\u00e4nderungen ist das industrielle Erbe Ch\u00e2telleraults nach wie vor pr\u00e4sent. Viele Geb\u00e4ude zeugen von dieser Zeit und in Museen kann man die Geschichte der lokalen Industrie entdecken. Heute ist Ch\u00e2tellerault eine dynamische Stadt, die es geschafft hat, ihr Erbe zu bewahren und gleichzeitig in die Zukunft zu blicken.<\/p>\n\n\n\n<div style=\"height:39px\" aria-hidden=\"true\" class=\"wp-block-spacer\" data-block-type=\"core\"><\/div>\n<\/div>\n\n\n\n<div class=\"wp-block-group has-global-padding is-layout-constrained wp-block-group-is-layout-constrained\" data-block-type=\"core\">\n<h2 class=\"wp-block-heading\" data-block-type=\"core\"><strong>Die Industrie in Ch\u00e2tellerault: Ein Motor f\u00fcr die Entwicklung<\/strong><\/h2>\n\n\n\n<p>Ch\u00e2tellerault verdankt einen gro\u00dfen Teil seiner Entwicklung seiner Industrie, insbesondere der <a href=\"https:\/\/lamanu.grand-chatellerault.fr\">Manufactures d\u2019armes<\/a>Das im 19. Jahrhundert gegr\u00fcndete Unternehmen erlangte aufgrund der Qualit\u00e4t seiner Produkte schnell einen internationalen Ruf. Die Waffen aus Ch\u00e2tellerault r\u00fcsteten zahlreiche Armeen in der ganzen Welt aus und trugen so zum Wohlstand der Stadt bei. \u00dcber die R\u00fcstungsindustrie hinaus entwickelte Ch\u00e2tellerault auch andere Industriezweige. Die Textilindustrie mit der Herstellung von Bettlaken und Wollstoffen spielte eine wichtige Rolle in der lokalen Wirtschaft. Auch die Metallindustrie, die mit der Herstellung von Werkzeugen und Ersatzteilen verbunden war, entwickelte sich. Diese industriellen Aktivit\u00e4ten schufen nicht nur zahlreiche Arbeitspl\u00e4tze, sondern f\u00f6rderten auch die Entstehung einer dynamischen Arbeiterklasse und eines reichen Vereinslebens.<\/p>\n\n\n\n<figure class=\"wp-block-image size-full\" data-block-type=\"core\"><img loading=\"lazy\" decoding=\"async\" width=\"1200\" height=\"800\" src=\"https:\/\/www.giron.fr\/wp-content\/uploads\/2024\/07\/VIVRE-CHATELLERAULT-CB16Sept-1009.jpg\" alt=\"\" class=\"wp-image-1594\" srcset=\"https:\/\/www.giron.fr\/wp-content\/uploads\/2024\/07\/VIVRE-CHATELLERAULT-CB16Sept-1009.jpg 1200w, https:\/\/www.giron.fr\/wp-content\/uploads\/2024\/07\/VIVRE-CHATELLERAULT-CB16Sept-1009-300x200.jpg 300w, https:\/\/www.giron.fr\/wp-content\/uploads\/2024\/07\/VIVRE-CHATELLERAULT-CB16Sept-1009-1024x683.jpg 1024w, https:\/\/www.giron.fr\/wp-content\/uploads\/2024\/07\/VIVRE-CHATELLERAULT-CB16Sept-1009-768x512.jpg 768w, https:\/\/www.giron.fr\/wp-content\/uploads\/2024\/07\/VIVRE-CHATELLERAULT-CB16Sept-1009-18x12.jpg 18w\" sizes=\"(max-width: 1200px) 100vw, 1200px\" \/><\/figure>\n\n\n\n<p>Das industrielle Erbe von Ch\u00e2tellerault ist auch heute noch sehr pr\u00e4sent. Zahlreiche Geb\u00e4ude zeugen von dieser Epoche: alte, umgebaute Fabriken, Arbeiterh\u00e4user, Laderampen... Diese materiellen \u00dcberreste sind allesamt Zeugen einer glorreichen industriellen Vergangenheit. Dar\u00fcber hinaus bewahren Museen wie das Mus\u00e9e de l'Armurerie die Sammlungen und Werkzeuge der Waffenmanufaktur auf und erm\u00f6glichen es so, die Geschichte dieser Industrie wieder aufleben zu lassen. Neben den Geb\u00e4uden und Objekten wird das industrielle Erbe auch durch das Know-how, die Traditionen und die Erz\u00e4hlungen der ehemaligen Arbeiter weitergegeben. Dieses immaterielle Erbe ist ein unsch\u00e4tzbarer Reichtum, der dazu beitr\u00e4gt, die Identit\u00e4t von Ch\u00e2tellerault zu formen.<\/p>\n\n\n\n<p>Die Industrie spielte eine zentrale Rolle bei der Entwicklung von Ch\u00e2tellerault, erlebte aber auch Zeiten der Krise. Die Deindustrialisierung der 1970er Jahre hinterlie\u00df tiefe Spuren in der Stadt und f\u00fchrte zur Schlie\u00dfung zahlreicher Fabriken und zum Verlust vieler Arbeitspl\u00e4tze. Ch\u00e2tellerault hat es jedoch geschafft, sich wieder zu erholen und zu diversifizieren. Es entstanden neue Wirtschaftszweige wie Dienstleistungen und Technologie, wodurch die Stadt ihre wirtschaftliche Dynamik wiedererlangen konnte. Heute ist Ch\u00e2tellerault eine Stadt, die es geschafft hat, ihr industrielles Erbe zu bewahren und sich gleichzeitig der Zukunft zuzuwenden.<\/p>\n<\/div>\n\n\n\n<figure class=\"wp-block-image aligncenter size-full is-resized\" data-block-type=\"core\"><img loading=\"lazy\" decoding=\"async\" width=\"620\" height=\"492\" src=\"https:\/\/www.giron.fr\/wp-content\/uploads\/2024\/07\/Carte-CAPC_Eco.jpg\" alt=\"\" class=\"wp-image-1596\" style=\"aspect-ratio:1.3333333333333333;object-fit:cover;width:607px;height:auto\" srcset=\"https:\/\/www.giron.fr\/wp-content\/uploads\/2024\/07\/Carte-CAPC_Eco.jpg 620w, https:\/\/www.giron.fr\/wp-content\/uploads\/2024\/07\/Carte-CAPC_Eco-300x238.jpg 300w, https:\/\/www.giron.fr\/wp-content\/uploads\/2024\/07\/Carte-CAPC_Eco-15x12.jpg 15w\" sizes=\"(max-width: 620px) 100vw, 620px\" \/><\/figure>\n\n\n\n<div class=\"wp-block-group has-global-padding is-layout-constrained wp-block-group-is-layout-constrained\" data-block-type=\"core\">\n<h2 class=\"wp-block-heading\" data-block-type=\"core\"><strong>Ch\u00e2tellerault heute: Eine zukunftsorientierte Stadt<\/strong><\/h2>\n\n\n\n<p>Parallel zu seiner wirtschaftlichen Entwicklung legt Ch\u00e2tellerault gro\u00dfen Wert auf die Lebensqualit\u00e4t seiner Einwohner. Das ganze Jahr \u00fcber werden zahlreiche kulturelle und sportliche Veranstaltungen organisiert, die die Stadt beleben und viele Besucher anlocken. Gr\u00fcnfl\u00e4chen, Sportanlagen und kulturelle Einrichtungen tragen dazu bei, dass Ch\u00e2tellerault eine Stadt ist, in der es sich gut leben l\u00e4sst.<\/p>\n\n\n\n<p>Ch\u00e2tellerault hat sein reiches industrielles Erbe bewahrt, sich jedoch neu erfunden und der Zukunft zugewandt. Die Stadt hat eine ehrgeizige Politik der wirtschaftlichen Diversifizierung eingef\u00fchrt, die die Ansiedlung neuer Unternehmen in verschiedenen Wirtschaftszweigen f\u00f6rdert. Die Gewerbegebiete bieten den Unternehmen ein entwicklungsf\u00f6rderndes Umfeld. Durch diese Diversifizierung werden neue Arbeitspl\u00e4tze geschaffen und die wirtschaftliche Attraktivit\u00e4t der Stadt gest\u00e4rkt.<\/p>\n\n\n\n<p>Ch\u00e2tellerault ist eine kreative Stadt, die ihr industrielles Erbe aufwertet.<\/p>\n\n\n\n<figure class=\"wp-block-image aligncenter size-full\" data-block-type=\"core\"><img loading=\"lazy\" decoding=\"async\" width=\"612\" height=\"408\" src=\"https:\/\/www.giron.fr\/wp-content\/uploads\/2024\/07\/istockphoto-1308902462-612x612-1.jpg\" alt=\"\" class=\"wp-image-1598\" srcset=\"https:\/\/www.giron.fr\/wp-content\/uploads\/2024\/07\/istockphoto-1308902462-612x612-1.jpg 612w, https:\/\/www.giron.fr\/wp-content\/uploads\/2024\/07\/istockphoto-1308902462-612x612-1-300x200.jpg 300w, https:\/\/www.giron.fr\/wp-content\/uploads\/2024\/07\/istockphoto-1308902462-612x612-1-18x12.jpg 18w\" sizes=\"(max-width: 612px) 100vw, 612px\" \/><\/figure>\n<\/div>","protected":false},"excerpt":{"rendered":"<p>Die \u00dcberreste der industriellen Vergangenheit von Ch\u00e2tellerault sind auch heute noch pr\u00e4sent. Von symboltr\u00e4chtigen Geb\u00e4uden bis hin zu Know-how, das von Generation zu Generation weitergegeben wurde [...].<\/p>","protected":false},"author":3,"featured_media":0,"parent":0,"menu_order":0,"comment_status":"closed","ping_status":"closed","template":"","meta":{"_acf_changed":false,"footnotes":""},"class_list":["post-1588","page","type-page","status-publish","hentry"],"acf":[],"yoast_head":"<!-- This site is optimized with the Yoast SEO plugin v23.4 - https:\/\/yoast.com\/wordpress\/plugins\/seo\/ -->\n<title>Ch\u00e2tellerault, un h\u00e9ritage industriel qui perdure<\/title>\n<meta name=\"description\" content=\"Les vestiges du pass\u00e9 industriel de Ch\u00e2tellerault sont encore bien pr\u00e9sents aujourd&#039;hui. D\u00e9couvrez l&#039;histoire de cette ville industrielle.\" \/>\n<meta name=\"robots\" content=\"noindex, follow, max-snippet:-1, max-image-preview:large, max-video-preview:-1\" \/>\n<meta property=\"og:locale\" content=\"de_DE\" \/>\n<meta property=\"og:type\" content=\"article\" \/>\n<meta property=\"og:title\" content=\"Ch\u00e2tellerault, un h\u00e9ritage industriel qui perdure\" \/>\n<meta property=\"og:description\" content=\"Les vestiges du pass\u00e9 industriel de Ch\u00e2tellerault sont encore bien pr\u00e9sents aujourd&#039;hui. D\u00e9couvrez l&#039;histoire de cette ville industrielle.\" \/>\n<meta property=\"og:url\" content=\"https:\/\/www.giron.fr\/de\/chatellerault\/\" \/>\n<meta property=\"og:site_name\" content=\"Giron\" \/>\n<meta property=\"article:modified_time\" content=\"2024-08-28T09:18:37+00:00\" \/>\n<meta property=\"og:image\" content=\"https:\/\/www.giron.fr\/wp-content\/uploads\/2024\/07\/chatellerault-1.webp\" \/>\n<meta name=\"twitter:card\" content=\"summary_large_image\" \/>\n<meta name=\"twitter:label1\" content=\"Est. reading time\" \/>\n\t<meta name=\"twitter:data1\" content=\"5 minutes\" \/>\n<script type=\"application\/ld+json\" class=\"yoast-schema-graph\">{\"@context\":\"https:\/\/schema.org\",\"@graph\":[{\"@type\":\"WebPage\",\"@id\":\"https:\/\/www.giron.fr\/chatellerault\/\",\"url\":\"https:\/\/www.giron.fr\/chatellerault\/\",\"name\":\"Ch\u00e2tellerault, un h\u00e9ritage industriel qui perdure\",\"isPartOf\":{\"@id\":\"https:\/\/www.giron.fr\/#website\"},\"primaryImageOfPage\":{\"@id\":\"https:\/\/www.giron.fr\/chatellerault\/#primaryimage\"},\"image\":{\"@id\":\"https:\/\/www.giron.fr\/chatellerault\/#primaryimage\"},\"thumbnailUrl\":\"https:\/\/www.giron.fr\/wp-content\/uploads\/2024\/07\/chatellerault-1.webp\",\"datePublished\":\"2024-07-29T13:31:05+00:00\",\"dateModified\":\"2024-08-28T09:18:37+00:00\",\"description\":\"Les vestiges du pass\u00e9 industriel de Ch\u00e2tellerault sont encore bien pr\u00e9sents aujourd'hui. D\u00e9couvrez l'histoire de cette ville industrielle.\",\"breadcrumb\":{\"@id\":\"https:\/\/www.giron.fr\/chatellerault\/#breadcrumb\"},\"inLanguage\":\"de-DE\",\"potentialAction\":[{\"@type\":\"ReadAction\",\"target\":[\"https:\/\/www.giron.fr\/chatellerault\/\"]}]},{\"@type\":\"ImageObject\",\"inLanguage\":\"de-DE\",\"@id\":\"https:\/\/www.giron.fr\/chatellerault\/#primaryimage\",\"url\":\"https:\/\/www.giron.fr\/wp-content\/uploads\/2024\/07\/chatellerault-1.webp\",\"contentUrl\":\"https:\/\/www.giron.fr\/wp-content\/uploads\/2024\/07\/chatellerault-1.webp\"},{\"@type\":\"BreadcrumbList\",\"@id\":\"https:\/\/www.giron.fr\/chatellerault\/#breadcrumb\",\"itemListElement\":[{\"@type\":\"ListItem\",\"position\":1,\"name\":\"Home\",\"item\":\"https:\/\/www.giron.fr\/\"},{\"@type\":\"ListItem\",\"position\":2,\"name\":\"Ch\u00e2tellerault, un h\u00e9ritage industriel qui perdure\"}]},{\"@type\":\"WebSite\",\"@id\":\"https:\/\/www.giron.fr\/#website\",\"url\":\"https:\/\/www.giron.fr\/\",\"name\":\"Giron\",\"description\":\"Fabricant fran\u00e7ais de toile de criblage en acier et polyur\u00e9thane\",\"publisher\":{\"@id\":\"https:\/\/www.giron.fr\/#organization\"},\"potentialAction\":[{\"@type\":\"SearchAction\",\"target\":{\"@type\":\"EntryPoint\",\"urlTemplate\":\"https:\/\/www.giron.fr\/?s={search_term_string}\"},\"query-input\":{\"@type\":\"PropertyValueSpecification\",\"valueRequired\":true,\"valueName\":\"search_term_string\"}}],\"inLanguage\":\"de-DE\"},{\"@type\":\"Organization\",\"@id\":\"https:\/\/www.giron.fr\/#organization\",\"name\":\"Giron\",\"url\":\"https:\/\/www.giron.fr\/\",\"logo\":{\"@type\":\"ImageObject\",\"inLanguage\":\"de-DE\",\"@id\":\"https:\/\/www.giron.fr\/#\/schema\/logo\/image\/\",\"url\":\"https:\/\/www.giron.fr\/wp-content\/uploads\/2024\/07\/Logo-Giron-Baseline-FR.png\",\"contentUrl\":\"https:\/\/www.giron.fr\/wp-content\/uploads\/2024\/07\/Logo-Giron-Baseline-FR.png\",\"width\":1772,\"height\":591,\"caption\":\"Giron\"},\"image\":{\"@id\":\"https:\/\/www.giron.fr\/#\/schema\/logo\/image\/\"}}]}<\/script>\n<!-- \/ Yoast SEO plugin. -->","yoast_head_json":{"title":"Ch\u00e2tellerault, un h\u00e9ritage industriel qui perdure","description":"Les vestiges du pass\u00e9 industriel de Ch\u00e2tellerault sont encore bien pr\u00e9sents aujourd'hui. D\u00e9couvrez l'histoire de cette ville industrielle.","robots":{"index":"noindex","follow":"follow","max-snippet":"max-snippet:-1","max-image-preview":"max-image-preview:large","max-video-preview":"max-video-preview:-1"},"og_locale":"de_DE","og_type":"article","og_title":"Ch\u00e2tellerault, un h\u00e9ritage industriel qui perdure","og_description":"Les vestiges du pass\u00e9 industriel de Ch\u00e2tellerault sont encore bien pr\u00e9sents aujourd'hui. D\u00e9couvrez l'histoire de cette ville industrielle.","og_url":"https:\/\/www.giron.fr\/de\/chatellerault\/","og_site_name":"Giron","article_modified_time":"2024-08-28T09:18:37+00:00","og_image":[{"url":"https:\/\/www.giron.fr\/wp-content\/uploads\/2024\/07\/chatellerault-1.webp"}],"twitter_card":"summary_large_image","twitter_misc":{"Est. reading time":"5 minutes"},"schema":{"@context":"https:\/\/schema.org","@graph":[{"@type":"WebPage","@id":"https:\/\/www.giron.fr\/chatellerault\/","url":"https:\/\/www.giron.fr\/chatellerault\/","name":"Ch\u00e2tellerault, un h\u00e9ritage industriel qui perdure","isPartOf":{"@id":"https:\/\/www.giron.fr\/#website"},"primaryImageOfPage":{"@id":"https:\/\/www.giron.fr\/chatellerault\/#primaryimage"},"image":{"@id":"https:\/\/www.giron.fr\/chatellerault\/#primaryimage"},"thumbnailUrl":"https:\/\/www.giron.fr\/wp-content\/uploads\/2024\/07\/chatellerault-1.webp","datePublished":"2024-07-29T13:31:05+00:00","dateModified":"2024-08-28T09:18:37+00:00","description":"Les vestiges du pass\u00e9 industriel de Ch\u00e2tellerault sont encore bien pr\u00e9sents aujourd'hui. D\u00e9couvrez l'histoire de cette ville industrielle.","breadcrumb":{"@id":"https:\/\/www.giron.fr\/chatellerault\/#breadcrumb"},"inLanguage":"de-DE","potentialAction":[{"@type":"ReadAction","target":["https:\/\/www.giron.fr\/chatellerault\/"]}]},{"@type":"ImageObject","inLanguage":"de-DE","@id":"https:\/\/www.giron.fr\/chatellerault\/#primaryimage","url":"https:\/\/www.giron.fr\/wp-content\/uploads\/2024\/07\/chatellerault-1.webp","contentUrl":"https:\/\/www.giron.fr\/wp-content\/uploads\/2024\/07\/chatellerault-1.webp"},{"@type":"BreadcrumbList","@id":"https:\/\/www.giron.fr\/chatellerault\/#breadcrumb","itemListElement":[{"@type":"ListItem","position":1,"name":"Home","item":"https:\/\/www.giron.fr\/"},{"@type":"ListItem","position":2,"name":"Ch\u00e2tellerault, un h\u00e9ritage industriel qui perdure"}]},{"@type":"WebSite","@id":"https:\/\/www.giron.fr\/#website","url":"https:\/\/www.giron.fr\/","name":"Giron","description":"Fabricant fran\u00e7ais de toile de criblage en acier et polyur\u00e9thane","publisher":{"@id":"https:\/\/www.giron.fr\/#organization"},"potentialAction":[{"@type":"SearchAction","target":{"@type":"EntryPoint","urlTemplate":"https:\/\/www.giron.fr\/?s={search_term_string}"},"query-input":{"@type":"PropertyValueSpecification","valueRequired":true,"valueName":"search_term_string"}}],"inLanguage":"de-DE"},{"@type":"Organization","@id":"https:\/\/www.giron.fr\/#organization","name":"Giron","url":"https:\/\/www.giron.fr\/","logo":{"@type":"ImageObject","inLanguage":"de-DE","@id":"https:\/\/www.giron.fr\/#\/schema\/logo\/image\/","url":"https:\/\/www.giron.fr\/wp-content\/uploads\/2024\/07\/Logo-Giron-Baseline-FR.png","contentUrl":"https:\/\/www.giron.fr\/wp-content\/uploads\/2024\/07\/Logo-Giron-Baseline-FR.png","width":1772,"height":591,"caption":"Giron"},"image":{"@id":"https:\/\/www.giron.fr\/#\/schema\/logo\/image\/"}}]}},"_links":{"self":[{"href":"https:\/\/www.giron.fr\/de\/wp-json\/wp\/v2\/pages\/1588"}],"collection":[{"href":"https:\/\/www.giron.fr\/de\/wp-json\/wp\/v2\/pages"}],"about":[{"href":"https:\/\/www.giron.fr\/de\/wp-json\/wp\/v2\/types\/page"}],"author":[{"embeddable":true,"href":"https:\/\/www.giron.fr\/de\/wp-json\/wp\/v2\/users\/3"}],"replies":[{"embeddable":true,"href":"https:\/\/www.giron.fr\/de\/wp-json\/wp\/v2\/comments?post=1588"}],"version-history":[{"count":14,"href":"https:\/\/www.giron.fr\/de\/wp-json\/wp\/v2\/pages\/1588\/revisions"}],"predecessor-version":[{"id":1950,"href":"https:\/\/www.giron.fr\/de\/wp-json\/wp\/v2\/pages\/1588\/revisions\/1950"}],"wp:attachment":[{"href":"https:\/\/www.giron.fr\/de\/wp-json\/wp\/v2\/media?parent=1588"}],"curies":[{"name":"wp","href":"https:\/\/api.w.org\/{rel}","templated":true}]}}