{"id":23,"date":"2024-04-29T11:24:10","date_gmt":"2024-04-29T09:24:10","guid":{"rendered":"https:\/\/www.giron.fr\/?page_id=23"},"modified":"2024-09-23T13:52:32","modified_gmt":"2024-09-23T11:52:32","slug":"granulats","status":"publish","type":"page","link":"https:\/\/www.giron.fr\/de\/granulats\/","title":{"rendered":"DIE GRANULATE"},"content":{"rendered":"<div class=\"wp-block-group has-global-padding is-layout-constrained wp-container-core-group-is-layout-2 wp-block-group-is-layout-constrained\" style=\"padding-right:var(--wp--preset--spacing--50);padding-left:var(--wp--preset--spacing--50)\" data-block-type=\"core\">\n<h2 class=\"wp-block-heading\" data-block-type=\"core\"><strong>WAS IST GRANULAT?<\/strong><\/h2>\n\n\n\n<figure class=\"wp-block-image size-large\" data-block-type=\"core\"><img loading=\"lazy\" decoding=\"async\" width=\"1024\" height=\"173\" src=\"https:\/\/www.giron.fr\/wp-content\/uploads\/2024\/06\/Banniere-Linkedin-1-1024x173.png\" alt=\"\" class=\"wp-image-1479\" srcset=\"https:\/\/www.giron.fr\/wp-content\/uploads\/2024\/06\/Banniere-Linkedin-1-1024x173.png 1024w, https:\/\/www.giron.fr\/wp-content\/uploads\/2024\/06\/Banniere-Linkedin-1-300x51.png 300w, https:\/\/www.giron.fr\/wp-content\/uploads\/2024\/06\/Banniere-Linkedin-1-768x130.png 768w, https:\/\/www.giron.fr\/wp-content\/uploads\/2024\/06\/Banniere-Linkedin-1-18x3.png 18w, https:\/\/www.giron.fr\/wp-content\/uploads\/2024\/06\/Banniere-Linkedin-1.png 1128w\" sizes=\"(max-width: 1024px) 100vw, 1024px\" \/><\/figure>\n\n\n\n<p>Eine Gesteinsk\u00f6rnung ist ein k\u00f6rniges Material mineralischen oder recycelten Ursprungs mit einer Gr\u00f6\u00dfe zwischen 0 und 125 mm. Es wird haupts\u00e4chlich in der Baubranche (Hoch- und Tiefbau) f\u00fcr die Errichtung von Bauwerken (Beton, Geb\u00e4ude, Br\u00fccken) und Infrastrukturarbeiten (Stra\u00dfen, Autobahnen, Eisenbahnstrecken) verwendet.<\/p>\n\n\n\n<p>Gesteinsk\u00f6rnungen unterscheiden sich in ihrer Art, Form und ihren Eigenschaften, die je nach geologischer Herkunft und Produktionsverfahren variieren. So findet man Gesteinsk\u00f6rnungen, die aus :<\/p>\n\n\n\n<ul class=\"wp-block-list\" data-block-type=\"core\">\n<li data-block-type=\"core\">Lockeres oder massives Gestein (Gletscher- und Meeresschwemmland, Eruptiv-, Vulkan-, Sediment- und metamorphes Gestein)<\/li>\n\n\n\n<li data-block-type=\"core\">K\u00fcsten- und Flussschwemmsand und -kies<\/li>\n\n\n\n<li data-block-type=\"core\">Sand- und Sandsteinschichten<\/li>\n<\/ul>\n\n\n\n<div class=\"wp-block-group has-custom-giron-gris-clair-background-color has-background has-global-padding is-layout-constrained wp-block-group-is-layout-constrained\" data-block-type=\"core\">\n<h3 class=\"wp-block-heading has-custom-giron-gris-clair-background-color has-background\" data-block-type=\"core\"><strong>Die verschiedenen Arten von Zuschlagstoffen :<\/strong><\/h3>\n\n\n\n<p class=\"has-custom-giron-gris-clair-background-color has-background\">Um herauszufinden, zu welcher Gesteinsfamilie die Gesteinsk\u00f6rnungen eines Minerals geh\u00f6ren, muss man sich die Kornklasse d\/D ansehen. Die Kornklasse, ausgedr\u00fcckt <strong>d\/D-Form,<\/strong> ist ein wertvoller Indikator, um die Familie zu bestimmen, zu der eine Gesteinsk\u00f6rnung geh\u00f6rt. Sie stellt die kleinste (d) und die gr\u00f6\u00dfte (D) Gr\u00f6\u00dfe der K\u00f6rner dar, aus denen die Gesteinsk\u00f6rnung besteht. Durch die Analyse der Korngr\u00f6\u00dfenverteilung, d. h. der Verteilung der K\u00f6rner nach ihrer Gr\u00f6\u00dfe, ist es m\u00f6glich, Gesteinsk\u00f6rnungen in verschiedene Kategorien einzuteilen, jede mit ihren spezifischen Eigenschaften und Verwendungszwecken.<\/p>\n\n\n\n<div class=\"wp-block-media-text is-stacked-on-mobile\" style=\"grid-template-columns:25% auto\" data-block-type=\"core\"><figure class=\"wp-block-media-text__media\"><img loading=\"lazy\" decoding=\"async\" width=\"1024\" height=\"1024\" src=\"https:\/\/www.giron.fr\/wp-content\/uploads\/2024\/08\/GRANN.png\" alt=\"\" class=\"wp-image-1481 size-full\" srcset=\"https:\/\/www.giron.fr\/wp-content\/uploads\/2024\/08\/GRANN.png 1200w, https:\/\/www.giron.fr\/wp-content\/uploads\/2024\/08\/GRANN-300x300.png 300w, https:\/\/www.giron.fr\/wp-content\/uploads\/2024\/08\/GRANN-1024x1024.png 1024w, https:\/\/www.giron.fr\/wp-content\/uploads\/2024\/08\/GRANN-150x150.png 150w, https:\/\/www.giron.fr\/wp-content\/uploads\/2024\/08\/GRANN-768x768.png 768w, https:\/\/www.giron.fr\/wp-content\/uploads\/2024\/08\/GRANN-12x12.png 12w\" sizes=\"(max-width: 1024px) 100vw, 1024px\" \/><\/figure><div class=\"wp-block-media-text__content\">\n<p>Gesteinsk\u00f6rnungen aus massivem <strong>gesteine <\/strong>Gesteinsk\u00f6rnungen aus massivem Gestein sind eine wichtige Kategorie von Gesteinsk\u00f6rnungen, die im Bauwesen (Hoch- und Tiefbau) verwendet werden. Sie unterscheiden sich durch ihre Herkunft und ihre Produktionsweise, die diesen Materialien spezifische Eigenschaften verleihen.<\/p>\n<\/div><\/div>\n\n\n\n<div class=\"wp-block-media-text has-media-on-the-right is-stacked-on-mobile\" style=\"grid-template-columns:auto 25%\" data-block-type=\"core\"><div class=\"wp-block-media-text__content\">\n<p><span style=\"caret-color: rgb(0, 0, 0); color: rgb(0, 0, 0); font-family: Aptos, sans-serif; white-space: normal;\">Die Granulate <strong>schwemmland,<\/strong>die auch als Lockergesteinsk\u00f6rnungen oder Rollk\u00f6rnungen bezeichnet werden, zeichnen sich durch ihre runde Form und ihren sediment\u00e4ren Ursprung aus. Sie stellen eine wichtige Kategorie von Gesteinsk\u00f6rnungen dar, die im Hoch- und Tiefbau verwendet werden.<\/span><\/p>\n<\/div><figure class=\"wp-block-media-text__media\"><img loading=\"lazy\" decoding=\"async\" width=\"1024\" height=\"1024\" src=\"https:\/\/www.giron.fr\/wp-content\/uploads\/2024\/08\/GRAN.-.png\" alt=\"\" class=\"wp-image-1484 size-full\" srcset=\"https:\/\/www.giron.fr\/wp-content\/uploads\/2024\/08\/GRAN.-.png 1200w, https:\/\/www.giron.fr\/wp-content\/uploads\/2024\/08\/GRAN.--300x300.png 300w, https:\/\/www.giron.fr\/wp-content\/uploads\/2024\/08\/GRAN.--1024x1024.png 1024w, https:\/\/www.giron.fr\/wp-content\/uploads\/2024\/08\/GRAN.--150x150.png 150w, https:\/\/www.giron.fr\/wp-content\/uploads\/2024\/08\/GRAN.--768x768.png 768w, https:\/\/www.giron.fr\/wp-content\/uploads\/2024\/08\/GRAN.--12x12.png 12w\" sizes=\"(max-width: 1024px) 100vw, 1024px\" \/><\/figure><\/div>\n\n\n\n<div class=\"wp-block-media-text is-stacked-on-mobile\" style=\"grid-template-columns:25% auto\" data-block-type=\"core\"><figure class=\"wp-block-media-text__media\"><img loading=\"lazy\" decoding=\"async\" width=\"1024\" height=\"1024\" src=\"https:\/\/www.giron.fr\/wp-content\/uploads\/2024\/08\/GRANN-2.png\" alt=\"\" class=\"wp-image-1485 size-full\" srcset=\"https:\/\/www.giron.fr\/wp-content\/uploads\/2024\/08\/GRANN-2.png 1200w, https:\/\/www.giron.fr\/wp-content\/uploads\/2024\/08\/GRANN-2-300x300.png 300w, https:\/\/www.giron.fr\/wp-content\/uploads\/2024\/08\/GRANN-2-1024x1024.png 1024w, https:\/\/www.giron.fr\/wp-content\/uploads\/2024\/08\/GRANN-2-150x150.png 150w, https:\/\/www.giron.fr\/wp-content\/uploads\/2024\/08\/GRANN-2-768x768.png 768w, https:\/\/www.giron.fr\/wp-content\/uploads\/2024\/08\/GRANN-2-12x12.png 12w\" sizes=\"(max-width: 1024px) 100vw, 1024px\" \/><\/figure><div class=\"wp-block-media-text__content\">\n<p>Die Granulate <strong>recycelt<\/strong>, die aus der Aufbereitung von gebrauchten Baustoffen gewonnenen Gesteinsk\u00f6rnungen sind eine umweltfreundliche und vielversprechende L\u00f6sung f\u00fcr die Umweltprobleme des Bausektors (Hoch- und Tiefbau). Sie stellen eine nachhaltige Alternative zu nat\u00fcrlichen Gesteinsk\u00f6rnungen dar und tragen gleichzeitig zur Kreislaufwirtschaft bei.<\/p>\n<\/div><\/div>\n\n\n\n<div class=\"wp-block-media-text has-media-on-the-right is-stacked-on-mobile\" style=\"grid-template-columns:auto 25%\" data-block-type=\"core\"><div class=\"wp-block-media-text__content\">\n<p>Die Granulate <strong>Seeleute<\/strong>, die aus kiesel- und kalkhaltigen Sanden und Kiesen bestehenden Gesteine stellen eine wertvolle mineralische Ressource dar, die im Meeresboden verborgen liegt. Ihre zunehmende Ausbeutung bringt gro\u00dfe \u00f6kologische und gesellschaftliche Herausforderungen mit sich, die neben ihren Vorteilen und Anwendungen im Bereich des Hoch- und Tiefbaus betrachtet werden m\u00fcssen.<\/p>\n<\/div><figure class=\"wp-block-media-text__media\"><img loading=\"lazy\" decoding=\"async\" width=\"1024\" height=\"1024\" src=\"https:\/\/www.giron.fr\/wp-content\/uploads\/2024\/08\/GRANNN.png\" alt=\"\" class=\"wp-image-1486 size-full\" srcset=\"https:\/\/www.giron.fr\/wp-content\/uploads\/2024\/08\/GRANNN.png 1200w, https:\/\/www.giron.fr\/wp-content\/uploads\/2024\/08\/GRANNN-300x300.png 300w, https:\/\/www.giron.fr\/wp-content\/uploads\/2024\/08\/GRANNN-1024x1024.png 1024w, https:\/\/www.giron.fr\/wp-content\/uploads\/2024\/08\/GRANNN-150x150.png 150w, https:\/\/www.giron.fr\/wp-content\/uploads\/2024\/08\/GRANNN-768x768.png 768w, https:\/\/www.giron.fr\/wp-content\/uploads\/2024\/08\/GRANNN-12x12.png 12w\" sizes=\"(max-width: 1024px) 100vw, 1024px\" \/><\/figure><\/div>\n\n\n\n<p>Um verwendet zu werden, werden die Gesteinsk\u00f6rnungen nach ihrer Korngr\u00f6\u00dfe klassifiziert. Dabei werden die Produkte nach verwertbaren Gr\u00f6\u00dfenklassen sortiert, die durch die kleinste Abmessung (mm) \"d\" und die gr\u00f6\u00dfte Abmessung \"D\" gekennzeichnet sind:<\/p>\n\n\n\n<figure class=\"wp-block-table\" data-block-type=\"core\"><table><tbody><tr><td><strong>Bezeichnung (Frankreich)<\/strong><\/td><td><strong>d<\/strong><\/td><td><strong>D<\/strong><\/td><\/tr><tr><td><strong>Fein<\/strong><\/td><td><em>0<\/em><\/td><td><em>\u2264<\/em><em> 0.63<\/em><\/td><\/tr><tr><td><strong>Sand<\/strong><\/td><td><em>0<\/em><\/td><td><em>\u2264<\/em><em> 6.3<\/em><\/td><\/tr><tr><td><strong>Splitt<\/strong><\/td><td>\u2265<em> 2<\/em><\/td><td><em>\u2264 31.5<\/em><\/td><\/tr><tr><td><strong>Graves<\/strong><\/td><td><em>0<\/em><\/td><td><em>\u2264 100<\/em><\/td><\/tr><tr><td><strong>Kieselsteine<\/strong><\/td><td>\u2265 <em>20<\/em><\/td><td><em>\u2264 150<\/em><\/td><\/tr><\/tbody><\/table><\/figure>\n\n\n\n<p><\/p>\n<\/div>\n\n\n\n<h2 class=\"wp-block-heading\" data-block-type=\"core\"><strong><strong>WOZU DIENEN GRANULATE?<\/strong><\/strong><\/h2>\n\n\n\n<p>Gesteinsk\u00f6rnungen, also k\u00f6rnige Materialien mineralischen oder recycelten Ursprungs, spielen eine entscheidende Rolle beim Bau unserer bebauten Umwelt. Sie sind im Tiefbau, im Stra\u00dfenbau und in Geb\u00e4uden allgegenw\u00e4rtig und tragen zur Festigkeit, Haltbarkeit und Funktionalit\u00e4t unserer Infrastruktur und unserer Lebensr\u00e4ume bei.<\/p>\n\n\n\n<p>Die Gesteinsindustrie ist st\u00e4ndig bem\u00fcht, ihre Praktiken zu verbessern und einen verantwortungsvollen Umgang mit diesen wertvollen Ressourcen zu f\u00f6rdern.<\/p>\n\n\n\n<p>Seit fast einem Jahrhundert <a href=\"https:\/\/www.giron.fr\/de\/contact\/\">GIRON und seine Teams<\/a> arbeiten mit ihren Kunden bei der Absiebung von Materialien zusammen. Unsere Techniker beraten und bieten ein komplettes Sortiment an Siebmedien an, indem sie <a href=\"https:\/\/www.giron.fr\/de\/produits\/toiles-metalliques\/\">metallisch<\/a> und in <a href=\"https:\/\/www.giron.fr\/de\/produits\/polyurethane-tendu\/\">synthetisch<\/a>, damit unsere <strong>die angemessensten Kosten pro gesiebter Tonne zu erzielen,<\/strong>und dabei die Spezifikationen und Standards f\u00fcr die Verwendung ihrer Produkte einhalten.<\/p>\n\n\n\n<p>Gesteinsk\u00f6rnungen sind wichtige Materialien mit vielf\u00e4ltigen Anwendungsm\u00f6glichkeiten und einer entscheidenden Rolle beim Bau und bei der Gestaltung unserer Umwelt. Bei ihrer Herstellung und Verwendung m\u00fcssen jedoch die Grunds\u00e4tze der nachhaltigen Entwicklung beachtet, Recyclingl\u00f6sungen bevorzugt und die Umweltauswirkungen minimiert werden.<\/p>\n\n\n\n<div class=\"wp-block-buttons is-content-justification-center is-layout-flex wp-container-core-buttons-is-layout-1 wp-block-buttons-is-layout-flex\" data-block-type=\"core\">\n<div class=\"wp-block-button has-custom-width wp-block-button__width-50\" data-aos=\"flip-up\" data-block-type=\"core\"><a class=\"wp-block-button__link wp-element-button\" href=\"https:\/\/www.unpg.fr\/le-granulat\/lusage-des-granulats\/\" target=\"_blank\" rel=\"noreferrer noopener\">MEHR \u00dcBER GRANULAT<\/a><\/div>\n<\/div>\n<\/div>","protected":false},"excerpt":{"rendered":"<p>Was ist ein Granulat? Eine Gesteinsk\u00f6rnung ist ein k\u00f6rniges Material, das aus Mineralien oder recyceltem [...].<\/p>","protected":false},"author":3,"featured_media":0,"parent":0,"menu_order":0,"comment_status":"closed","ping_status":"closed","template":"","meta":{"_acf_changed":false,"footnotes":""},"class_list":["post-23","page","type-page","status-publish","hentry"],"acf":[],"yoast_head":"<!-- This site is optimized with the Yoast SEO plugin v23.4 - https:\/\/yoast.com\/wordpress\/plugins\/seo\/ -->\n<title>LES GRANULATS - Giron<\/title>\n<meta name=\"description\" content=\"Un granulat est un mat\u00e9riau granulaire, d&#039;origine min\u00e9rale ou recycl\u00e9e, principalement utilis\u00e9 dans le secteur du BTP.\" \/>\n<meta name=\"robots\" content=\"noindex, follow, max-snippet:-1, max-image-preview:large, max-video-preview:-1\" \/>\n<meta property=\"og:locale\" content=\"de_DE\" \/>\n<meta property=\"og:type\" content=\"article\" \/>\n<meta property=\"og:title\" content=\"LES GRANULATS - Giron\" \/>\n<meta property=\"og:description\" content=\"Un granulat est un mat\u00e9riau granulaire, d&#039;origine min\u00e9rale ou recycl\u00e9e, principalement utilis\u00e9 dans le secteur du BTP.\" \/>\n<meta property=\"og:url\" content=\"https:\/\/www.giron.fr\/de\/granulats\/\" \/>\n<meta property=\"og:site_name\" content=\"Giron\" \/>\n<meta property=\"article:modified_time\" content=\"2024-09-23T11:52:32+00:00\" \/>\n<meta property=\"og:image\" content=\"https:\/\/www.giron.fr\/wp-content\/uploads\/2024\/06\/Banniere-Linkedin-1-1024x173.png\" \/>\n<meta name=\"twitter:card\" content=\"summary_large_image\" \/>\n<meta name=\"twitter:label1\" content=\"Est. reading time\" \/>\n\t<meta name=\"twitter:data1\" content=\"5 minutes\" \/>\n<script type=\"application\/ld+json\" class=\"yoast-schema-graph\">{\"@context\":\"https:\/\/schema.org\",\"@graph\":[{\"@type\":\"WebPage\",\"@id\":\"https:\/\/www.giron.fr\/granulats\/\",\"url\":\"https:\/\/www.giron.fr\/granulats\/\",\"name\":\"LES GRANULATS - Giron\",\"isPartOf\":{\"@id\":\"https:\/\/www.giron.fr\/#website\"},\"primaryImageOfPage\":{\"@id\":\"https:\/\/www.giron.fr\/granulats\/#primaryimage\"},\"image\":{\"@id\":\"https:\/\/www.giron.fr\/granulats\/#primaryimage\"},\"thumbnailUrl\":\"https:\/\/www.giron.fr\/wp-content\/uploads\/2024\/06\/Banniere-Linkedin-1-1024x173.png\",\"datePublished\":\"2024-04-29T09:24:10+00:00\",\"dateModified\":\"2024-09-23T11:52:32+00:00\",\"description\":\"Un granulat est un mat\u00e9riau granulaire, d'origine min\u00e9rale ou recycl\u00e9e, principalement utilis\u00e9 dans le secteur du BTP.\",\"breadcrumb\":{\"@id\":\"https:\/\/www.giron.fr\/granulats\/#breadcrumb\"},\"inLanguage\":\"de-DE\",\"potentialAction\":[{\"@type\":\"ReadAction\",\"target\":[\"https:\/\/www.giron.fr\/granulats\/\"]}]},{\"@type\":\"ImageObject\",\"inLanguage\":\"de-DE\",\"@id\":\"https:\/\/www.giron.fr\/granulats\/#primaryimage\",\"url\":\"https:\/\/www.giron.fr\/wp-content\/uploads\/2024\/06\/Banniere-Linkedin-1-1024x173.png\",\"contentUrl\":\"https:\/\/www.giron.fr\/wp-content\/uploads\/2024\/06\/Banniere-Linkedin-1-1024x173.png\"},{\"@type\":\"BreadcrumbList\",\"@id\":\"https:\/\/www.giron.fr\/granulats\/#breadcrumb\",\"itemListElement\":[{\"@type\":\"ListItem\",\"position\":1,\"name\":\"Home\",\"item\":\"https:\/\/www.giron.fr\/\"},{\"@type\":\"ListItem\",\"position\":2,\"name\":\"LES GRANULATS\"}]},{\"@type\":\"WebSite\",\"@id\":\"https:\/\/www.giron.fr\/#website\",\"url\":\"https:\/\/www.giron.fr\/\",\"name\":\"Giron\",\"description\":\"Fabricant fran\u00e7ais de toile de criblage en acier et polyur\u00e9thane\",\"publisher\":{\"@id\":\"https:\/\/www.giron.fr\/#organization\"},\"potentialAction\":[{\"@type\":\"SearchAction\",\"target\":{\"@type\":\"EntryPoint\",\"urlTemplate\":\"https:\/\/www.giron.fr\/?s={search_term_string}\"},\"query-input\":{\"@type\":\"PropertyValueSpecification\",\"valueRequired\":true,\"valueName\":\"search_term_string\"}}],\"inLanguage\":\"de-DE\"},{\"@type\":\"Organization\",\"@id\":\"https:\/\/www.giron.fr\/#organization\",\"name\":\"Giron\",\"url\":\"https:\/\/www.giron.fr\/\",\"logo\":{\"@type\":\"ImageObject\",\"inLanguage\":\"de-DE\",\"@id\":\"https:\/\/www.giron.fr\/#\/schema\/logo\/image\/\",\"url\":\"https:\/\/www.giron.fr\/wp-content\/uploads\/2024\/07\/Logo-Giron-Baseline-FR.png\",\"contentUrl\":\"https:\/\/www.giron.fr\/wp-content\/uploads\/2024\/07\/Logo-Giron-Baseline-FR.png\",\"width\":1772,\"height\":591,\"caption\":\"Giron\"},\"image\":{\"@id\":\"https:\/\/www.giron.fr\/#\/schema\/logo\/image\/\"}}]}<\/script>\n<!-- \/ Yoast SEO plugin. -->","yoast_head_json":{"title":"LES GRANULATS - Giron","description":"Un granulat est un mat\u00e9riau granulaire, d'origine min\u00e9rale ou recycl\u00e9e, principalement utilis\u00e9 dans le secteur du BTP.","robots":{"index":"noindex","follow":"follow","max-snippet":"max-snippet:-1","max-image-preview":"max-image-preview:large","max-video-preview":"max-video-preview:-1"},"og_locale":"de_DE","og_type":"article","og_title":"LES GRANULATS - Giron","og_description":"Un granulat est un mat\u00e9riau granulaire, d'origine min\u00e9rale ou recycl\u00e9e, principalement utilis\u00e9 dans le secteur du BTP.","og_url":"https:\/\/www.giron.fr\/de\/granulats\/","og_site_name":"Giron","article_modified_time":"2024-09-23T11:52:32+00:00","og_image":[{"url":"https:\/\/www.giron.fr\/wp-content\/uploads\/2024\/06\/Banniere-Linkedin-1-1024x173.png"}],"twitter_card":"summary_large_image","twitter_misc":{"Est. reading time":"5 minutes"},"schema":{"@context":"https:\/\/schema.org","@graph":[{"@type":"WebPage","@id":"https:\/\/www.giron.fr\/granulats\/","url":"https:\/\/www.giron.fr\/granulats\/","name":"LES GRANULATS - Giron","isPartOf":{"@id":"https:\/\/www.giron.fr\/#website"},"primaryImageOfPage":{"@id":"https:\/\/www.giron.fr\/granulats\/#primaryimage"},"image":{"@id":"https:\/\/www.giron.fr\/granulats\/#primaryimage"},"thumbnailUrl":"https:\/\/www.giron.fr\/wp-content\/uploads\/2024\/06\/Banniere-Linkedin-1-1024x173.png","datePublished":"2024-04-29T09:24:10+00:00","dateModified":"2024-09-23T11:52:32+00:00","description":"Un granulat est un mat\u00e9riau granulaire, d'origine min\u00e9rale ou recycl\u00e9e, principalement utilis\u00e9 dans le secteur du BTP.","breadcrumb":{"@id":"https:\/\/www.giron.fr\/granulats\/#breadcrumb"},"inLanguage":"de-DE","potentialAction":[{"@type":"ReadAction","target":["https:\/\/www.giron.fr\/granulats\/"]}]},{"@type":"ImageObject","inLanguage":"de-DE","@id":"https:\/\/www.giron.fr\/granulats\/#primaryimage","url":"https:\/\/www.giron.fr\/wp-content\/uploads\/2024\/06\/Banniere-Linkedin-1-1024x173.png","contentUrl":"https:\/\/www.giron.fr\/wp-content\/uploads\/2024\/06\/Banniere-Linkedin-1-1024x173.png"},{"@type":"BreadcrumbList","@id":"https:\/\/www.giron.fr\/granulats\/#breadcrumb","itemListElement":[{"@type":"ListItem","position":1,"name":"Home","item":"https:\/\/www.giron.fr\/"},{"@type":"ListItem","position":2,"name":"LES GRANULATS"}]},{"@type":"WebSite","@id":"https:\/\/www.giron.fr\/#website","url":"https:\/\/www.giron.fr\/","name":"Giron","description":"Fabricant fran\u00e7ais de toile de criblage en acier et polyur\u00e9thane","publisher":{"@id":"https:\/\/www.giron.fr\/#organization"},"potentialAction":[{"@type":"SearchAction","target":{"@type":"EntryPoint","urlTemplate":"https:\/\/www.giron.fr\/?s={search_term_string}"},"query-input":{"@type":"PropertyValueSpecification","valueRequired":true,"valueName":"search_term_string"}}],"inLanguage":"de-DE"},{"@type":"Organization","@id":"https:\/\/www.giron.fr\/#organization","name":"Giron","url":"https:\/\/www.giron.fr\/","logo":{"@type":"ImageObject","inLanguage":"de-DE","@id":"https:\/\/www.giron.fr\/#\/schema\/logo\/image\/","url":"https:\/\/www.giron.fr\/wp-content\/uploads\/2024\/07\/Logo-Giron-Baseline-FR.png","contentUrl":"https:\/\/www.giron.fr\/wp-content\/uploads\/2024\/07\/Logo-Giron-Baseline-FR.png","width":1772,"height":591,"caption":"Giron"},"image":{"@id":"https:\/\/www.giron.fr\/#\/schema\/logo\/image\/"}}]}},"_links":{"self":[{"href":"https:\/\/www.giron.fr\/de\/wp-json\/wp\/v2\/pages\/23"}],"collection":[{"href":"https:\/\/www.giron.fr\/de\/wp-json\/wp\/v2\/pages"}],"about":[{"href":"https:\/\/www.giron.fr\/de\/wp-json\/wp\/v2\/types\/page"}],"author":[{"embeddable":true,"href":"https:\/\/www.giron.fr\/de\/wp-json\/wp\/v2\/users\/3"}],"replies":[{"embeddable":true,"href":"https:\/\/www.giron.fr\/de\/wp-json\/wp\/v2\/comments?post=23"}],"version-history":[{"count":16,"href":"https:\/\/www.giron.fr\/de\/wp-json\/wp\/v2\/pages\/23\/revisions"}],"predecessor-version":[{"id":2031,"href":"https:\/\/www.giron.fr\/de\/wp-json\/wp\/v2\/pages\/23\/revisions\/2031"}],"wp:attachment":[{"href":"https:\/\/www.giron.fr\/de\/wp-json\/wp\/v2\/media?parent=23"}],"curies":[{"name":"wp","href":"https:\/\/api.w.org\/{rel}","templated":true}]}}