{"id":91,"date":"2024-04-29T12:04:57","date_gmt":"2024-04-29T10:04:57","guid":{"rendered":"https:\/\/www.giron.fr\/?page_id=91"},"modified":"2024-08-30T16:59:47","modified_gmt":"2024-08-30T14:59:47","slug":"mentions-legales","status":"publish","type":"page","link":"https:\/\/www.giron.fr\/de\/mentions-legales\/","title":{"rendered":"Rechtliche Hinweise"},"content":{"rendered":"<div class=\"wp-block-columns is-layout-flex wp-container-core-columns-is-layout-1 wp-block-columns-is-layout-flex\" data-block-type=\"core\">\n<div class=\"wp-block-column has-global-padding is-layout-constrained wp-block-column-is-layout-constrained\" data-block-type=\"core\">\n<p>Gem\u00e4\u00df den Bestimmungen des Gesetzes Nr. 2004-575 vom 21. Juni 2004 \u00fcber das Vertrauen in die digitale Wirtschaft wird den Nutzern und Besuchern, im Folgenden \"Nutzer\" genannt, Folgendes zur Kenntnis gegeben <strong>Benutzer<\/strong>der Website giron.fr , im Folgenden der <strong>Website<\/strong>Bitte beachten Sie, dass Sie die vorliegenden rechtlichen Hinweise beachten m\u00fcssen.<\/p>\n\n\n\n<p>Die Verbindung und Navigation auf der Website durch den Nutzer setzt die vollst\u00e4ndige und vorbehaltlose Annahme der vorliegenden rechtlichen Hinweise voraus.<\/p>\n\n\n\n<p>Diese sind auf der Website unter der Rubrik <strong>Rechtliche Hinweise.<\/strong><\/p>\n\n\n\n<h2 class=\"wp-block-heading\" data-block-type=\"core\">SEITENBEARBEITUNG<\/h2>\n\n\n\n<p>Die Herausgabe der Website erfolgt durch die Firma Giron, SAS mit einem Kapital von 209484 Euro, eingetragen im Handels- und Gesellschaftsregister von Poitiers unter der Nummer 826220154 mit Sitz in 11 RUE LOUIS BLERIOT 86100 CHATELLERAULT,<\/p>\n\n\n\n<p><strong>Telefonnummer :<\/strong> 0549210322<\/p>\n\n\n\n<p><strong>E-Mail-Adresse :<\/strong> info@giron.fr<\/p>\n\n\n\n<p><strong>Innergemeinschaftliche Umsatzsteuer-Identifikationsnummer :<\/strong> DE74826220154<\/p>\n\n\n\n<p><strong>Leiter der Ver\u00f6ffentlichung : <\/strong>Nicolas Charri\u00e8re<\/p>\n\n\n\n<p>im Folgenden <strong>der Herausgeber<\/strong>.<\/p>\n\n\n\n<h2 class=\"wp-block-heading\" data-block-type=\"core\">DESIGNER<\/h2>\n\n\n\n<p>Das Design und die Entwicklung der Website wurden von der Firma Agence AND, einem Mitglied der Kommunikationsgruppe Booom Factory, mit Sitz in der Cit\u00e9 Num\u00e9rique , 2 rue Marc Sangnier, 33130 B\u00e8gles, durchgef\u00fchrt.<\/p>\n\n\n\n<h2 class=\"wp-block-heading\" data-block-type=\"core\">HEBERGEUR<\/h2>\n\n\n\n<p>Der Host der Website ist das Unternehmen Numlog mit Sitz in 9 T ROUTE DE SAINT-GERMAIN 78640 VILLIERS-SAINT-FREDERIC .<\/p>\n\n\n\n<h2 class=\"wp-block-heading\" data-block-type=\"core\">ZUGANG ZUM STANDORT<\/h2>\n\n\n\n<p>Die Website ist f\u00fcr den Nutzer normalerweise jederzeit zug\u00e4nglich. Der Herausgeber kann die Website jedoch jederzeit aussetzen, einschr\u00e4nken oder unterbrechen, um insbesondere Aktualisierungen oder \u00c4nderungen an ihrem Inhalt vorzunehmen. Der Herausgeber kann in keinem Fall f\u00fcr die m\u00f6glichen Folgen dieser Nichtverf\u00fcgbarkeit auf die Aktivit\u00e4ten des Nutzers haftbar gemacht werden.<\/p>\n\n\n\n<h2 class=\"wp-block-heading\" data-block-type=\"core\">DATENSAMMLUNG<\/h2>\n\n\n\n<p>Die Website sichert dem Nutzer eine Sammlung und Verarbeitung personenbezogener Daten unter Wahrung der Privatsph\u00e4re gem\u00e4\u00df dem Gesetz Nr. 78-17 vom 6. Januar 1978 \u00fcber Informatik, Dateien und Freiheiten und unter Einhaltung der geltenden Vorschriften \u00fcber die Verarbeitung personenbezogener Daten gem\u00e4\u00df der Verordnung (EU) 2016\/679 des Europ\u00e4ischen Parlaments und des Rates vom 27. April 2016 (im Folgenden zusammen die <strong>Anwendbare Vorschriften zum Schutz personenbezogener Daten)<\/strong>.<\/p>\n\n\n\n<p>Gem\u00e4\u00df den geltenden Vorschriften zum Schutz personenbezogener Daten hat der Nutzer das Recht, auf seine personenbezogenen Daten zuzugreifen, sie zu berichtigen, zu l\u00f6schen und ihnen zu widersprechen. Der Nutzer kann dieses Recht aus\u00fcben:<\/p>\n\n\n\n<ul class=\"wp-block-list\" data-block-type=\"core\">\n<li data-block-type=\"core\">per E-Mail an die E-Mail-Adresse info@giron.fr<\/li>\n<\/ul>\n\n\n\n<p>Jede Nutzung, Vervielf\u00e4ltigung, Verbreitung, Vermarktung, \u00c4nderung der gesamten oder eines Teils der Website ohne ausdr\u00fcckliche Genehmigung des Herausgebers ist untersagt und kann zu rechtlichen Schritten und Verfolgungen f\u00fchren, wie sie in den geltenden Vorschriften vorgesehen sind.<\/p>\n<\/div>\n<\/div>","protected":false},"excerpt":{"rendered":"<p>Gem\u00e4\u00df den Bestimmungen des Gesetzes Nr. 2004-575 vom 21. Juni 2004 f\u00fcr das Vertrauen in die digitale Wirtschaft wird [...].<\/p>","protected":false},"author":1,"featured_media":0,"parent":0,"menu_order":0,"comment_status":"closed","ping_status":"closed","template":"","meta":{"_acf_changed":false,"footnotes":""},"class_list":["post-91","page","type-page","status-publish","hentry"],"acf":[],"yoast_head":"<!-- This site is optimized with the Yoast SEO plugin v23.4 - https:\/\/yoast.com\/wordpress\/plugins\/seo\/ -->\n<title>Mentions l\u00e9gales - Giron<\/title>\n<meta name=\"robots\" content=\"noindex, follow, max-snippet:-1, max-image-preview:large, max-video-preview:-1\" \/>\n<meta property=\"og:locale\" content=\"de_DE\" \/>\n<meta property=\"og:type\" content=\"article\" \/>\n<meta property=\"og:title\" content=\"Mentions l\u00e9gales - Giron\" \/>\n<meta property=\"og:description\" content=\"Conform\u00e9ment aux dispositions de la loi n\u00b02004-575 du 21 juin 2004 pour la Confiance en l\u2019\u00e9conomie num\u00e9rique, il est port\u00e9 [&hellip;]\" \/>\n<meta property=\"og:url\" content=\"https:\/\/www.giron.fr\/de\/mentions-legales\/\" \/>\n<meta property=\"og:site_name\" content=\"Giron\" \/>\n<meta property=\"article:modified_time\" content=\"2024-08-30T14:59:47+00:00\" \/>\n<meta name=\"twitter:card\" content=\"summary_large_image\" \/>\n<meta name=\"twitter:label1\" content=\"Est. reading time\" \/>\n\t<meta name=\"twitter:data1\" content=\"3 minutes\" \/>\n<script type=\"application\/ld+json\" class=\"yoast-schema-graph\">{\"@context\":\"https:\/\/schema.org\",\"@graph\":[{\"@type\":\"WebPage\",\"@id\":\"https:\/\/www.giron.fr\/mentions-legales\/\",\"url\":\"https:\/\/www.giron.fr\/mentions-legales\/\",\"name\":\"Mentions l\u00e9gales - Giron\",\"isPartOf\":{\"@id\":\"https:\/\/www.giron.fr\/#website\"},\"datePublished\":\"2024-04-29T10:04:57+00:00\",\"dateModified\":\"2024-08-30T14:59:47+00:00\",\"breadcrumb\":{\"@id\":\"https:\/\/www.giron.fr\/mentions-legales\/#breadcrumb\"},\"inLanguage\":\"de-DE\",\"potentialAction\":[{\"@type\":\"ReadAction\",\"target\":[\"https:\/\/www.giron.fr\/mentions-legales\/\"]}]},{\"@type\":\"BreadcrumbList\",\"@id\":\"https:\/\/www.giron.fr\/mentions-legales\/#breadcrumb\",\"itemListElement\":[{\"@type\":\"ListItem\",\"position\":1,\"name\":\"Home\",\"item\":\"https:\/\/www.giron.fr\/\"},{\"@type\":\"ListItem\",\"position\":2,\"name\":\"Mentions l\u00e9gales\"}]},{\"@type\":\"WebSite\",\"@id\":\"https:\/\/www.giron.fr\/#website\",\"url\":\"https:\/\/www.giron.fr\/\",\"name\":\"Giron\",\"description\":\"Fabricant fran\u00e7ais de toile de criblage en acier et polyur\u00e9thane\",\"publisher\":{\"@id\":\"https:\/\/www.giron.fr\/#organization\"},\"potentialAction\":[{\"@type\":\"SearchAction\",\"target\":{\"@type\":\"EntryPoint\",\"urlTemplate\":\"https:\/\/www.giron.fr\/?s={search_term_string}\"},\"query-input\":{\"@type\":\"PropertyValueSpecification\",\"valueRequired\":true,\"valueName\":\"search_term_string\"}}],\"inLanguage\":\"de-DE\"},{\"@type\":\"Organization\",\"@id\":\"https:\/\/www.giron.fr\/#organization\",\"name\":\"Giron\",\"url\":\"https:\/\/www.giron.fr\/\",\"logo\":{\"@type\":\"ImageObject\",\"inLanguage\":\"de-DE\",\"@id\":\"https:\/\/www.giron.fr\/#\/schema\/logo\/image\/\",\"url\":\"https:\/\/www.giron.fr\/wp-content\/uploads\/2024\/07\/Logo-Giron-Baseline-FR.png\",\"contentUrl\":\"https:\/\/www.giron.fr\/wp-content\/uploads\/2024\/07\/Logo-Giron-Baseline-FR.png\",\"width\":1772,\"height\":591,\"caption\":\"Giron\"},\"image\":{\"@id\":\"https:\/\/www.giron.fr\/#\/schema\/logo\/image\/\"}}]}<\/script>\n<!-- \/ Yoast SEO plugin. -->","yoast_head_json":{"title":"Mentions l\u00e9gales - Giron","robots":{"index":"noindex","follow":"follow","max-snippet":"max-snippet:-1","max-image-preview":"max-image-preview:large","max-video-preview":"max-video-preview:-1"},"og_locale":"de_DE","og_type":"article","og_title":"Mentions l\u00e9gales - Giron","og_description":"Conform\u00e9ment aux dispositions de la loi n\u00b02004-575 du 21 juin 2004 pour la Confiance en l\u2019\u00e9conomie num\u00e9rique, il est port\u00e9 [&hellip;]","og_url":"https:\/\/www.giron.fr\/de\/mentions-legales\/","og_site_name":"Giron","article_modified_time":"2024-08-30T14:59:47+00:00","twitter_card":"summary_large_image","twitter_misc":{"Est. reading time":"3 minutes"},"schema":{"@context":"https:\/\/schema.org","@graph":[{"@type":"WebPage","@id":"https:\/\/www.giron.fr\/mentions-legales\/","url":"https:\/\/www.giron.fr\/mentions-legales\/","name":"Mentions l\u00e9gales - Giron","isPartOf":{"@id":"https:\/\/www.giron.fr\/#website"},"datePublished":"2024-04-29T10:04:57+00:00","dateModified":"2024-08-30T14:59:47+00:00","breadcrumb":{"@id":"https:\/\/www.giron.fr\/mentions-legales\/#breadcrumb"},"inLanguage":"de-DE","potentialAction":[{"@type":"ReadAction","target":["https:\/\/www.giron.fr\/mentions-legales\/"]}]},{"@type":"BreadcrumbList","@id":"https:\/\/www.giron.fr\/mentions-legales\/#breadcrumb","itemListElement":[{"@type":"ListItem","position":1,"name":"Home","item":"https:\/\/www.giron.fr\/"},{"@type":"ListItem","position":2,"name":"Mentions l\u00e9gales"}]},{"@type":"WebSite","@id":"https:\/\/www.giron.fr\/#website","url":"https:\/\/www.giron.fr\/","name":"Giron","description":"Fabricant fran\u00e7ais de toile de criblage en acier et polyur\u00e9thane","publisher":{"@id":"https:\/\/www.giron.fr\/#organization"},"potentialAction":[{"@type":"SearchAction","target":{"@type":"EntryPoint","urlTemplate":"https:\/\/www.giron.fr\/?s={search_term_string}"},"query-input":{"@type":"PropertyValueSpecification","valueRequired":true,"valueName":"search_term_string"}}],"inLanguage":"de-DE"},{"@type":"Organization","@id":"https:\/\/www.giron.fr\/#organization","name":"Giron","url":"https:\/\/www.giron.fr\/","logo":{"@type":"ImageObject","inLanguage":"de-DE","@id":"https:\/\/www.giron.fr\/#\/schema\/logo\/image\/","url":"https:\/\/www.giron.fr\/wp-content\/uploads\/2024\/07\/Logo-Giron-Baseline-FR.png","contentUrl":"https:\/\/www.giron.fr\/wp-content\/uploads\/2024\/07\/Logo-Giron-Baseline-FR.png","width":1772,"height":591,"caption":"Giron"},"image":{"@id":"https:\/\/www.giron.fr\/#\/schema\/logo\/image\/"}}]}},"_links":{"self":[{"href":"https:\/\/www.giron.fr\/de\/wp-json\/wp\/v2\/pages\/91"}],"collection":[{"href":"https:\/\/www.giron.fr\/de\/wp-json\/wp\/v2\/pages"}],"about":[{"href":"https:\/\/www.giron.fr\/de\/wp-json\/wp\/v2\/types\/page"}],"author":[{"embeddable":true,"href":"https:\/\/www.giron.fr\/de\/wp-json\/wp\/v2\/users\/1"}],"replies":[{"embeddable":true,"href":"https:\/\/www.giron.fr\/de\/wp-json\/wp\/v2\/comments?post=91"}],"version-history":[{"count":5,"href":"https:\/\/www.giron.fr\/de\/wp-json\/wp\/v2\/pages\/91\/revisions"}],"predecessor-version":[{"id":1999,"href":"https:\/\/www.giron.fr\/de\/wp-json\/wp\/v2\/pages\/91\/revisions\/1999"}],"wp:attachment":[{"href":"https:\/\/www.giron.fr\/de\/wp-json\/wp\/v2\/media?parent=91"}],"curies":[{"name":"wp","href":"https:\/\/api.w.org\/{rel}","templated":true}]}}