{"id":23,"date":"2024-04-29T11:24:10","date_gmt":"2024-04-29T09:24:10","guid":{"rendered":"https:\/\/www.giron.fr\/?page_id=23"},"modified":"2024-09-23T13:52:32","modified_gmt":"2024-09-23T11:52:32","slug":"granulats","status":"publish","type":"page","link":"https:\/\/www.giron.fr\/en\/granulats\/","title":{"rendered":"AGGREGATES"},"content":{"rendered":"<div class=\"wp-block-group has-global-padding is-layout-constrained wp-container-core-group-is-layout-2 wp-block-group-is-layout-constrained\" style=\"padding-right:var(--wp--preset--spacing--50);padding-left:var(--wp--preset--spacing--50)\" data-block-type=\"core\">\n<h2 class=\"wp-block-heading\" data-block-type=\"core\"><strong>WHAT IS AGGREGATE ?<\/strong><\/h2>\n\n\n\n<figure class=\"wp-block-image size-large\" data-block-type=\"core\"><img loading=\"lazy\" decoding=\"async\" width=\"1024\" height=\"173\" src=\"https:\/\/www.giron.fr\/wp-content\/uploads\/2024\/06\/Banniere-Linkedin-1-1024x173.png\" alt=\"\" class=\"wp-image-1479\" srcset=\"https:\/\/www.giron.fr\/wp-content\/uploads\/2024\/06\/Banniere-Linkedin-1-1024x173.png 1024w, https:\/\/www.giron.fr\/wp-content\/uploads\/2024\/06\/Banniere-Linkedin-1-300x51.png 300w, https:\/\/www.giron.fr\/wp-content\/uploads\/2024\/06\/Banniere-Linkedin-1-768x130.png 768w, https:\/\/www.giron.fr\/wp-content\/uploads\/2024\/06\/Banniere-Linkedin-1-18x3.png 18w, https:\/\/www.giron.fr\/wp-content\/uploads\/2024\/06\/Banniere-Linkedin-1.png 1128w\" sizes=\"(max-width: 1024px) 100vw, 1024px\" \/><\/figure>\n\n\n\n<p>Aggregate is a granular material, of mineral or recycled origin, with a size of between 0 and 125 mm. It is mainly used in the public works sector for the construction of structures (concrete, buildings, bridges) and infrastructure works (roads, motorways, railways).<\/p>\n\n\n\n<p>Aggregates are distinguished by their nature, shape and properties, which vary according to their geological origin and the production processes used. Aggregates are produced from :<\/p>\n\n\n\n<ul class=\"wp-block-list\" data-block-type=\"core\">\n<li data-block-type=\"core\">Loose or solid rock (glacial and marine alluvium, eruptive, volcanic, sedimentary and metamorphic rock)<\/li>\n\n\n\n<li data-block-type=\"core\">Coastal and alluvial sands and gravels<\/li>\n\n\n\n<li data-block-type=\"core\">Layers of sand and sandstone<\/li>\n<\/ul>\n\n\n\n<div class=\"wp-block-group has-custom-giron-gris-clair-background-color has-background has-global-padding is-layout-constrained wp-block-group-is-layout-constrained\" data-block-type=\"core\">\n<h3 class=\"wp-block-heading has-custom-giron-gris-clair-background-color has-background\" data-block-type=\"core\"><strong>The different types of aggregates :<\/strong><\/h3>\n\n\n\n<p class=\"has-custom-giron-gris-clair-background-color has-background\">To find out which aggregate family a mineral aggregate belongs to, you need to look at its d\/D granular class. The granular class, expressed as <strong>d\/D form,<\/strong> is a valuable indicator for determining the family to which an aggregate belongs. It represents the smallest dimension (d) and the largest dimension (D) of the grains making up the aggregate. By analysing the particle size distribution, i.e. the distribution of grains according to their size, it is possible to classify aggregates into different categories, each with its own specific properties and uses.<\/p>\n\n\n\n<div class=\"wp-block-media-text is-stacked-on-mobile\" style=\"grid-template-columns:25% auto\" data-block-type=\"core\"><figure class=\"wp-block-media-text__media\"><img loading=\"lazy\" decoding=\"async\" width=\"1024\" height=\"1024\" src=\"https:\/\/www.giron.fr\/wp-content\/uploads\/2024\/08\/GRANN.png\" alt=\"\" class=\"wp-image-1481 size-full\" srcset=\"https:\/\/www.giron.fr\/wp-content\/uploads\/2024\/08\/GRANN.png 1200w, https:\/\/www.giron.fr\/wp-content\/uploads\/2024\/08\/GRANN-300x300.png 300w, https:\/\/www.giron.fr\/wp-content\/uploads\/2024\/08\/GRANN-1024x1024.png 1024w, https:\/\/www.giron.fr\/wp-content\/uploads\/2024\/08\/GRANN-150x150.png 150w, https:\/\/www.giron.fr\/wp-content\/uploads\/2024\/08\/GRANN-768x768.png 768w, https:\/\/www.giron.fr\/wp-content\/uploads\/2024\/08\/GRANN-12x12.png 12w\" sizes=\"(max-width: 1024px) 100vw, 1024px\" \/><\/figure><div class=\"wp-block-media-text__content\">\n<p>Massive rock aggregates <strong>roches <\/strong>are an important category of aggregates used in the building and public works sector. They differ in origin and production method, giving these materials specific properties.<\/p>\n<\/div><\/div>\n\n\n\n<div class=\"wp-block-media-text has-media-on-the-right is-stacked-on-mobile\" style=\"grid-template-columns:auto 25%\" data-block-type=\"core\"><div class=\"wp-block-media-text__content\">\n<p><span style=\"caret-color: rgb(0, 0, 0); color: rgb(0, 0, 0); font-family: Aptos, sans-serif; white-space: normal;\">Aggregates <strong>alluvial<\/strong>, also known as loose rock aggregates or rolled aggregates, are characterised by their rounded shape and sedimentary origin. They represent an important category of aggregates used in construction and public works.<\/span><\/p>\n<\/div><figure class=\"wp-block-media-text__media\"><img loading=\"lazy\" decoding=\"async\" width=\"1024\" height=\"1024\" src=\"https:\/\/www.giron.fr\/wp-content\/uploads\/2024\/08\/GRAN.-.png\" alt=\"\" class=\"wp-image-1484 size-full\" srcset=\"https:\/\/www.giron.fr\/wp-content\/uploads\/2024\/08\/GRAN.-.png 1200w, https:\/\/www.giron.fr\/wp-content\/uploads\/2024\/08\/GRAN.--300x300.png 300w, https:\/\/www.giron.fr\/wp-content\/uploads\/2024\/08\/GRAN.--1024x1024.png 1024w, https:\/\/www.giron.fr\/wp-content\/uploads\/2024\/08\/GRAN.--150x150.png 150w, https:\/\/www.giron.fr\/wp-content\/uploads\/2024\/08\/GRAN.--768x768.png 768w, https:\/\/www.giron.fr\/wp-content\/uploads\/2024\/08\/GRAN.--12x12.png 12w\" sizes=\"(max-width: 1024px) 100vw, 1024px\" \/><\/figure><\/div>\n\n\n\n<div class=\"wp-block-media-text is-stacked-on-mobile\" style=\"grid-template-columns:25% auto\" data-block-type=\"core\"><figure class=\"wp-block-media-text__media\"><img loading=\"lazy\" decoding=\"async\" width=\"1024\" height=\"1024\" src=\"https:\/\/www.giron.fr\/wp-content\/uploads\/2024\/08\/GRANN-2.png\" alt=\"\" class=\"wp-image-1485 size-full\" srcset=\"https:\/\/www.giron.fr\/wp-content\/uploads\/2024\/08\/GRANN-2.png 1200w, https:\/\/www.giron.fr\/wp-content\/uploads\/2024\/08\/GRANN-2-300x300.png 300w, https:\/\/www.giron.fr\/wp-content\/uploads\/2024\/08\/GRANN-2-1024x1024.png 1024w, https:\/\/www.giron.fr\/wp-content\/uploads\/2024\/08\/GRANN-2-150x150.png 150w, https:\/\/www.giron.fr\/wp-content\/uploads\/2024\/08\/GRANN-2-768x768.png 768w, https:\/\/www.giron.fr\/wp-content\/uploads\/2024\/08\/GRANN-2-12x12.png 12w\" sizes=\"(max-width: 1024px) 100vw, 1024px\" \/><\/figure><div class=\"wp-block-media-text__content\">\n<p>Aggregates <strong>recycled<\/strong>, derived from the processing of used building materials, are a promising ecological solution to the environmental challenges facing the building and public works sector. They represent a sustainable alternative to natural aggregates while contributing to the circular economy.<\/p>\n<\/div><\/div>\n\n\n\n<div class=\"wp-block-media-text has-media-on-the-right is-stacked-on-mobile\" style=\"grid-template-columns:auto 25%\" data-block-type=\"core\"><div class=\"wp-block-media-text__content\">\n<p>Aggregates <strong>sailors<\/strong>, made up of siliceous and calcareous sands and gravels, represent a precious mineral resource buried in the seabed. Their increasing exploitation raises major environmental and social issues, which need to be considered alongside their advantages and applications in the building and public works sector.<\/p>\n<\/div><figure class=\"wp-block-media-text__media\"><img loading=\"lazy\" decoding=\"async\" width=\"1024\" height=\"1024\" src=\"https:\/\/www.giron.fr\/wp-content\/uploads\/2024\/08\/GRANNN.png\" alt=\"\" class=\"wp-image-1486 size-full\" srcset=\"https:\/\/www.giron.fr\/wp-content\/uploads\/2024\/08\/GRANNN.png 1200w, https:\/\/www.giron.fr\/wp-content\/uploads\/2024\/08\/GRANNN-300x300.png 300w, https:\/\/www.giron.fr\/wp-content\/uploads\/2024\/08\/GRANNN-1024x1024.png 1024w, https:\/\/www.giron.fr\/wp-content\/uploads\/2024\/08\/GRANNN-150x150.png 150w, https:\/\/www.giron.fr\/wp-content\/uploads\/2024\/08\/GRANNN-768x768.png 768w, https:\/\/www.giron.fr\/wp-content\/uploads\/2024\/08\/GRANNN-12x12.png 12w\" sizes=\"(max-width: 1024px) 100vw, 1024px\" \/><\/figure><\/div>\n\n\n\n<p>To be used, aggregates are classified according to their particle size. To do this, they undergo several treatments, such as crushing and, above all, screening, which enables the products to be graded and sorted by recoverable dimensional class, characterized by their smallest dimension (mm), known as \"d\", and their largest dimension, known as \"D\":<\/p>\n\n\n\n<figure class=\"wp-block-table\" data-block-type=\"core\"><table><tbody><tr><td><strong>Appellation (France)<\/strong><\/td><td><strong>d<\/strong><\/td><td><strong>D<\/strong><\/td><\/tr><tr><td><strong>Fine<\/strong><\/td><td><em>0<\/em><\/td><td><em>\u2264<\/em><em> 0.63<\/em><\/td><\/tr><tr><td><strong>Sand<\/strong><\/td><td><em>0<\/em><\/td><td><em>\u2264<\/em><em> 6.3<\/em><\/td><\/tr><tr><td><strong>Gravel<\/strong><\/td><td>\u2265<em> 2<\/em><\/td><td><em>\u2264 31.5<\/em><\/td><\/tr><tr><td><strong>Serious<\/strong><\/td><td><em>0<\/em><\/td><td><em>\u2264 100<\/em><\/td><\/tr><tr><td><strong>Pebbles<\/strong><\/td><td>\u2265 <em>20<\/em><\/td><td><em>\u2264 150<\/em><\/td><\/tr><\/tbody><\/table><\/figure>\n\n\n\n<p><\/p>\n<\/div>\n\n\n\n<h2 class=\"wp-block-heading\" data-block-type=\"core\"><strong><strong>WHAT ARE AGGREGATES USED FOR?<\/strong><\/strong><\/h2>\n\n\n\n<p>Aggregates - granular materials of mineral or recycled origin - play a crucial role in the construction of our built environment. They are omnipresent in civil engineering works, roadworks and buildings, contributing to the solidity, durability and functionality of our infrastructures and our homes.<\/p>\n\n\n\n<p>The aggregates industry is continually committed to improving its practices and promoting the responsible use of these precious resources.<\/p>\n\n\n\n<p>For almost a century, the <a href=\"https:\/\/www.giron.fr\/en\/contact\/\">GIRON and its teams<\/a> provides its customers with support for material screening operations. Our technicians advise and propose a complete range of screening media, including <a href=\"https:\/\/www.giron.fr\/en\/produits\/toiles-metalliques\/\">metal<\/a> and in <a href=\"https:\/\/www.giron.fr\/en\/produits\/polyurethane-tendu\/\">synthetic<\/a>, to enable our customers <strong>to obtain the most suitable cost per tonne screened,<\/strong>while respecting the specifications and standards of use of their products<\/p>\n\n\n\n<p>Aggregates are essential materials, with a wide range of applications and a crucial role in the construction and development of our environment. However, their production and use must respect the principles of sustainable development, giving priority to recycling solutions and minimising their environmental impact.<\/p>\n\n\n\n<div class=\"wp-block-buttons is-content-justification-center is-layout-flex wp-container-core-buttons-is-layout-1 wp-block-buttons-is-layout-flex\" data-block-type=\"core\">\n<div class=\"wp-block-button has-custom-width wp-block-button__width-50\" data-aos=\"flip-up\" data-block-type=\"core\"><a class=\"wp-block-button__link wp-element-button\" href=\"https:\/\/www.unpg.fr\/le-granulat\/lusage-des-granulats\/\" target=\"_blank\" rel=\"noreferrer noopener\">FIND OUT MORE ABOUT AGGREGATES<\/a><\/div>\n<\/div>\n<\/div>","protected":false},"excerpt":{"rendered":"<p>What are aggregates? An aggregate is a granular material, of mineral or recycled origin, whose size is [...].<\/p>","protected":false},"author":3,"featured_media":0,"parent":0,"menu_order":0,"comment_status":"closed","ping_status":"closed","template":"","meta":{"_acf_changed":false,"footnotes":""},"class_list":["post-23","page","type-page","status-publish","hentry"],"acf":[],"yoast_head":"<!-- This site is optimized with the Yoast SEO plugin v23.4 - https:\/\/yoast.com\/wordpress\/plugins\/seo\/ -->\n<title>LES GRANULATS - Giron<\/title>\n<meta name=\"description\" content=\"Un granulat est un mat\u00e9riau granulaire, d&#039;origine min\u00e9rale ou recycl\u00e9e, principalement utilis\u00e9 dans le secteur du BTP.\" \/>\n<meta name=\"robots\" content=\"noindex, follow, max-snippet:-1, max-image-preview:large, max-video-preview:-1\" \/>\n<meta property=\"og:locale\" content=\"en_US\" \/>\n<meta property=\"og:type\" content=\"article\" \/>\n<meta property=\"og:title\" content=\"LES GRANULATS - Giron\" \/>\n<meta property=\"og:description\" content=\"Un granulat est un mat\u00e9riau granulaire, d&#039;origine min\u00e9rale ou recycl\u00e9e, principalement utilis\u00e9 dans le secteur du BTP.\" \/>\n<meta property=\"og:url\" content=\"https:\/\/www.giron.fr\/en\/granulats\/\" \/>\n<meta property=\"og:site_name\" content=\"Giron\" \/>\n<meta property=\"article:modified_time\" content=\"2024-09-23T11:52:32+00:00\" \/>\n<meta property=\"og:image\" content=\"https:\/\/www.giron.fr\/wp-content\/uploads\/2024\/06\/Banniere-Linkedin-1-1024x173.png\" \/>\n<meta name=\"twitter:card\" content=\"summary_large_image\" \/>\n<meta name=\"twitter:label1\" content=\"Est. reading time\" \/>\n\t<meta name=\"twitter:data1\" content=\"5 minutes\" \/>\n<script type=\"application\/ld+json\" class=\"yoast-schema-graph\">{\"@context\":\"https:\/\/schema.org\",\"@graph\":[{\"@type\":\"WebPage\",\"@id\":\"https:\/\/www.giron.fr\/granulats\/\",\"url\":\"https:\/\/www.giron.fr\/granulats\/\",\"name\":\"LES GRANULATS - Giron\",\"isPartOf\":{\"@id\":\"https:\/\/www.giron.fr\/#website\"},\"primaryImageOfPage\":{\"@id\":\"https:\/\/www.giron.fr\/granulats\/#primaryimage\"},\"image\":{\"@id\":\"https:\/\/www.giron.fr\/granulats\/#primaryimage\"},\"thumbnailUrl\":\"https:\/\/www.giron.fr\/wp-content\/uploads\/2024\/06\/Banniere-Linkedin-1-1024x173.png\",\"datePublished\":\"2024-04-29T09:24:10+00:00\",\"dateModified\":\"2024-09-23T11:52:32+00:00\",\"description\":\"Un granulat est un mat\u00e9riau granulaire, d'origine min\u00e9rale ou recycl\u00e9e, principalement utilis\u00e9 dans le secteur du BTP.\",\"breadcrumb\":{\"@id\":\"https:\/\/www.giron.fr\/granulats\/#breadcrumb\"},\"inLanguage\":\"en-US\",\"potentialAction\":[{\"@type\":\"ReadAction\",\"target\":[\"https:\/\/www.giron.fr\/granulats\/\"]}]},{\"@type\":\"ImageObject\",\"inLanguage\":\"en-US\",\"@id\":\"https:\/\/www.giron.fr\/granulats\/#primaryimage\",\"url\":\"https:\/\/www.giron.fr\/wp-content\/uploads\/2024\/06\/Banniere-Linkedin-1-1024x173.png\",\"contentUrl\":\"https:\/\/www.giron.fr\/wp-content\/uploads\/2024\/06\/Banniere-Linkedin-1-1024x173.png\"},{\"@type\":\"BreadcrumbList\",\"@id\":\"https:\/\/www.giron.fr\/granulats\/#breadcrumb\",\"itemListElement\":[{\"@type\":\"ListItem\",\"position\":1,\"name\":\"Home\",\"item\":\"https:\/\/www.giron.fr\/\"},{\"@type\":\"ListItem\",\"position\":2,\"name\":\"LES GRANULATS\"}]},{\"@type\":\"WebSite\",\"@id\":\"https:\/\/www.giron.fr\/#website\",\"url\":\"https:\/\/www.giron.fr\/\",\"name\":\"Giron\",\"description\":\"Fabricant fran\u00e7ais de toile de criblage en acier et polyur\u00e9thane\",\"publisher\":{\"@id\":\"https:\/\/www.giron.fr\/#organization\"},\"potentialAction\":[{\"@type\":\"SearchAction\",\"target\":{\"@type\":\"EntryPoint\",\"urlTemplate\":\"https:\/\/www.giron.fr\/?s={search_term_string}\"},\"query-input\":{\"@type\":\"PropertyValueSpecification\",\"valueRequired\":true,\"valueName\":\"search_term_string\"}}],\"inLanguage\":\"en-US\"},{\"@type\":\"Organization\",\"@id\":\"https:\/\/www.giron.fr\/#organization\",\"name\":\"Giron\",\"url\":\"https:\/\/www.giron.fr\/\",\"logo\":{\"@type\":\"ImageObject\",\"inLanguage\":\"en-US\",\"@id\":\"https:\/\/www.giron.fr\/#\/schema\/logo\/image\/\",\"url\":\"https:\/\/www.giron.fr\/wp-content\/uploads\/2024\/07\/Logo-Giron-Baseline-FR.png\",\"contentUrl\":\"https:\/\/www.giron.fr\/wp-content\/uploads\/2024\/07\/Logo-Giron-Baseline-FR.png\",\"width\":1772,\"height\":591,\"caption\":\"Giron\"},\"image\":{\"@id\":\"https:\/\/www.giron.fr\/#\/schema\/logo\/image\/\"}}]}<\/script>\n<!-- \/ Yoast SEO plugin. -->","yoast_head_json":{"title":"LES GRANULATS - Giron","description":"Un granulat est un mat\u00e9riau granulaire, d'origine min\u00e9rale ou recycl\u00e9e, principalement utilis\u00e9 dans le secteur du BTP.","robots":{"index":"noindex","follow":"follow","max-snippet":"max-snippet:-1","max-image-preview":"max-image-preview:large","max-video-preview":"max-video-preview:-1"},"og_locale":"en_US","og_type":"article","og_title":"LES GRANULATS - Giron","og_description":"Un granulat est un mat\u00e9riau granulaire, d'origine min\u00e9rale ou recycl\u00e9e, principalement utilis\u00e9 dans le secteur du BTP.","og_url":"https:\/\/www.giron.fr\/en\/granulats\/","og_site_name":"Giron","article_modified_time":"2024-09-23T11:52:32+00:00","og_image":[{"url":"https:\/\/www.giron.fr\/wp-content\/uploads\/2024\/06\/Banniere-Linkedin-1-1024x173.png"}],"twitter_card":"summary_large_image","twitter_misc":{"Est. reading time":"5 minutes"},"schema":{"@context":"https:\/\/schema.org","@graph":[{"@type":"WebPage","@id":"https:\/\/www.giron.fr\/granulats\/","url":"https:\/\/www.giron.fr\/granulats\/","name":"LES GRANULATS - Giron","isPartOf":{"@id":"https:\/\/www.giron.fr\/#website"},"primaryImageOfPage":{"@id":"https:\/\/www.giron.fr\/granulats\/#primaryimage"},"image":{"@id":"https:\/\/www.giron.fr\/granulats\/#primaryimage"},"thumbnailUrl":"https:\/\/www.giron.fr\/wp-content\/uploads\/2024\/06\/Banniere-Linkedin-1-1024x173.png","datePublished":"2024-04-29T09:24:10+00:00","dateModified":"2024-09-23T11:52:32+00:00","description":"Un granulat est un mat\u00e9riau granulaire, d'origine min\u00e9rale ou recycl\u00e9e, principalement utilis\u00e9 dans le secteur du BTP.","breadcrumb":{"@id":"https:\/\/www.giron.fr\/granulats\/#breadcrumb"},"inLanguage":"en-US","potentialAction":[{"@type":"ReadAction","target":["https:\/\/www.giron.fr\/granulats\/"]}]},{"@type":"ImageObject","inLanguage":"en-US","@id":"https:\/\/www.giron.fr\/granulats\/#primaryimage","url":"https:\/\/www.giron.fr\/wp-content\/uploads\/2024\/06\/Banniere-Linkedin-1-1024x173.png","contentUrl":"https:\/\/www.giron.fr\/wp-content\/uploads\/2024\/06\/Banniere-Linkedin-1-1024x173.png"},{"@type":"BreadcrumbList","@id":"https:\/\/www.giron.fr\/granulats\/#breadcrumb","itemListElement":[{"@type":"ListItem","position":1,"name":"Home","item":"https:\/\/www.giron.fr\/"},{"@type":"ListItem","position":2,"name":"LES GRANULATS"}]},{"@type":"WebSite","@id":"https:\/\/www.giron.fr\/#website","url":"https:\/\/www.giron.fr\/","name":"Giron","description":"Fabricant fran\u00e7ais de toile de criblage en acier et polyur\u00e9thane","publisher":{"@id":"https:\/\/www.giron.fr\/#organization"},"potentialAction":[{"@type":"SearchAction","target":{"@type":"EntryPoint","urlTemplate":"https:\/\/www.giron.fr\/?s={search_term_string}"},"query-input":{"@type":"PropertyValueSpecification","valueRequired":true,"valueName":"search_term_string"}}],"inLanguage":"en-US"},{"@type":"Organization","@id":"https:\/\/www.giron.fr\/#organization","name":"Giron","url":"https:\/\/www.giron.fr\/","logo":{"@type":"ImageObject","inLanguage":"en-US","@id":"https:\/\/www.giron.fr\/#\/schema\/logo\/image\/","url":"https:\/\/www.giron.fr\/wp-content\/uploads\/2024\/07\/Logo-Giron-Baseline-FR.png","contentUrl":"https:\/\/www.giron.fr\/wp-content\/uploads\/2024\/07\/Logo-Giron-Baseline-FR.png","width":1772,"height":591,"caption":"Giron"},"image":{"@id":"https:\/\/www.giron.fr\/#\/schema\/logo\/image\/"}}]}},"_links":{"self":[{"href":"https:\/\/www.giron.fr\/en\/wp-json\/wp\/v2\/pages\/23"}],"collection":[{"href":"https:\/\/www.giron.fr\/en\/wp-json\/wp\/v2\/pages"}],"about":[{"href":"https:\/\/www.giron.fr\/en\/wp-json\/wp\/v2\/types\/page"}],"author":[{"embeddable":true,"href":"https:\/\/www.giron.fr\/en\/wp-json\/wp\/v2\/users\/3"}],"replies":[{"embeddable":true,"href":"https:\/\/www.giron.fr\/en\/wp-json\/wp\/v2\/comments?post=23"}],"version-history":[{"count":16,"href":"https:\/\/www.giron.fr\/en\/wp-json\/wp\/v2\/pages\/23\/revisions"}],"predecessor-version":[{"id":2031,"href":"https:\/\/www.giron.fr\/en\/wp-json\/wp\/v2\/pages\/23\/revisions\/2031"}],"wp:attachment":[{"href":"https:\/\/www.giron.fr\/en\/wp-json\/wp\/v2\/media?parent=23"}],"curies":[{"name":"wp","href":"https:\/\/api.w.org\/{rel}","templated":true}]}}