{"id":1278,"date":"2024-06-11T14:35:51","date_gmt":"2024-06-11T12:35:51","guid":{"rendered":"https:\/\/www.giron.fr\/?page_id=1278"},"modified":"2025-05-19T09:53:17","modified_gmt":"2025-05-19T07:53:17","slug":"developpement-durable","status":"publish","type":"page","link":"https:\/\/www.giron.fr\/es\/desarrollo-sostenible\/","title":{"rendered":"RSC EN GIR\u00d3N"},"content":{"rendered":"<div class=\"wp-block-group has-global-padding is-layout-constrained wp-block-group-is-layout-constrained\" data-block-type=\"core\">\n<figure class=\"wp-block-image aligncenter size-full is-resized\" data-block-type=\"core\"><img loading=\"lazy\" decoding=\"async\" width=\"1128\" height=\"191\" src=\"https:\/\/www.giron.fr\/wp-content\/uploads\/2024\/06\/Banniere-Linkedin.png\" alt=\"\" class=\"wp-image-1446\" style=\"width:1161px;height:auto\" srcset=\"https:\/\/www.giron.fr\/wp-content\/uploads\/2024\/06\/Banniere-Linkedin.png 1128w, https:\/\/www.giron.fr\/wp-content\/uploads\/2024\/06\/Banniere-Linkedin-300x51.png 300w, https:\/\/www.giron.fr\/wp-content\/uploads\/2024\/06\/Banniere-Linkedin-1024x173.png 1024w, https:\/\/www.giron.fr\/wp-content\/uploads\/2024\/06\/Banniere-Linkedin-768x130.png 768w, https:\/\/www.giron.fr\/wp-content\/uploads\/2024\/06\/Banniere-Linkedin-18x3.png 18w\" sizes=\"(max-width: 1128px) 100vw, 1128px\" \/><\/figure>\n\n\n\n<h2 class=\"wp-block-heading\" data-block-type=\"core\"><strong>Nuestro enfoque<\/strong><\/h2>\n\n\n\n<p>El \u00e9xito y el futuro del Grupo GIRON se basan en un enfoque voluntario y en compromisos en t\u00e9rminos de <strong>responsabilidad social y medioambiental.<\/strong><\/p>\n\n\n\n<p>Nuestro objetivo es fomentar el despliegue de los principios de RSE entre todas nuestras partes interesadas (empleados, proveedores, subcontratistas, clientes), bas\u00e1ndonos en una l\u00f3gica de mejora continua.<\/p>\n\n\n\n<p>Desde hace muchos a\u00f1os se llevan a cabo numerosas iniciativas, tanto internas como externas, para promover un impacto positivo en el medio ambiente. <strong>tres grandes pilares de la RSE:<\/strong><\/p>\n\n\n\n<ul class=\"wp-block-list\" data-block-type=\"core\">\n<li data-aos=\"fade-up\" data-block-type=\"core\"><strong>Environnement :<\/strong> Reducir nuestra huella de carbono, desarrollar soluciones ecol\u00f3gicas y fomentar la econom\u00eda circular.<\/li>\n\n\n\n<li data-block-type=\"core\"><strong>Social :<\/strong> Ofrecer un entorno de trabajo de calidad, fomentar la diversidad y apoyar a las comunidades locales.<\/li>\n\n\n\n<li data-aos=\"fade-up\" data-block-type=\"core\"><strong>Econom\u00eda :<\/strong> Garantizar nuestra sostenibilidad econ\u00f3mica, crear valor para nuestros clientes y perpetuar nuestro saber hacer, potenciado por nuestras patentes y etiquetas.<\/li>\n<\/ul>\n<\/div>\n\n\n\n<div style=\"height:6px\" aria-hidden=\"true\" class=\"wp-block-spacer\" data-block-type=\"core\"><\/div>\n\n\n\n<div class=\"wp-block-group has-custom-giron-gris-clair-background-color has-background has-global-padding is-layout-constrained wp-block-group-is-layout-constrained\" data-block-type=\"core\">\n<div style=\"height:12px\" aria-hidden=\"true\" class=\"wp-block-spacer\" data-block-type=\"core\"><\/div>\n\n\n\n<h3 class=\"wp-block-heading\" data-block-type=\"core\">\u00bfQu\u00e9 es la RSE?<\/h3>\n\n\n\n<p>La <strong>Responsabilidad social de las empresas (RSE)<\/strong> se refiere al compromiso de las empresas de integrar las cuestiones sociales, medioambientales y econ\u00f3micas en el centro de sus actividades.<\/p>\n\n\n\n<p>Esto significa reducir nuestro impacto ambiental, mejorar las condiciones de trabajo y contribuir activamente al bienestar de nuestras comunidades.<\/p>\n\n\n\n<p>El objetivo de la RSE es conciliar los resultados econ\u00f3micos con el respeto de los valores \u00e9ticos, allanando el camino hacia un futuro m\u00e1s responsable y respetuoso.<\/p>\n\n\n\n<hr class=\"wp-block-separator has-alpha-channel-opacity is-style-wide\">\n\n\n\n<p><\/p>\n<\/div>\n\n\n\n<div class=\"wp-block-group has-global-padding is-layout-constrained wp-block-group-is-layout-constrained\" data-block-type=\"core\">\n<h2 class=\"wp-block-heading has-text-align-center\" data-block-type=\"core\">algunos <strong>Acciones de RSE aplicadas por la empresa<\/strong><\/h2>\n\n\n\n<div class=\"wp-block-media-text alignwide has-media-on-the-right is-vertically-aligned-center\" style=\"grid-template-columns:auto 40%\" data-aos=\"flip-up\" data-block-type=\"core\"><div class=\"wp-block-media-text__content\">\n<p data-aos=\"flip-up\"><strong>Puesta en servicio de los paneles solares (enero de 2025) :<\/strong> En 2024, la empresa instal\u00f3 paneles solares con el objetivo de reducir su huella de carbono produciendo su propia electricidad a partir de una fuente de energ\u00eda renovable.<\/p>\n\n\n\n<p><strong>Reducci\u00f3n del consumo de energ\u00eda (a partir de 2021) :<\/strong> Giron optimiz\u00f3 los sistemas de iluminaci\u00f3n y calefacci\u00f3n\/refrigeraci\u00f3n, as\u00ed como la gesti\u00f3n de la puesta en marcha y el apagado de las m\u00e1quinas.<\/p>\n\n\n\n<p><strong>Reciclado de recortes de tela de criba (a partir de 2023) :<\/strong> Gracias al talento del artista David Vaucelle, Gir\u00f3n est\u00e1 reciclando sus pantallas de acero. Un encuentro inspirador en el festival \"L'art en vrac\" dio lugar a una colaboraci\u00f3n \u00fanica: transformar nuestros \"residuos\" industriales en magn\u00edficas obras de arte. David extrae regularmente la materia prima para sus creaciones directamente de nuestros talleres.<\/p>\n<\/div><figure class=\"wp-block-media-text__media\"><img loading=\"lazy\" decoding=\"async\" width=\"1024\" height=\"1024\" src=\"https:\/\/www.giron.fr\/wp-content\/uploads\/2024\/08\/ES-NRJ.png\" alt=\"\" class=\"wp-image-1447 size-full\" srcset=\"https:\/\/www.giron.fr\/wp-content\/uploads\/2024\/08\/ES-NRJ.png 1200w, https:\/\/www.giron.fr\/wp-content\/uploads\/2024\/08\/ES-NRJ-300x300.png 300w, https:\/\/www.giron.fr\/wp-content\/uploads\/2024\/08\/ES-NRJ-1024x1024.png 1024w, https:\/\/www.giron.fr\/wp-content\/uploads\/2024\/08\/ES-NRJ-150x150.png 150w, https:\/\/www.giron.fr\/wp-content\/uploads\/2024\/08\/ES-NRJ-768x768.png 768w, https:\/\/www.giron.fr\/wp-content\/uploads\/2024\/08\/ES-NRJ-12x12.png 12w\" sizes=\"(max-width: 1024px) 100vw, 1024px\" \/><\/figure><\/div>\n\n\n\n<div class=\"wp-block-media-text alignwide is-vertically-aligned-center\" style=\"grid-template-columns:40% auto\" data-aos=\"flip-up\" data-block-type=\"core\"><figure class=\"wp-block-media-text__media\"><img loading=\"lazy\" decoding=\"async\" width=\"1024\" height=\"1024\" src=\"https:\/\/www.giron.fr\/wp-content\/uploads\/2024\/08\/ES-collab.png\" alt=\"\" class=\"wp-image-1449 size-full\" srcset=\"https:\/\/www.giron.fr\/wp-content\/uploads\/2024\/08\/ES-collab.png 1200w, https:\/\/www.giron.fr\/wp-content\/uploads\/2024\/08\/ES-collab-300x300.png 300w, https:\/\/www.giron.fr\/wp-content\/uploads\/2024\/08\/ES-collab-1024x1024.png 1024w, https:\/\/www.giron.fr\/wp-content\/uploads\/2024\/08\/ES-collab-150x150.png 150w, https:\/\/www.giron.fr\/wp-content\/uploads\/2024\/08\/ES-collab-768x768.png 768w, https:\/\/www.giron.fr\/wp-content\/uploads\/2024\/08\/ES-collab-12x12.png 12w\" sizes=\"(max-width: 1024px) 100vw, 1024px\" \/><\/figure><div class=\"wp-block-media-text__content\">\n<p data-aos=\"flip-up\"><strong>Colaboraci\u00f3n con Deastance Services (desde 2021) :<\/strong> Giron ha recurrido a la empresa adaptada Deastance Services para redactar la secci\u00f3n de noticias de su sitio web. Al trabajar con esta empresa, Giron pretende apoyar la inclusi\u00f3n profesional de las personas con discapacidad.<\/p>\n\n\n\n<p><strong>Patrocinio del festival Jazzellerault (desde 1984):<\/strong> Giron apoya el festival local de jazz de Ch\u00e2tellerault, llamado Jazzellerault.<\/p>\n\n\n\n<p><strong>Patrocinio de equipos para el Trofeo 205 (2024 y 2025) :<\/strong> Giron apoya a un equipo que participa en el Trofeo 205 de automovilismo. Este patrocinio fomenta la creaci\u00f3n de eventos humanitarios y aumenta la visibilidad de la empresa.<\/p>\n\n\n\n<p><strong>Patrocinio de un equipo en el Rally Amazonia (2024):<\/strong> Giron apoya a un equipo en el Rallye des Amazones, un raid automovil\u00edstico femenino. Este apoyo contribuye a promover a las mujeres deportistas y a dar a conocer la empresa.<\/p>\n\n\n\n<p><strong>Patrocinio con varios mercados locales (2024) :<\/strong> Gir\u00f3n fomenta diversos mercados locales para promocionar la artesan\u00eda y los productos locales.<\/p>\n\n\n\n<p><strong>Patrocinio con L'Art en Vrac (desde 2023) :<\/strong> Giron apoya L'Art en Vrac, una asociaci\u00f3n local que promueve el arte contempor\u00e1neo.<\/p>\n\n\n\n<p><strong>Patrocinio de la \u00c9cole Nationale Sup\u00e9rieure d'Architecture et de Paysage de Burdeos (2024) :<\/strong> Giron apoy\u00f3 a los estudiantes en su proyecto Archi en Folie, presentado en los Juegos Ol\u00edmpicos y Paral\u00edmpicos de 2024. El proyecto consist\u00eda en construir pabellones ef\u00edmeros \u00fanicos a partir de diversos materiales. Para contribuir a este proyecto, Giron suministr\u00f3 las telas de cribado necesarias para construir esta innovadora demostraci\u00f3n arquitect\u00f3nica.<\/p>\n<\/div><\/div>\n\n\n\n<div class=\"wp-block-media-text alignwide has-media-on-the-right is-vertically-aligned-center\" style=\"grid-template-columns:auto 40%\" data-aos=\"flip-up\" data-block-type=\"core\"><div class=\"wp-block-media-text__content\">\n<p data-aos=\"flip-up\"><strong>Instalaci\u00f3n de colmenas en los locales de la empresa (desde 2023):<\/strong> Giron ha instalado colmenas en sus instalaciones para contribuir a preservar la biodiversidad de la zona. La miel producida se distribuye a los empleados.<\/p>\n\n\n\n<p><strong>Plantaci\u00f3n de nuevos arbustos (2024) : <\/strong>Giron est\u00e1 plantando nuevos arbustos de varias especies en sus instalaciones para preservar la biodiversidad y crear un entorno m\u00e1s agradable para sus empleados.<\/p>\n\n\n\n<p><strong>Deportes de empresa (desde 2022) :<\/strong> Giron fomenta el deporte de empresa apoyando a un equipo de tenis de mesa compuesto \u00edntegramente por miembros de la empresa. El equipo Giron participa en el campeonato de empresas organizado por el comit\u00e9 de tenis de mesa de Vienne y en los desaf\u00edos deportivos interempresas organizados por el Gran Poitiers.<\/p>\n<\/div><figure class=\"wp-block-media-text__media\"><img loading=\"lazy\" decoding=\"async\" width=\"1024\" height=\"1024\" src=\"https:\/\/www.giron.fr\/wp-content\/uploads\/2024\/08\/ES-ENVI.png\" alt=\"\" class=\"wp-image-1582 size-full\" srcset=\"https:\/\/www.giron.fr\/wp-content\/uploads\/2024\/08\/ES-ENVI.png 1200w, https:\/\/www.giron.fr\/wp-content\/uploads\/2024\/08\/ES-ENVI-300x300.png 300w, https:\/\/www.giron.fr\/wp-content\/uploads\/2024\/08\/ES-ENVI-1024x1024.png 1024w, https:\/\/www.giron.fr\/wp-content\/uploads\/2024\/08\/ES-ENVI-150x150.png 150w, https:\/\/www.giron.fr\/wp-content\/uploads\/2024\/08\/ES-ENVI-768x768.png 768w, https:\/\/www.giron.fr\/wp-content\/uploads\/2024\/08\/ES-ENVI-12x12.png 12w\" sizes=\"(max-width: 1024px) 100vw, 1024px\" \/><\/figure><\/div>\n\n\n\n<div style=\"height:46px\" aria-hidden=\"true\" class=\"wp-block-spacer\" data-block-type=\"core\"><\/div>\n\n\n\n<p>Estas acciones demuestran el compromiso de Gir\u00f3n con diversas cuestiones de RSE. La empresa participa en diversas iniciativas destinadas a reducir su impacto medioambiental, apoyar a las comunidades locales y promover el bienestar de sus empleados.<\/p>\n\n\n\n<div class=\"wp-block-file aligncenter\" data-block-type=\"core\"><a id=\"wp-block-file--media-7064fcf5-8c0f-4dea-b615-2c28a59fc5b2\" href=\"https:\/\/www.giron.fr\/wp-content\/uploads\/2025\/05\/Charte-RSE-GIRON-ES.pdf\">Carta de RSE de GIRON<\/a><a href=\"https:\/\/www.giron.fr\/wp-content\/uploads\/2025\/05\/Charte-RSE-GIRON-ES.pdf\" class=\"wp-block-file__button wp-element-button\" download aria-describedby=\"wp-block-file--media-7064fcf5-8c0f-4dea-b615-2c28a59fc5b2\">Consultar el documento<\/a><\/div>\n\n\n\n<p>Como parte de nuestro compromiso de reducir el impacto medioambiental de nuestras actividades, GIRON ha llevado a cabo su <strong>Informe sobre emisiones de gases de efecto invernadero<\/strong> (BEGES) en 2022. <\/p>\n\n\n\n<p>Esta herramienta nos ha permitido calcular nuestra huella de carbono e identificar nuestras mayores fuentes de emisiones para poder tomar medidas concretas para reducirlas.<\/p>\n\n\n\n<p>Haga clic aqu\u00ed para obtener m\u00e1s informaci\u00f3n sobre nuestro informe BEGES 2022, con un desglose de las emisiones por categor\u00eda de emisi\u00f3n: <\/p>\n\n\n\n<figure class=\"wp-block-image size-full\" data-block-type=\"core\"><img loading=\"lazy\" decoding=\"async\" width=\"1600\" height=\"900\" src=\"https:\/\/www.giron.fr\/wp-content\/uploads\/2025\/01\/LK-giron.png\" alt=\"Desglose de las emisiones por categor\u00eda de emisi\u00f3n - Gir\u00f3n\" class=\"wp-image-2061\" srcset=\"https:\/\/www.giron.fr\/wp-content\/uploads\/2025\/01\/LK-giron.png 1600w, https:\/\/www.giron.fr\/wp-content\/uploads\/2025\/01\/LK-giron-300x169.png 300w, https:\/\/www.giron.fr\/wp-content\/uploads\/2025\/01\/LK-giron-1024x576.png 1024w, https:\/\/www.giron.fr\/wp-content\/uploads\/2025\/01\/LK-giron-768x432.png 768w, https:\/\/www.giron.fr\/wp-content\/uploads\/2025\/01\/LK-giron-1536x864.png 1536w, https:\/\/www.giron.fr\/wp-content\/uploads\/2025\/01\/LK-giron-18x10.png 18w\" sizes=\"(max-width: 1600px) 100vw, 1600px\" \/><\/figure>\n\n\n\n<p>He aqu\u00ed nuestros objetivos de reducci\u00f3n, definidos siguiendo el BEGES 2022 :<\/p>\n\n\n\n<ul class=\"wp-block-list\" data-block-type=\"core\">\n<li data-block-type=\"core\"><strong>Invertir en maquinaria<\/strong> y herramientas para optimizar el uso de materias primas en nuestros procesos de fabricaci\u00f3n.<\/li>\n\n\n\n<li data-block-type=\"core\">Estudiar las diferentes opciones de<strong> materias primas para favorecer las m\u00e1s sostenibles.<\/strong><\/li>\n\n\n\n<li data-block-type=\"core\"><strong>Optimizar los contratos de mantenimiento y reparaci\u00f3n<\/strong> fomentando el mantenimiento preventivo y reduciendo la frecuencia de las intervenciones.<\/li>\n\n\n\n<li data-block-type=\"core\"><strong>Reciclado y valorizaci\u00f3n de residuos<\/strong> identificando compradores que puedan transformarlos en materias primas.<\/li>\n\n\n\n<li data-block-type=\"core\"><strong>Instalaci\u00f3n de paneles solares<\/strong> sustituir parte de nuestro consumo de combustibles f\u00f3siles por energ\u00edas renovables.<\/li>\n<\/ul>\n<\/div>\n\n\n\n<p><\/p>","protected":false},"excerpt":{"rendered":"<p>Nuestro enfoque El \u00e9xito y el futuro del Grupo GIRON se basan en un enfoque y unos compromisos voluntarios en materia de [...].<\/p>","protected":false},"author":3,"featured_media":0,"parent":0,"menu_order":0,"comment_status":"closed","ping_status":"closed","template":"","meta":{"_acf_changed":false,"footnotes":""},"class_list":["post-1278","page","type-page","status-publish","hentry"],"acf":[],"yoast_head":"<!-- This site is optimized with the Yoast SEO plugin v23.4 - https:\/\/yoast.com\/wordpress\/plugins\/seo\/ -->\n<title>RSE CHEZ GIRON - Giron<\/title>\n<meta name=\"description\" content=\"La r\u00e9ussite du groupe GIRON et son avenir s\u2019appuient sur une d\u00e9marche volontaire pour des engagements en mati\u00e8re de RSE. \u00a0\" \/>\n<meta name=\"robots\" content=\"noindex, follow, max-snippet:-1, max-image-preview:large, max-video-preview:-1\" \/>\n<meta property=\"og:locale\" content=\"es_ES\" \/>\n<meta property=\"og:type\" content=\"article\" \/>\n<meta property=\"og:title\" content=\"RSE CHEZ GIRON - Giron\" \/>\n<meta property=\"og:description\" content=\"La r\u00e9ussite du groupe GIRON et son avenir s\u2019appuient sur une d\u00e9marche volontaire pour des engagements en mati\u00e8re de RSE. \u00a0\" \/>\n<meta property=\"og:url\" content=\"https:\/\/www.giron.fr\/es\/desarrollo-sostenible\/\" \/>\n<meta property=\"og:site_name\" content=\"Giron\" \/>\n<meta property=\"article:modified_time\" content=\"2025-05-19T07:53:17+00:00\" \/>\n<meta property=\"og:image\" content=\"https:\/\/www.giron.fr\/wp-content\/uploads\/2024\/06\/Banniere-Linkedin.png\" \/>\n<meta name=\"twitter:card\" content=\"summary_large_image\" \/>\n<meta name=\"twitter:label1\" content=\"Est. reading time\" \/>\n\t<meta name=\"twitter:data1\" content=\"6 minutes\" \/>\n<script type=\"application\/ld+json\" class=\"yoast-schema-graph\">{\"@context\":\"https:\/\/schema.org\",\"@graph\":[{\"@type\":\"WebPage\",\"@id\":\"https:\/\/www.giron.fr\/developpement-durable\/\",\"url\":\"https:\/\/www.giron.fr\/developpement-durable\/\",\"name\":\"RSE CHEZ GIRON - Giron\",\"isPartOf\":{\"@id\":\"https:\/\/www.giron.fr\/#website\"},\"primaryImageOfPage\":{\"@id\":\"https:\/\/www.giron.fr\/developpement-durable\/#primaryimage\"},\"image\":{\"@id\":\"https:\/\/www.giron.fr\/developpement-durable\/#primaryimage\"},\"thumbnailUrl\":\"https:\/\/www.giron.fr\/wp-content\/uploads\/2024\/06\/Banniere-Linkedin.png\",\"datePublished\":\"2024-06-11T12:35:51+00:00\",\"dateModified\":\"2025-05-19T07:53:17+00:00\",\"description\":\"La r\u00e9ussite du groupe GIRON et son avenir s\u2019appuient sur une d\u00e9marche volontaire pour des engagements en mati\u00e8re de RSE. \u00a0\",\"breadcrumb\":{\"@id\":\"https:\/\/www.giron.fr\/developpement-durable\/#breadcrumb\"},\"inLanguage\":\"es-ES\",\"potentialAction\":[{\"@type\":\"ReadAction\",\"target\":[\"https:\/\/www.giron.fr\/developpement-durable\/\"]}]},{\"@type\":\"ImageObject\",\"inLanguage\":\"es-ES\",\"@id\":\"https:\/\/www.giron.fr\/developpement-durable\/#primaryimage\",\"url\":\"https:\/\/www.giron.fr\/wp-content\/uploads\/2024\/06\/Banniere-Linkedin.png\",\"contentUrl\":\"https:\/\/www.giron.fr\/wp-content\/uploads\/2024\/06\/Banniere-Linkedin.png\"},{\"@type\":\"BreadcrumbList\",\"@id\":\"https:\/\/www.giron.fr\/developpement-durable\/#breadcrumb\",\"itemListElement\":[{\"@type\":\"ListItem\",\"position\":1,\"name\":\"Home\",\"item\":\"https:\/\/www.giron.fr\/\"},{\"@type\":\"ListItem\",\"position\":2,\"name\":\"RSE CHEZ GIRON\"}]},{\"@type\":\"WebSite\",\"@id\":\"https:\/\/www.giron.fr\/#website\",\"url\":\"https:\/\/www.giron.fr\/\",\"name\":\"Giron\",\"description\":\"Fabricant fran\u00e7ais de toile de criblage en acier et polyur\u00e9thane\",\"publisher\":{\"@id\":\"https:\/\/www.giron.fr\/#organization\"},\"potentialAction\":[{\"@type\":\"SearchAction\",\"target\":{\"@type\":\"EntryPoint\",\"urlTemplate\":\"https:\/\/www.giron.fr\/?s={search_term_string}\"},\"query-input\":{\"@type\":\"PropertyValueSpecification\",\"valueRequired\":true,\"valueName\":\"search_term_string\"}}],\"inLanguage\":\"es-ES\"},{\"@type\":\"Organization\",\"@id\":\"https:\/\/www.giron.fr\/#organization\",\"name\":\"Giron\",\"url\":\"https:\/\/www.giron.fr\/\",\"logo\":{\"@type\":\"ImageObject\",\"inLanguage\":\"es-ES\",\"@id\":\"https:\/\/www.giron.fr\/#\/schema\/logo\/image\/\",\"url\":\"https:\/\/www.giron.fr\/wp-content\/uploads\/2024\/07\/Logo-Giron-Baseline-FR.png\",\"contentUrl\":\"https:\/\/www.giron.fr\/wp-content\/uploads\/2024\/07\/Logo-Giron-Baseline-FR.png\",\"width\":1772,\"height\":591,\"caption\":\"Giron\"},\"image\":{\"@id\":\"https:\/\/www.giron.fr\/#\/schema\/logo\/image\/\"}}]}<\/script>\n<!-- \/ Yoast SEO plugin. -->","yoast_head_json":{"title":"RSE CHEZ GIRON - Giron","description":"La r\u00e9ussite du groupe GIRON et son avenir s\u2019appuient sur une d\u00e9marche volontaire pour des engagements en mati\u00e8re de RSE. \u00a0","robots":{"index":"noindex","follow":"follow","max-snippet":"max-snippet:-1","max-image-preview":"max-image-preview:large","max-video-preview":"max-video-preview:-1"},"og_locale":"es_ES","og_type":"article","og_title":"RSE CHEZ GIRON - Giron","og_description":"La r\u00e9ussite du groupe GIRON et son avenir s\u2019appuient sur une d\u00e9marche volontaire pour des engagements en mati\u00e8re de RSE. \u00a0","og_url":"https:\/\/www.giron.fr\/es\/desarrollo-sostenible\/","og_site_name":"Giron","article_modified_time":"2025-05-19T07:53:17+00:00","og_image":[{"url":"https:\/\/www.giron.fr\/wp-content\/uploads\/2024\/06\/Banniere-Linkedin.png"}],"twitter_card":"summary_large_image","twitter_misc":{"Est. reading time":"6 minutes"},"schema":{"@context":"https:\/\/schema.org","@graph":[{"@type":"WebPage","@id":"https:\/\/www.giron.fr\/developpement-durable\/","url":"https:\/\/www.giron.fr\/developpement-durable\/","name":"RSE CHEZ GIRON - Giron","isPartOf":{"@id":"https:\/\/www.giron.fr\/#website"},"primaryImageOfPage":{"@id":"https:\/\/www.giron.fr\/developpement-durable\/#primaryimage"},"image":{"@id":"https:\/\/www.giron.fr\/developpement-durable\/#primaryimage"},"thumbnailUrl":"https:\/\/www.giron.fr\/wp-content\/uploads\/2024\/06\/Banniere-Linkedin.png","datePublished":"2024-06-11T12:35:51+00:00","dateModified":"2025-05-19T07:53:17+00:00","description":"La r\u00e9ussite du groupe GIRON et son avenir s\u2019appuient sur une d\u00e9marche volontaire pour des engagements en mati\u00e8re de RSE. \u00a0","breadcrumb":{"@id":"https:\/\/www.giron.fr\/developpement-durable\/#breadcrumb"},"inLanguage":"es-ES","potentialAction":[{"@type":"ReadAction","target":["https:\/\/www.giron.fr\/developpement-durable\/"]}]},{"@type":"ImageObject","inLanguage":"es-ES","@id":"https:\/\/www.giron.fr\/developpement-durable\/#primaryimage","url":"https:\/\/www.giron.fr\/wp-content\/uploads\/2024\/06\/Banniere-Linkedin.png","contentUrl":"https:\/\/www.giron.fr\/wp-content\/uploads\/2024\/06\/Banniere-Linkedin.png"},{"@type":"BreadcrumbList","@id":"https:\/\/www.giron.fr\/developpement-durable\/#breadcrumb","itemListElement":[{"@type":"ListItem","position":1,"name":"Home","item":"https:\/\/www.giron.fr\/"},{"@type":"ListItem","position":2,"name":"RSE CHEZ GIRON"}]},{"@type":"WebSite","@id":"https:\/\/www.giron.fr\/#website","url":"https:\/\/www.giron.fr\/","name":"Giron","description":"Fabricant fran\u00e7ais de toile de criblage en acier et polyur\u00e9thane","publisher":{"@id":"https:\/\/www.giron.fr\/#organization"},"potentialAction":[{"@type":"SearchAction","target":{"@type":"EntryPoint","urlTemplate":"https:\/\/www.giron.fr\/?s={search_term_string}"},"query-input":{"@type":"PropertyValueSpecification","valueRequired":true,"valueName":"search_term_string"}}],"inLanguage":"es-ES"},{"@type":"Organization","@id":"https:\/\/www.giron.fr\/#organization","name":"Giron","url":"https:\/\/www.giron.fr\/","logo":{"@type":"ImageObject","inLanguage":"es-ES","@id":"https:\/\/www.giron.fr\/#\/schema\/logo\/image\/","url":"https:\/\/www.giron.fr\/wp-content\/uploads\/2024\/07\/Logo-Giron-Baseline-FR.png","contentUrl":"https:\/\/www.giron.fr\/wp-content\/uploads\/2024\/07\/Logo-Giron-Baseline-FR.png","width":1772,"height":591,"caption":"Giron"},"image":{"@id":"https:\/\/www.giron.fr\/#\/schema\/logo\/image\/"}}]}},"_links":{"self":[{"href":"https:\/\/www.giron.fr\/es\/wp-json\/wp\/v2\/pages\/1278"}],"collection":[{"href":"https:\/\/www.giron.fr\/es\/wp-json\/wp\/v2\/pages"}],"about":[{"href":"https:\/\/www.giron.fr\/es\/wp-json\/wp\/v2\/types\/page"}],"author":[{"embeddable":true,"href":"https:\/\/www.giron.fr\/es\/wp-json\/wp\/v2\/users\/3"}],"replies":[{"embeddable":true,"href":"https:\/\/www.giron.fr\/es\/wp-json\/wp\/v2\/comments?post=1278"}],"version-history":[{"count":42,"href":"https:\/\/www.giron.fr\/es\/wp-json\/wp\/v2\/pages\/1278\/revisions"}],"predecessor-version":[{"id":2210,"href":"https:\/\/www.giron.fr\/es\/wp-json\/wp\/v2\/pages\/1278\/revisions\/2210"}],"wp:attachment":[{"href":"https:\/\/www.giron.fr\/es\/wp-json\/wp\/v2\/media?parent=1278"}],"curies":[{"name":"wp","href":"https:\/\/api.w.org\/{rel}","templated":true}]}}