{"id":1459,"date":"2024-06-25T18:09:14","date_gmt":"2024-06-25T16:09:14","guid":{"rendered":"https:\/\/www.giron.fr\/?page_id=1459"},"modified":"2025-05-02T10:32:53","modified_gmt":"2025-05-02T08:32:53","slug":"emploi","status":"publish","type":"page","link":"https:\/\/www.giron.fr\/es\/accueil\/emploi\/","title":{"rendered":"\u00daNETE A NOSOTROS"},"content":{"rendered":"<div class=\"wp-block-group has-global-padding is-layout-constrained wp-block-group-is-layout-constrained\" data-block-type=\"core\">\n<h2 class=\"wp-block-heading\" data-block-type=\"core\">Trabajo estimulante en el coraz\u00f3n de una empresa en movimiento<\/h2>\n\n\n\n<h3 class=\"wp-block-heading\" data-block-type=\"core\"><strong>Nuestro motor: la energ\u00eda colectiva<\/strong><\/h3>\n\n\n\n<p>Unirse a Giron es unirse a un grupo puntero en su sector, reconocido por su liderazgo e innovaci\u00f3n. Cada d\u00eda afrontamos los retos del tejido de pantallas, la innovaci\u00f3n, la transici\u00f3n energ\u00e9tica y la protecci\u00f3n del medio ambiente.<\/p>\n\n\n\n<p>Nuestro esp\u00edritu de equipo, la atenci\u00f3n que prestamos a nuestros empleados y nuestro compromiso de apoyar a nuestros clientes nos han impulsado siempre hacia la excelencia.<\/p>\n\n\n\n<p>Trabajar en Giron significa prosperar en un entorno de colaboraci\u00f3n en el que escuchar y compartir est\u00e1n en el centro de nuestras interacciones. Te unir\u00e1s a una empresa ambiciosa y solidaria que te anima a ir m\u00e1s all\u00e1 de tus l\u00edmites y te abre nuevas perspectivas, tanto en Francia como en el extranjero.<\/p>\n\n\n\n<p><strong>Si buscas un trabajo estimulante en una empresa de r\u00e1pido crecimiento, Giron es tu sitio.<\/strong><\/p>\n\n\n\n<div class=\"wp-block-buttons alignwide is-content-justification-center is-layout-flex wp-container-core-buttons-is-layout-1 wp-block-buttons-is-layout-flex\" data-block-type=\"core\">\n<div class=\"wp-block-button has-custom-width wp-block-button__width-100\" data-aos=\"flip-up\" data-block-type=\"core\"><a class=\"wp-block-button__link wp-element-button\" href=\"https:\/\/www.giron.fr\/es\/contact\/\" target=\"_blank\" rel=\"noreferrer noopener\">ENVIAR UNA SOLICITUD NO SOLICITADA<\/a><\/div>\n<\/div>\n<\/div>\n\n\n\n<p><\/p>","protected":false},"excerpt":{"rendered":"<p>Un trabajo estimulante en el coraz\u00f3n de una empresa en movimiento Nuestro motor: la energ\u00eda colectiva Unirse a Gir\u00f3n significa unirse a una [...]<\/p>","protected":false},"author":3,"featured_media":0,"parent":750,"menu_order":4,"comment_status":"closed","ping_status":"closed","template":"","meta":{"_acf_changed":false,"footnotes":""},"class_list":["post-1459","page","type-page","status-publish","hentry"],"acf":[],"yoast_head":"<!-- This site is optimized with the Yoast SEO plugin v23.4 - https:\/\/yoast.com\/wordpress\/plugins\/seo\/ -->\n<title>NOUS REJOINDRE - Giron<\/title>\n<meta name=\"description\" content=\"Rejoindre Giron, c&#039;est int\u00e9grer un groupe \u00e0 la pointe de son secteur, reconnu pour son leadership et son innovation.\" \/>\n<meta name=\"robots\" content=\"noindex, follow, max-snippet:-1, max-image-preview:large, max-video-preview:-1\" \/>\n<meta property=\"og:locale\" content=\"es_ES\" \/>\n<meta property=\"og:type\" content=\"article\" \/>\n<meta property=\"og:title\" content=\"NOUS REJOINDRE - Giron\" \/>\n<meta property=\"og:description\" content=\"Rejoindre Giron, c&#039;est int\u00e9grer un groupe \u00e0 la pointe de son secteur, reconnu pour son leadership et son innovation.\" \/>\n<meta property=\"og:url\" content=\"https:\/\/www.giron.fr\/es\/accueil\/emploi\/\" \/>\n<meta property=\"og:site_name\" content=\"Giron\" \/>\n<meta property=\"article:modified_time\" content=\"2025-05-02T08:32:53+00:00\" \/>\n<meta name=\"twitter:card\" content=\"summary_large_image\" \/>\n<meta name=\"twitter:label1\" content=\"Est. reading time\" \/>\n\t<meta name=\"twitter:data1\" content=\"1 minute\" \/>\n<script type=\"application\/ld+json\" class=\"yoast-schema-graph\">{\"@context\":\"https:\/\/schema.org\",\"@graph\":[{\"@type\":\"WebPage\",\"@id\":\"https:\/\/www.giron.fr\/accueil\/emploi\/\",\"url\":\"https:\/\/www.giron.fr\/accueil\/emploi\/\",\"name\":\"NOUS REJOINDRE - Giron\",\"isPartOf\":{\"@id\":\"https:\/\/www.giron.fr\/#website\"},\"datePublished\":\"2024-06-25T16:09:14+00:00\",\"dateModified\":\"2025-05-02T08:32:53+00:00\",\"description\":\"Rejoindre Giron, c'est int\u00e9grer un groupe \u00e0 la pointe de son secteur, reconnu pour son leadership et son innovation.\",\"breadcrumb\":{\"@id\":\"https:\/\/www.giron.fr\/accueil\/emploi\/#breadcrumb\"},\"inLanguage\":\"es-ES\",\"potentialAction\":[{\"@type\":\"ReadAction\",\"target\":[\"https:\/\/www.giron.fr\/accueil\/emploi\/\"]}]},{\"@type\":\"BreadcrumbList\",\"@id\":\"https:\/\/www.giron.fr\/accueil\/emploi\/#breadcrumb\",\"itemListElement\":[{\"@type\":\"ListItem\",\"position\":1,\"name\":\"Home\",\"item\":\"https:\/\/www.giron.fr\/\"},{\"@type\":\"ListItem\",\"position\":2,\"name\":\"Accueil\",\"item\":\"https:\/\/www.giron.fr\/\"},{\"@type\":\"ListItem\",\"position\":3,\"name\":\"NOUS REJOINDRE\"}]},{\"@type\":\"WebSite\",\"@id\":\"https:\/\/www.giron.fr\/#website\",\"url\":\"https:\/\/www.giron.fr\/\",\"name\":\"Giron\",\"description\":\"Fabricant fran\u00e7ais de toile de criblage en acier et polyur\u00e9thane\",\"publisher\":{\"@id\":\"https:\/\/www.giron.fr\/#organization\"},\"potentialAction\":[{\"@type\":\"SearchAction\",\"target\":{\"@type\":\"EntryPoint\",\"urlTemplate\":\"https:\/\/www.giron.fr\/?s={search_term_string}\"},\"query-input\":{\"@type\":\"PropertyValueSpecification\",\"valueRequired\":true,\"valueName\":\"search_term_string\"}}],\"inLanguage\":\"es-ES\"},{\"@type\":\"Organization\",\"@id\":\"https:\/\/www.giron.fr\/#organization\",\"name\":\"Giron\",\"url\":\"https:\/\/www.giron.fr\/\",\"logo\":{\"@type\":\"ImageObject\",\"inLanguage\":\"es-ES\",\"@id\":\"https:\/\/www.giron.fr\/#\/schema\/logo\/image\/\",\"url\":\"https:\/\/www.giron.fr\/wp-content\/uploads\/2024\/07\/Logo-Giron-Baseline-FR.png\",\"contentUrl\":\"https:\/\/www.giron.fr\/wp-content\/uploads\/2024\/07\/Logo-Giron-Baseline-FR.png\",\"width\":1772,\"height\":591,\"caption\":\"Giron\"},\"image\":{\"@id\":\"https:\/\/www.giron.fr\/#\/schema\/logo\/image\/\"}}]}<\/script>\n<!-- \/ Yoast SEO plugin. -->","yoast_head_json":{"title":"NOUS REJOINDRE - Giron","description":"Rejoindre Giron, c'est int\u00e9grer un groupe \u00e0 la pointe de son secteur, reconnu pour son leadership et son innovation.","robots":{"index":"noindex","follow":"follow","max-snippet":"max-snippet:-1","max-image-preview":"max-image-preview:large","max-video-preview":"max-video-preview:-1"},"og_locale":"es_ES","og_type":"article","og_title":"NOUS REJOINDRE - Giron","og_description":"Rejoindre Giron, c'est int\u00e9grer un groupe \u00e0 la pointe de son secteur, reconnu pour son leadership et son innovation.","og_url":"https:\/\/www.giron.fr\/es\/accueil\/emploi\/","og_site_name":"Giron","article_modified_time":"2025-05-02T08:32:53+00:00","twitter_card":"summary_large_image","twitter_misc":{"Est. reading time":"1 minute"},"schema":{"@context":"https:\/\/schema.org","@graph":[{"@type":"WebPage","@id":"https:\/\/www.giron.fr\/accueil\/emploi\/","url":"https:\/\/www.giron.fr\/accueil\/emploi\/","name":"NOUS REJOINDRE - Giron","isPartOf":{"@id":"https:\/\/www.giron.fr\/#website"},"datePublished":"2024-06-25T16:09:14+00:00","dateModified":"2025-05-02T08:32:53+00:00","description":"Rejoindre Giron, c'est int\u00e9grer un groupe \u00e0 la pointe de son secteur, reconnu pour son leadership et son innovation.","breadcrumb":{"@id":"https:\/\/www.giron.fr\/accueil\/emploi\/#breadcrumb"},"inLanguage":"es-ES","potentialAction":[{"@type":"ReadAction","target":["https:\/\/www.giron.fr\/accueil\/emploi\/"]}]},{"@type":"BreadcrumbList","@id":"https:\/\/www.giron.fr\/accueil\/emploi\/#breadcrumb","itemListElement":[{"@type":"ListItem","position":1,"name":"Home","item":"https:\/\/www.giron.fr\/"},{"@type":"ListItem","position":2,"name":"Accueil","item":"https:\/\/www.giron.fr\/"},{"@type":"ListItem","position":3,"name":"NOUS REJOINDRE"}]},{"@type":"WebSite","@id":"https:\/\/www.giron.fr\/#website","url":"https:\/\/www.giron.fr\/","name":"Giron","description":"Fabricant fran\u00e7ais de toile de criblage en acier et polyur\u00e9thane","publisher":{"@id":"https:\/\/www.giron.fr\/#organization"},"potentialAction":[{"@type":"SearchAction","target":{"@type":"EntryPoint","urlTemplate":"https:\/\/www.giron.fr\/?s={search_term_string}"},"query-input":{"@type":"PropertyValueSpecification","valueRequired":true,"valueName":"search_term_string"}}],"inLanguage":"es-ES"},{"@type":"Organization","@id":"https:\/\/www.giron.fr\/#organization","name":"Giron","url":"https:\/\/www.giron.fr\/","logo":{"@type":"ImageObject","inLanguage":"es-ES","@id":"https:\/\/www.giron.fr\/#\/schema\/logo\/image\/","url":"https:\/\/www.giron.fr\/wp-content\/uploads\/2024\/07\/Logo-Giron-Baseline-FR.png","contentUrl":"https:\/\/www.giron.fr\/wp-content\/uploads\/2024\/07\/Logo-Giron-Baseline-FR.png","width":1772,"height":591,"caption":"Giron"},"image":{"@id":"https:\/\/www.giron.fr\/#\/schema\/logo\/image\/"}}]}},"_links":{"self":[{"href":"https:\/\/www.giron.fr\/es\/wp-json\/wp\/v2\/pages\/1459"}],"collection":[{"href":"https:\/\/www.giron.fr\/es\/wp-json\/wp\/v2\/pages"}],"about":[{"href":"https:\/\/www.giron.fr\/es\/wp-json\/wp\/v2\/types\/page"}],"author":[{"embeddable":true,"href":"https:\/\/www.giron.fr\/es\/wp-json\/wp\/v2\/users\/3"}],"replies":[{"embeddable":true,"href":"https:\/\/www.giron.fr\/es\/wp-json\/wp\/v2\/comments?post=1459"}],"version-history":[{"count":10,"href":"https:\/\/www.giron.fr\/es\/wp-json\/wp\/v2\/pages\/1459\/revisions"}],"predecessor-version":[{"id":2128,"href":"https:\/\/www.giron.fr\/es\/wp-json\/wp\/v2\/pages\/1459\/revisions\/2128"}],"up":[{"embeddable":true,"href":"https:\/\/www.giron.fr\/es\/wp-json\/wp\/v2\/pages\/750"}],"wp:attachment":[{"href":"https:\/\/www.giron.fr\/es\/wp-json\/wp\/v2\/media?parent=1459"}],"curies":[{"name":"wp","href":"https:\/\/api.w.org\/{rel}","templated":true}]}}