{"id":1588,"date":"2024-07-29T15:31:05","date_gmt":"2024-07-29T13:31:05","guid":{"rendered":"https:\/\/www.giron.fr\/?page_id=1588"},"modified":"2024-08-28T11:18:37","modified_gmt":"2024-08-28T09:18:37","slug":"chatellerault","status":"publish","type":"page","link":"https:\/\/www.giron.fr\/es\/chatellerault\/","title":{"rendered":"Ch\u00e2tellerault, un patrimonio industrial que perdura"},"content":{"rendered":"<div class=\"wp-block-group has-global-padding is-layout-constrained wp-block-group-is-layout-constrained\" data-aos=\"flip-down\" data-aos-duration=\"250\" data-block-type=\"core\">\n<figure class=\"wp-block-image aligncenter size-full\" data-block-type=\"core\"><img loading=\"lazy\" decoding=\"async\" width=\"1800\" height=\"1200\" src=\"https:\/\/www.giron.fr\/wp-content\/uploads\/2024\/07\/chatellerault-1.webp\" alt=\"\" class=\"wp-image-1592\" srcset=\"https:\/\/www.giron.fr\/wp-content\/uploads\/2024\/07\/chatellerault-1.webp 1800w, https:\/\/www.giron.fr\/wp-content\/uploads\/2024\/07\/chatellerault-1-300x200.webp 300w, https:\/\/www.giron.fr\/wp-content\/uploads\/2024\/07\/chatellerault-1-1024x683.webp 1024w, https:\/\/www.giron.fr\/wp-content\/uploads\/2024\/07\/chatellerault-1-768x512.webp 768w, https:\/\/www.giron.fr\/wp-content\/uploads\/2024\/07\/chatellerault-1-1536x1024.webp 1536w, https:\/\/www.giron.fr\/wp-content\/uploads\/2024\/07\/chatellerault-1-18x12.webp 18w\" sizes=\"(max-width: 1800px) 100vw, 1800px\" \/><\/figure>\n\n\n\n<p>Los restos del pasado industrial de <a href=\"https:\/\/www.ville-chatellerault.fr\">Ch\u00e2tellerault<\/a> siguen muy presentes hoy en d\u00eda. Desde edificios emblem\u00e1ticos hasta oficios transmitidos de generaci\u00f3n en generaci\u00f3n, la ciudad conserva las huellas de su historia obrera. Al explorar este patrimonio, podemos comprender c\u00f3mo la industria ha conformado la identidad de Ch\u00e2tellerault y sigue influyendo en su desarrollo.<\/p>\n<\/div>\n\n\n\n<div style=\"height:6px\" aria-hidden=\"true\" class=\"wp-block-spacer\" data-block-type=\"core\"><\/div>\n\n\n\n<div class=\"wp-block-group has-custom-giron-gris-clair-background-color has-background has-global-padding is-layout-constrained wp-block-group-is-layout-constrained\" data-block-type=\"core\">\n<div style=\"height:12px;width:0px\" aria-hidden=\"true\" class=\"wp-block-spacer\" data-block-type=\"core\"><\/div>\n\n\n\n<h3 class=\"wp-block-heading\" data-block-type=\"core\"><strong><strong><strong>CH\u00c2TELLERAULT, UNA CIUDAD MARCADA POR LA INDUSTRIA&nbsp;<\/strong><\/strong><\/strong><\/h3>\n\n\n\n<p>Situado en la <a href=\"https:\/\/www.lavienne86.fr\">Viena<\/a>, la estrat\u00e9gica posici\u00f3n geogr\u00e1fica de la ciudad ha favorecido su desarrollo econ\u00f3mico desde la Edad Media. Sin embargo, fue en el siglo XIX cuando Ch\u00e2tellerault experiment\u00f3 un auge industrial sin precedentes con la creaci\u00f3n de la <a href=\"https:\/\/www.villesaucarre.org\/wp-content\/uploads\/2022\/07\/Laissez-vous_conter_la_Manufacture.pdf\">Manufacture d\u2019armes<\/a>. Al producir armas de renombre mundial, la Manufactura transform\u00f3 la ciudad y atrajo a una numerosa mano de obra. Las industrias textil, metal\u00fargica y del curtido tambi\u00e9n contribuyeron al auge econ\u00f3mico de Ch\u00e2tellerault.<\/p>\n\n\n\n<figure class=\"wp-block-image aligncenter size-full is-resized\" data-block-type=\"core\"><img loading=\"lazy\" decoding=\"async\" width=\"519\" height=\"346\" src=\"https:\/\/www.giron.fr\/wp-content\/uploads\/2024\/07\/348ba45124e596501da5e549bc4f2371267be88d-1-edited.jpg\" alt=\"\" class=\"wp-image-1597\" style=\"width:415px;height:auto\" srcset=\"https:\/\/www.giron.fr\/wp-content\/uploads\/2024\/07\/348ba45124e596501da5e549bc4f2371267be88d-1-edited.jpg 519w, https:\/\/www.giron.fr\/wp-content\/uploads\/2024\/07\/348ba45124e596501da5e549bc4f2371267be88d-1-edited-300x200.jpg 300w, https:\/\/www.giron.fr\/wp-content\/uploads\/2024\/07\/348ba45124e596501da5e549bc4f2371267be88d-1-edited-18x12.jpg 18w\" sizes=\"(max-width: 519px) 100vw, 519px\" \/><\/figure>\n\n\n\n<p>El siglo XX fue el apogeo de la industria en Ch\u00e2tellerault, pero la crisis de los a\u00f1os sesenta trajo consigo un profundo cambio econ\u00f3mico. El cierre de muchas f\u00e1bricas oblig\u00f3 a la ciudad a diversificarse y encontrar nuevos motores de crecimiento. A pesar de estos cambios, el patrimonio industrial de Ch\u00e2tellerault sigue muy vivo. Numerosos edificios son testigos de esta \u00e9poca, y los museos ofrecen una visi\u00f3n de la historia de la industria local. Hoy en d\u00eda, Ch\u00e2tellerault es una ciudad din\u00e1mica que ha sabido preservar su patrimonio sin dejar de mirar hacia el futuro.<\/p>\n\n\n\n<div style=\"height:39px\" aria-hidden=\"true\" class=\"wp-block-spacer\" data-block-type=\"core\"><\/div>\n<\/div>\n\n\n\n<div class=\"wp-block-group has-global-padding is-layout-constrained wp-block-group-is-layout-constrained\" data-block-type=\"core\">\n<h2 class=\"wp-block-heading\" data-block-type=\"core\"><strong>La industria de Ch\u00e2tellerault, motor de desarrollo<\/strong><\/h2>\n\n\n\n<p>Ch\u00e2tellerault debe gran parte de su desarrollo a su industria y, en particular, a las <a href=\"https:\/\/lamanu.grand-chatellerault.fr\">Manufactures d\u2019armes<\/a>. Fundada en el siglo XIX, esta empresa se gan\u00f3 r\u00e1pidamente una reputaci\u00f3n internacional por la calidad de sus productos. Las armas de Ch\u00e2tellerault han equipado a ej\u00e9rcitos de todo el mundo, contribuyendo a la prosperidad de la ciudad. Adem\u00e1s de las armas, Ch\u00e2tellerault ha desarrollado otros sectores industriales. El textil, con la producci\u00f3n de s\u00e1banas y lanas, desempe\u00f1\u00f3 un papel importante en la econom\u00eda local. Tambi\u00e9n se desarroll\u00f3 la metalurgia, vinculada a la fabricaci\u00f3n de herramientas y piezas de recambio. Estas actividades industriales no s\u00f3lo crearon muchos puestos de trabajo, sino que tambi\u00e9n favorecieron la aparici\u00f3n de una clase obrera din\u00e1mica y una rica vida comunitaria.<\/p>\n\n\n\n<figure class=\"wp-block-image size-full\" data-block-type=\"core\"><img loading=\"lazy\" decoding=\"async\" width=\"1200\" height=\"800\" src=\"https:\/\/www.giron.fr\/wp-content\/uploads\/2024\/07\/VIVRE-CHATELLERAULT-CB16Sept-1009.jpg\" alt=\"\" class=\"wp-image-1594\" srcset=\"https:\/\/www.giron.fr\/wp-content\/uploads\/2024\/07\/VIVRE-CHATELLERAULT-CB16Sept-1009.jpg 1200w, https:\/\/www.giron.fr\/wp-content\/uploads\/2024\/07\/VIVRE-CHATELLERAULT-CB16Sept-1009-300x200.jpg 300w, https:\/\/www.giron.fr\/wp-content\/uploads\/2024\/07\/VIVRE-CHATELLERAULT-CB16Sept-1009-1024x683.jpg 1024w, https:\/\/www.giron.fr\/wp-content\/uploads\/2024\/07\/VIVRE-CHATELLERAULT-CB16Sept-1009-768x512.jpg 768w, https:\/\/www.giron.fr\/wp-content\/uploads\/2024\/07\/VIVRE-CHATELLERAULT-CB16Sept-1009-18x12.jpg 18w\" sizes=\"(max-width: 1200px) 100vw, 1200px\" \/><\/figure>\n\n\n\n<p>El patrimonio industrial de Ch\u00e2tellerault sigue muy vivo hoy en d\u00eda. Numerosos edificios son testigos de esta \u00e9poca: antiguas f\u00e1bricas reconvertidas, casas de obreros, muelles de carga, etc. Estos vestigios materiales son la prueba de un glorioso pasado industrial. Adem\u00e1s, museos como el Mus\u00e9e de l'Armurerie conservan las colecciones y herramientas de la Manufacture d'armes, permitiendo a los visitantes revivir la historia de esta industria. Adem\u00e1s de edificios y objetos, el patrimonio industrial tambi\u00e9n se transmite a trav\u00e9s de las habilidades, tradiciones e historias de los antiguos trabajadores. Este patrimonio inmaterial es un bien inestimable que contribuye a forjar la identidad de Ch\u00e2tellerault.<\/p>\n\n\n\n<p>Aunque la industria ha desempe\u00f1ado un papel central en el desarrollo de Ch\u00e2tellerault, tambi\u00e9n ha experimentado periodos de crisis. La desindustrializaci\u00f3n de los a\u00f1os 70 afect\u00f3 profundamente a la ciudad, provocando el cierre de numerosas f\u00e1bricas y la p\u00e9rdida de muchos puestos de trabajo. Sin embargo, Ch\u00e2tellerault ha sabido recuperarse y diversificarse. Han surgido nuevas actividades, como los servicios y la tecnolog\u00eda, que han permitido a la ciudad recuperar su dinamismo econ\u00f3mico. Hoy en d\u00eda, Ch\u00e2tellerault es una ciudad que ha sabido conservar su patrimonio industrial al tiempo que mira hacia el futuro.<\/p>\n<\/div>\n\n\n\n<figure class=\"wp-block-image aligncenter size-full is-resized\" data-block-type=\"core\"><img loading=\"lazy\" decoding=\"async\" width=\"620\" height=\"492\" src=\"https:\/\/www.giron.fr\/wp-content\/uploads\/2024\/07\/Carte-CAPC_Eco.jpg\" alt=\"\" class=\"wp-image-1596\" style=\"aspect-ratio:1.3333333333333333;object-fit:cover;width:607px;height:auto\" srcset=\"https:\/\/www.giron.fr\/wp-content\/uploads\/2024\/07\/Carte-CAPC_Eco.jpg 620w, https:\/\/www.giron.fr\/wp-content\/uploads\/2024\/07\/Carte-CAPC_Eco-300x238.jpg 300w, https:\/\/www.giron.fr\/wp-content\/uploads\/2024\/07\/Carte-CAPC_Eco-15x12.jpg 15w\" sizes=\"(max-width: 620px) 100vw, 620px\" \/><\/figure>\n\n\n\n<div class=\"wp-block-group has-global-padding is-layout-constrained wp-block-group-is-layout-constrained\" data-block-type=\"core\">\n<h2 class=\"wp-block-heading\" data-block-type=\"core\"><strong>Ch\u00e2tellerault hoy: una ciudad que mira al futuro<\/strong><\/h2>\n\n\n\n<p>Paralelamente a su desarrollo econ\u00f3mico, Ch\u00e2tellerault concede gran importancia a la calidad de vida de sus habitantes. A lo largo del a\u00f1o se organizan numerosos actos culturales y deportivos que animan la ciudad y atraen a numerosos visitantes. Los espacios verdes, las instalaciones deportivas y los equipamientos culturales contribuyen a hacer de Ch\u00e2tellerault un lugar agradable para vivir.<\/p>\n\n\n\n<p>Conservando su rico patrimonio industrial, Ch\u00e2tellerault ha sabido reinventarse y mirar hacia el futuro. La ciudad ha puesto en marcha una ambiciosa pol\u00edtica de diversificaci\u00f3n econ\u00f3mica, fomentando la implantaci\u00f3n de nuevas empresas en sectores muy diversos. Los parques empresariales ofrecen a las empresas un entorno propicio al desarrollo. Esta diversificaci\u00f3n crea nuevos empleos y refuerza el atractivo econ\u00f3mico de la ciudad.<\/p>\n\n\n\n<p>Ch\u00e2tellerault es una ciudad creativa que saca partido de su patrimonio industrial.<\/p>\n\n\n\n<figure class=\"wp-block-image aligncenter size-full\" data-block-type=\"core\"><img loading=\"lazy\" decoding=\"async\" width=\"612\" height=\"408\" src=\"https:\/\/www.giron.fr\/wp-content\/uploads\/2024\/07\/istockphoto-1308902462-612x612-1.jpg\" alt=\"\" class=\"wp-image-1598\" srcset=\"https:\/\/www.giron.fr\/wp-content\/uploads\/2024\/07\/istockphoto-1308902462-612x612-1.jpg 612w, https:\/\/www.giron.fr\/wp-content\/uploads\/2024\/07\/istockphoto-1308902462-612x612-1-300x200.jpg 300w, https:\/\/www.giron.fr\/wp-content\/uploads\/2024\/07\/istockphoto-1308902462-612x612-1-18x12.jpg 18w\" sizes=\"(max-width: 612px) 100vw, 612px\" \/><\/figure>\n<\/div>","protected":false},"excerpt":{"rendered":"<p>Los vestigios del pasado industrial de Ch\u00e2tellerault siguen muy presentes hoy en d\u00eda. Edificios emblem\u00e1ticos con oficios transmitidos de generaci\u00f3n en [...]<\/p>","protected":false},"author":3,"featured_media":0,"parent":0,"menu_order":0,"comment_status":"closed","ping_status":"closed","template":"","meta":{"_acf_changed":false,"footnotes":""},"class_list":["post-1588","page","type-page","status-publish","hentry"],"acf":[],"yoast_head":"<!-- This site is optimized with the Yoast SEO plugin v23.4 - https:\/\/yoast.com\/wordpress\/plugins\/seo\/ -->\n<title>Ch\u00e2tellerault, un h\u00e9ritage industriel qui perdure<\/title>\n<meta name=\"description\" content=\"Les vestiges du pass\u00e9 industriel de Ch\u00e2tellerault sont encore bien pr\u00e9sents aujourd&#039;hui. D\u00e9couvrez l&#039;histoire de cette ville industrielle.\" \/>\n<meta name=\"robots\" content=\"noindex, follow, max-snippet:-1, max-image-preview:large, max-video-preview:-1\" \/>\n<meta property=\"og:locale\" content=\"es_ES\" \/>\n<meta property=\"og:type\" content=\"article\" \/>\n<meta property=\"og:title\" content=\"Ch\u00e2tellerault, un h\u00e9ritage industriel qui perdure\" \/>\n<meta property=\"og:description\" content=\"Les vestiges du pass\u00e9 industriel de Ch\u00e2tellerault sont encore bien pr\u00e9sents aujourd&#039;hui. D\u00e9couvrez l&#039;histoire de cette ville industrielle.\" \/>\n<meta property=\"og:url\" content=\"https:\/\/www.giron.fr\/es\/chatellerault\/\" \/>\n<meta property=\"og:site_name\" content=\"Giron\" \/>\n<meta property=\"article:modified_time\" content=\"2024-08-28T09:18:37+00:00\" \/>\n<meta property=\"og:image\" content=\"https:\/\/www.giron.fr\/wp-content\/uploads\/2024\/07\/chatellerault-1.webp\" \/>\n<meta name=\"twitter:card\" content=\"summary_large_image\" \/>\n<meta name=\"twitter:label1\" content=\"Est. reading time\" \/>\n\t<meta name=\"twitter:data1\" content=\"5 minutes\" \/>\n<script type=\"application\/ld+json\" class=\"yoast-schema-graph\">{\"@context\":\"https:\/\/schema.org\",\"@graph\":[{\"@type\":\"WebPage\",\"@id\":\"https:\/\/www.giron.fr\/chatellerault\/\",\"url\":\"https:\/\/www.giron.fr\/chatellerault\/\",\"name\":\"Ch\u00e2tellerault, un h\u00e9ritage industriel qui perdure\",\"isPartOf\":{\"@id\":\"https:\/\/www.giron.fr\/#website\"},\"primaryImageOfPage\":{\"@id\":\"https:\/\/www.giron.fr\/chatellerault\/#primaryimage\"},\"image\":{\"@id\":\"https:\/\/www.giron.fr\/chatellerault\/#primaryimage\"},\"thumbnailUrl\":\"https:\/\/www.giron.fr\/wp-content\/uploads\/2024\/07\/chatellerault-1.webp\",\"datePublished\":\"2024-07-29T13:31:05+00:00\",\"dateModified\":\"2024-08-28T09:18:37+00:00\",\"description\":\"Les vestiges du pass\u00e9 industriel de Ch\u00e2tellerault sont encore bien pr\u00e9sents aujourd'hui. D\u00e9couvrez l'histoire de cette ville industrielle.\",\"breadcrumb\":{\"@id\":\"https:\/\/www.giron.fr\/chatellerault\/#breadcrumb\"},\"inLanguage\":\"es-ES\",\"potentialAction\":[{\"@type\":\"ReadAction\",\"target\":[\"https:\/\/www.giron.fr\/chatellerault\/\"]}]},{\"@type\":\"ImageObject\",\"inLanguage\":\"es-ES\",\"@id\":\"https:\/\/www.giron.fr\/chatellerault\/#primaryimage\",\"url\":\"https:\/\/www.giron.fr\/wp-content\/uploads\/2024\/07\/chatellerault-1.webp\",\"contentUrl\":\"https:\/\/www.giron.fr\/wp-content\/uploads\/2024\/07\/chatellerault-1.webp\"},{\"@type\":\"BreadcrumbList\",\"@id\":\"https:\/\/www.giron.fr\/chatellerault\/#breadcrumb\",\"itemListElement\":[{\"@type\":\"ListItem\",\"position\":1,\"name\":\"Home\",\"item\":\"https:\/\/www.giron.fr\/\"},{\"@type\":\"ListItem\",\"position\":2,\"name\":\"Ch\u00e2tellerault, un h\u00e9ritage industriel qui perdure\"}]},{\"@type\":\"WebSite\",\"@id\":\"https:\/\/www.giron.fr\/#website\",\"url\":\"https:\/\/www.giron.fr\/\",\"name\":\"Giron\",\"description\":\"Fabricant fran\u00e7ais de toile de criblage en acier et polyur\u00e9thane\",\"publisher\":{\"@id\":\"https:\/\/www.giron.fr\/#organization\"},\"potentialAction\":[{\"@type\":\"SearchAction\",\"target\":{\"@type\":\"EntryPoint\",\"urlTemplate\":\"https:\/\/www.giron.fr\/?s={search_term_string}\"},\"query-input\":{\"@type\":\"PropertyValueSpecification\",\"valueRequired\":true,\"valueName\":\"search_term_string\"}}],\"inLanguage\":\"es-ES\"},{\"@type\":\"Organization\",\"@id\":\"https:\/\/www.giron.fr\/#organization\",\"name\":\"Giron\",\"url\":\"https:\/\/www.giron.fr\/\",\"logo\":{\"@type\":\"ImageObject\",\"inLanguage\":\"es-ES\",\"@id\":\"https:\/\/www.giron.fr\/#\/schema\/logo\/image\/\",\"url\":\"https:\/\/www.giron.fr\/wp-content\/uploads\/2024\/07\/Logo-Giron-Baseline-FR.png\",\"contentUrl\":\"https:\/\/www.giron.fr\/wp-content\/uploads\/2024\/07\/Logo-Giron-Baseline-FR.png\",\"width\":1772,\"height\":591,\"caption\":\"Giron\"},\"image\":{\"@id\":\"https:\/\/www.giron.fr\/#\/schema\/logo\/image\/\"}}]}<\/script>\n<!-- \/ Yoast SEO plugin. -->","yoast_head_json":{"title":"Ch\u00e2tellerault, un h\u00e9ritage industriel qui perdure","description":"Les vestiges du pass\u00e9 industriel de Ch\u00e2tellerault sont encore bien pr\u00e9sents aujourd'hui. D\u00e9couvrez l'histoire de cette ville industrielle.","robots":{"index":"noindex","follow":"follow","max-snippet":"max-snippet:-1","max-image-preview":"max-image-preview:large","max-video-preview":"max-video-preview:-1"},"og_locale":"es_ES","og_type":"article","og_title":"Ch\u00e2tellerault, un h\u00e9ritage industriel qui perdure","og_description":"Les vestiges du pass\u00e9 industriel de Ch\u00e2tellerault sont encore bien pr\u00e9sents aujourd'hui. D\u00e9couvrez l'histoire de cette ville industrielle.","og_url":"https:\/\/www.giron.fr\/es\/chatellerault\/","og_site_name":"Giron","article_modified_time":"2024-08-28T09:18:37+00:00","og_image":[{"url":"https:\/\/www.giron.fr\/wp-content\/uploads\/2024\/07\/chatellerault-1.webp"}],"twitter_card":"summary_large_image","twitter_misc":{"Est. reading time":"5 minutes"},"schema":{"@context":"https:\/\/schema.org","@graph":[{"@type":"WebPage","@id":"https:\/\/www.giron.fr\/chatellerault\/","url":"https:\/\/www.giron.fr\/chatellerault\/","name":"Ch\u00e2tellerault, un h\u00e9ritage industriel qui perdure","isPartOf":{"@id":"https:\/\/www.giron.fr\/#website"},"primaryImageOfPage":{"@id":"https:\/\/www.giron.fr\/chatellerault\/#primaryimage"},"image":{"@id":"https:\/\/www.giron.fr\/chatellerault\/#primaryimage"},"thumbnailUrl":"https:\/\/www.giron.fr\/wp-content\/uploads\/2024\/07\/chatellerault-1.webp","datePublished":"2024-07-29T13:31:05+00:00","dateModified":"2024-08-28T09:18:37+00:00","description":"Les vestiges du pass\u00e9 industriel de Ch\u00e2tellerault sont encore bien pr\u00e9sents aujourd'hui. D\u00e9couvrez l'histoire de cette ville industrielle.","breadcrumb":{"@id":"https:\/\/www.giron.fr\/chatellerault\/#breadcrumb"},"inLanguage":"es-ES","potentialAction":[{"@type":"ReadAction","target":["https:\/\/www.giron.fr\/chatellerault\/"]}]},{"@type":"ImageObject","inLanguage":"es-ES","@id":"https:\/\/www.giron.fr\/chatellerault\/#primaryimage","url":"https:\/\/www.giron.fr\/wp-content\/uploads\/2024\/07\/chatellerault-1.webp","contentUrl":"https:\/\/www.giron.fr\/wp-content\/uploads\/2024\/07\/chatellerault-1.webp"},{"@type":"BreadcrumbList","@id":"https:\/\/www.giron.fr\/chatellerault\/#breadcrumb","itemListElement":[{"@type":"ListItem","position":1,"name":"Home","item":"https:\/\/www.giron.fr\/"},{"@type":"ListItem","position":2,"name":"Ch\u00e2tellerault, un h\u00e9ritage industriel qui perdure"}]},{"@type":"WebSite","@id":"https:\/\/www.giron.fr\/#website","url":"https:\/\/www.giron.fr\/","name":"Giron","description":"Fabricant fran\u00e7ais de toile de criblage en acier et polyur\u00e9thane","publisher":{"@id":"https:\/\/www.giron.fr\/#organization"},"potentialAction":[{"@type":"SearchAction","target":{"@type":"EntryPoint","urlTemplate":"https:\/\/www.giron.fr\/?s={search_term_string}"},"query-input":{"@type":"PropertyValueSpecification","valueRequired":true,"valueName":"search_term_string"}}],"inLanguage":"es-ES"},{"@type":"Organization","@id":"https:\/\/www.giron.fr\/#organization","name":"Giron","url":"https:\/\/www.giron.fr\/","logo":{"@type":"ImageObject","inLanguage":"es-ES","@id":"https:\/\/www.giron.fr\/#\/schema\/logo\/image\/","url":"https:\/\/www.giron.fr\/wp-content\/uploads\/2024\/07\/Logo-Giron-Baseline-FR.png","contentUrl":"https:\/\/www.giron.fr\/wp-content\/uploads\/2024\/07\/Logo-Giron-Baseline-FR.png","width":1772,"height":591,"caption":"Giron"},"image":{"@id":"https:\/\/www.giron.fr\/#\/schema\/logo\/image\/"}}]}},"_links":{"self":[{"href":"https:\/\/www.giron.fr\/es\/wp-json\/wp\/v2\/pages\/1588"}],"collection":[{"href":"https:\/\/www.giron.fr\/es\/wp-json\/wp\/v2\/pages"}],"about":[{"href":"https:\/\/www.giron.fr\/es\/wp-json\/wp\/v2\/types\/page"}],"author":[{"embeddable":true,"href":"https:\/\/www.giron.fr\/es\/wp-json\/wp\/v2\/users\/3"}],"replies":[{"embeddable":true,"href":"https:\/\/www.giron.fr\/es\/wp-json\/wp\/v2\/comments?post=1588"}],"version-history":[{"count":14,"href":"https:\/\/www.giron.fr\/es\/wp-json\/wp\/v2\/pages\/1588\/revisions"}],"predecessor-version":[{"id":1950,"href":"https:\/\/www.giron.fr\/es\/wp-json\/wp\/v2\/pages\/1588\/revisions\/1950"}],"wp:attachment":[{"href":"https:\/\/www.giron.fr\/es\/wp-json\/wp\/v2\/media?parent=1588"}],"curies":[{"name":"wp","href":"https:\/\/api.w.org\/{rel}","templated":true}]}}