{"id":23,"date":"2024-04-29T11:24:10","date_gmt":"2024-04-29T09:24:10","guid":{"rendered":"https:\/\/www.giron.fr\/?page_id=23"},"modified":"2024-09-23T13:52:32","modified_gmt":"2024-09-23T11:52:32","slug":"granulats","status":"publish","type":"page","link":"https:\/\/www.giron.fr\/es\/granulats\/","title":{"rendered":"GRANULADOS"},"content":{"rendered":"<div class=\"wp-block-group has-global-padding is-layout-constrained wp-container-core-group-is-layout-2 wp-block-group-is-layout-constrained\" style=\"padding-right:var(--wp--preset--spacing--50);padding-left:var(--wp--preset--spacing--50)\" data-block-type=\"core\">\n<h2 class=\"wp-block-heading\" data-block-type=\"core\"><strong>\u00bfQU\u00c9 ES EL AGREGADO?<\/strong><\/h2>\n\n\n\n<figure class=\"wp-block-image size-large\" data-block-type=\"core\"><img loading=\"lazy\" decoding=\"async\" width=\"1024\" height=\"173\" src=\"https:\/\/www.giron.fr\/wp-content\/uploads\/2024\/06\/Banniere-Linkedin-1-1024x173.png\" alt=\"\" class=\"wp-image-1479\" srcset=\"https:\/\/www.giron.fr\/wp-content\/uploads\/2024\/06\/Banniere-Linkedin-1-1024x173.png 1024w, https:\/\/www.giron.fr\/wp-content\/uploads\/2024\/06\/Banniere-Linkedin-1-300x51.png 300w, https:\/\/www.giron.fr\/wp-content\/uploads\/2024\/06\/Banniere-Linkedin-1-768x130.png 768w, https:\/\/www.giron.fr\/wp-content\/uploads\/2024\/06\/Banniere-Linkedin-1-18x3.png 18w, https:\/\/www.giron.fr\/wp-content\/uploads\/2024\/06\/Banniere-Linkedin-1.png 1128w\" sizes=\"(max-width: 1024px) 100vw, 1024px\" \/><\/figure>\n\n\n\n<p>El \u00e1rido es un material granular, de origen mineral o reciclado, con un tama\u00f1o comprendido entre 0 y 125 mm. Se utiliza principalmente en el sector de la construcci\u00f3n y las obras p\u00fablicas para la construcci\u00f3n de estructuras (hormig\u00f3n, edificios, puentes) y obras de infraestructura (carreteras, autopistas, ferrocarriles).<\/p>\n\n\n\n<p>Los \u00e1ridos se distinguen por su naturaleza, forma y propiedades, que var\u00edan en funci\u00f3n de su origen geol\u00f3gico y de los procesos de producci\u00f3n utilizados. Los \u00e1ridos se producen a partir de :<\/p>\n\n\n\n<ul class=\"wp-block-list\" data-block-type=\"core\">\n<li data-block-type=\"core\">Roca suelta o s\u00f3lida (aluvi\u00f3n glaciar y marino, roca eruptiva, volc\u00e1nica, sedimentaria y metam\u00f3rfica)<\/li>\n\n\n\n<li data-block-type=\"core\">Arenas y gravas costeras y dep\u00f3sitos aluviales fluviales<\/li>\n\n\n\n<li data-block-type=\"core\">Capas de arena y arenisca<\/li>\n<\/ul>\n\n\n\n<div class=\"wp-block-group has-custom-giron-gris-clair-background-color has-background has-global-padding is-layout-constrained wp-block-group-is-layout-constrained\" data-block-type=\"core\">\n<h3 class=\"wp-block-heading has-custom-giron-gris-clair-background-color has-background\" data-block-type=\"core\"><strong>Los diferentes tipos de \u00e1ridos :<\/strong><\/h3>\n\n\n\n<p class=\"has-custom-giron-gris-clair-background-color has-background\">Para saber a qu\u00e9 familia de agregados pertenece un agregado mineral, hay que fijarse en su clase granulom\u00e9trica d\/D. La clase granulom\u00e9trica, expresada como <strong>d\/D<\/strong> , es un valioso indicador para determinar la familia a la que pertenece un \u00e1rido. Representa la dimensi\u00f3n m\u00e1s peque\u00f1a (d) y la dimensi\u00f3n m\u00e1s grande (D) de los granos que componen el agregado. Analizando la distribuci\u00f3n granulom\u00e9trica, es decir, la distribuci\u00f3n de los granos en funci\u00f3n de su tama\u00f1o, es posible clasificar los \u00e1ridos en distintas categor\u00edas, cada una con sus propiedades y usos espec\u00edficos.<\/p>\n\n\n\n<div class=\"wp-block-media-text is-stacked-on-mobile\" style=\"grid-template-columns:25% auto\" data-block-type=\"core\"><figure class=\"wp-block-media-text__media\"><img loading=\"lazy\" decoding=\"async\" width=\"1024\" height=\"1024\" src=\"https:\/\/www.giron.fr\/wp-content\/uploads\/2024\/08\/GRANN.png\" alt=\"\" class=\"wp-image-1481 size-full\" srcset=\"https:\/\/www.giron.fr\/wp-content\/uploads\/2024\/08\/GRANN.png 1200w, https:\/\/www.giron.fr\/wp-content\/uploads\/2024\/08\/GRANN-300x300.png 300w, https:\/\/www.giron.fr\/wp-content\/uploads\/2024\/08\/GRANN-1024x1024.png 1024w, https:\/\/www.giron.fr\/wp-content\/uploads\/2024\/08\/GRANN-150x150.png 150w, https:\/\/www.giron.fr\/wp-content\/uploads\/2024\/08\/GRANN-768x768.png 768w, https:\/\/www.giron.fr\/wp-content\/uploads\/2024\/08\/GRANN-12x12.png 12w\" sizes=\"(max-width: 1024px) 100vw, 1024px\" \/><\/figure><div class=\"wp-block-media-text__content\">\n<p>Los \u00e1ridos de <strong>roca <\/strong>masiva constituyen una importante categor\u00eda de \u00e1ridos utilizados en el sector de la construcci\u00f3n y las obras p\u00fablicas. Se diferencian por su origen y m\u00e9todo de producci\u00f3n, lo que confiere a estos materiales propiedades espec\u00edficas.<\/p>\n<\/div><\/div>\n\n\n\n<div class=\"wp-block-media-text has-media-on-the-right is-stacked-on-mobile\" style=\"grid-template-columns:auto 25%\" data-block-type=\"core\"><div class=\"wp-block-media-text__content\">\n<p><span style=\"caret-color: rgb(0, 0, 0); color: rgb(0, 0, 0); font-family: Aptos, sans-serif; white-space: normal;\">Los \u00e1ridos <strong>aluviales,<\/strong>tambi\u00e9n conocidos como \u00e1ridos de roca suelta o \u00e1ridos rodados, se caracterizan por su forma redondeada y su origen sedimentario. Representan una importante categor\u00eda de \u00e1ridos utilizados en la industria de la construcci\u00f3n.<\/span><\/p>\n<\/div><figure class=\"wp-block-media-text__media\"><img loading=\"lazy\" decoding=\"async\" width=\"1024\" height=\"1024\" src=\"https:\/\/www.giron.fr\/wp-content\/uploads\/2024\/08\/GRAN.-.png\" alt=\"\" class=\"wp-image-1484 size-full\" srcset=\"https:\/\/www.giron.fr\/wp-content\/uploads\/2024\/08\/GRAN.-.png 1200w, https:\/\/www.giron.fr\/wp-content\/uploads\/2024\/08\/GRAN.--300x300.png 300w, https:\/\/www.giron.fr\/wp-content\/uploads\/2024\/08\/GRAN.--1024x1024.png 1024w, https:\/\/www.giron.fr\/wp-content\/uploads\/2024\/08\/GRAN.--150x150.png 150w, https:\/\/www.giron.fr\/wp-content\/uploads\/2024\/08\/GRAN.--768x768.png 768w, https:\/\/www.giron.fr\/wp-content\/uploads\/2024\/08\/GRAN.--12x12.png 12w\" sizes=\"(max-width: 1024px) 100vw, 1024px\" \/><\/figure><\/div>\n\n\n\n<div class=\"wp-block-media-text is-stacked-on-mobile\" style=\"grid-template-columns:25% auto\" data-block-type=\"core\"><figure class=\"wp-block-media-text__media\"><img loading=\"lazy\" decoding=\"async\" width=\"1024\" height=\"1024\" src=\"https:\/\/www.giron.fr\/wp-content\/uploads\/2024\/08\/GRANN-2.png\" alt=\"\" class=\"wp-image-1485 size-full\" srcset=\"https:\/\/www.giron.fr\/wp-content\/uploads\/2024\/08\/GRANN-2.png 1200w, https:\/\/www.giron.fr\/wp-content\/uploads\/2024\/08\/GRANN-2-300x300.png 300w, https:\/\/www.giron.fr\/wp-content\/uploads\/2024\/08\/GRANN-2-1024x1024.png 1024w, https:\/\/www.giron.fr\/wp-content\/uploads\/2024\/08\/GRANN-2-150x150.png 150w, https:\/\/www.giron.fr\/wp-content\/uploads\/2024\/08\/GRANN-2-768x768.png 768w, https:\/\/www.giron.fr\/wp-content\/uploads\/2024\/08\/GRANN-2-12x12.png 12w\" sizes=\"(max-width: 1024px) 100vw, 1024px\" \/><\/figure><div class=\"wp-block-media-text__content\">\n<p>Los \u00e1ridos <strong>reciclado<\/strong>, producidos mediante el procesamiento de materiales de construcci\u00f3n usados, son una prometedora soluci\u00f3n ecol\u00f3gica a los retos medioambientales a los que se enfrenta el sector de la construcci\u00f3n y las obras p\u00fablicas. Representan una alternativa sostenible a los \u00e1ridos naturales, al tiempo que contribuyen a la econom\u00eda circular.<\/p>\n<\/div><\/div>\n\n\n\n<div class=\"wp-block-media-text has-media-on-the-right is-stacked-on-mobile\" style=\"grid-template-columns:auto 25%\" data-block-type=\"core\"><div class=\"wp-block-media-text__content\">\n<p>Los \u00e1ridos <strong>marineros<\/strong>, constituidos por arenas y gravas sil\u00edceas y calc\u00e1reas, representan un valioso recurso mineral enterrado en los fondos marinos. La creciente utilizaci\u00f3n de \u00e1ridos marinos plantea importantes cuestiones medioambientales y sociales que deben considerarse junto a sus ventajas y aplicaciones en el sector de la construcci\u00f3n y las obras p\u00fablicas.<\/p>\n<\/div><figure class=\"wp-block-media-text__media\"><img loading=\"lazy\" decoding=\"async\" width=\"1024\" height=\"1024\" src=\"https:\/\/www.giron.fr\/wp-content\/uploads\/2024\/08\/GRANNN.png\" alt=\"\" class=\"wp-image-1486 size-full\" srcset=\"https:\/\/www.giron.fr\/wp-content\/uploads\/2024\/08\/GRANNN.png 1200w, https:\/\/www.giron.fr\/wp-content\/uploads\/2024\/08\/GRANNN-300x300.png 300w, https:\/\/www.giron.fr\/wp-content\/uploads\/2024\/08\/GRANNN-1024x1024.png 1024w, https:\/\/www.giron.fr\/wp-content\/uploads\/2024\/08\/GRANNN-150x150.png 150w, https:\/\/www.giron.fr\/wp-content\/uploads\/2024\/08\/GRANNN-768x768.png 768w, https:\/\/www.giron.fr\/wp-content\/uploads\/2024\/08\/GRANNN-12x12.png 12w\" sizes=\"(max-width: 1024px) 100vw, 1024px\" \/><\/figure><\/div>\n\n\n\n<p>Para ser utilizados, los \u00e1ridos se clasifican en funci\u00f3n de su granulometr\u00eda. Para ello, se someten a una serie de tratamientos, como la trituraci\u00f3n y, sobre todo, el cribado, que permitir\u00e1n clasificarlos y clasificarlos por clase dimensional recuperable, caracterizada por su dimensi\u00f3n m\u00e1s peque\u00f1a (mm), denominada \"d\", y su dimensi\u00f3n m\u00e1s grande, denominada \"D\":<\/p>\n\n\n\n<figure class=\"wp-block-table\" data-block-type=\"core\"><table><tbody><tr><td><strong>Denominaci\u00f3n (Francia)<\/strong><\/td><td><strong>d<\/strong><\/td><td><strong>D<\/strong><\/td><\/tr><tr><td><strong>Fino<\/strong><\/td><td><em>0<\/em><\/td><td><em>\u2264<\/em><em> 0.63<\/em><\/td><\/tr><tr><td><strong>Arena<\/strong><\/td><td><em>0<\/em><\/td><td><em>\u2264<\/em><em> 6.3<\/em><\/td><\/tr><tr><td><strong>Grava<\/strong><\/td><td>\u2265<em> 2<\/em><\/td><td><em>\u2264 31.5<\/em><\/td><\/tr><tr><td><strong>En serio<\/strong><\/td><td><em>0<\/em><\/td><td><em>\u2264 100<\/em><\/td><\/tr><tr><td><strong>Guijarros<\/strong><\/td><td>\u2265 <em>20<\/em><\/td><td><em>\u2264 150<\/em><\/td><\/tr><\/tbody><\/table><\/figure>\n\n\n\n<p><\/p>\n<\/div>\n\n\n\n<h2 class=\"wp-block-heading\" data-block-type=\"core\"><strong><strong>\u00bfPARA QU\u00c9 SE UTILIZAN LOS \u00c1RIDOS?<\/strong><\/strong><\/h2>\n\n\n\n<p>Los \u00e1ridos -materiales granulares de origen mineral o reciclado- desempe\u00f1an un papel crucial en la construcci\u00f3n de nuestro entorno edificado. Est\u00e1n omnipresentes en las obras de ingenier\u00eda civil, las obras viarias y los edificios, contribuyendo a la solidez, durabilidad y funcionalidad de nuestras infraestructuras y nuestros hogares.<\/p>\n\n\n\n<p>La industria de los \u00e1ridos se compromete continuamente a mejorar sus pr\u00e1cticas y a promover el uso responsable de estos preciosos recursos.<\/p>\n\n\n\n<p>Durante casi un siglo, la <a href=\"https:\/\/www.giron.fr\/es\/contact\/\">GIRON y sus equipos<\/a> colabora con sus clientes en el cribado de materiales. Nuestros t\u00e9cnicos asesoran y ofrecen una gama completa de medios de cribado, entre los que se incluyen <a href=\"https:\/\/www.giron.fr\/es\/produits\/toiles-metalliques\/\">met\u00e1lico<\/a> y en <a href=\"https:\/\/www.giron.fr\/es\/produits\/polyurethane-tendu\/\">sint\u00e9tico<\/a>, para permitir a nuestros clientes <strong>obtener el coste por tonelada cribada m\u00e1s adecuado,<\/strong>respetando las especificaciones y normas de uso de sus productos<\/p>\n\n\n\n<p>Los \u00e1ridos son materiales esenciales, con una amplia gama de aplicaciones y un papel crucial en la construcci\u00f3n y el desarrollo de nuestro entorno. Sin embargo, su producci\u00f3n y utilizaci\u00f3n deben respetar los principios del desarrollo sostenible, dando prioridad a las soluciones de reciclado y minimizando su impacto medioambiental.<\/p>\n\n\n\n<div class=\"wp-block-buttons is-content-justification-center is-layout-flex wp-container-core-buttons-is-layout-1 wp-block-buttons-is-layout-flex\" data-block-type=\"core\">\n<div class=\"wp-block-button has-custom-width wp-block-button__width-50\" data-aos=\"flip-up\" data-block-type=\"core\"><a class=\"wp-block-button__link wp-element-button\" href=\"https:\/\/www.unpg.fr\/le-granulat\/lusage-des-granulats\/\" target=\"_blank\" rel=\"noreferrer noopener\">M\u00c1S INFORMACI\u00d3N SOBRE LOS \u00c1RIDOS<\/a><\/div>\n<\/div>\n<\/div>","protected":false},"excerpt":{"rendered":"<p>\u00bfQu\u00e9 son los \u00e1ridos? Un \u00e1rido es un material granular, de origen mineral o reciclado, cuyo tama\u00f1o es [...].<\/p>","protected":false},"author":3,"featured_media":0,"parent":0,"menu_order":0,"comment_status":"closed","ping_status":"closed","template":"","meta":{"_acf_changed":false,"footnotes":""},"class_list":["post-23","page","type-page","status-publish","hentry"],"acf":[],"yoast_head":"<!-- This site is optimized with the Yoast SEO plugin v23.4 - https:\/\/yoast.com\/wordpress\/plugins\/seo\/ -->\n<title>LES GRANULATS - Giron<\/title>\n<meta name=\"description\" content=\"Un granulat est un mat\u00e9riau granulaire, d&#039;origine min\u00e9rale ou recycl\u00e9e, principalement utilis\u00e9 dans le secteur du BTP.\" \/>\n<meta name=\"robots\" content=\"noindex, follow, max-snippet:-1, max-image-preview:large, max-video-preview:-1\" \/>\n<meta property=\"og:locale\" content=\"es_ES\" \/>\n<meta property=\"og:type\" content=\"article\" \/>\n<meta property=\"og:title\" content=\"LES GRANULATS - Giron\" \/>\n<meta property=\"og:description\" content=\"Un granulat est un mat\u00e9riau granulaire, d&#039;origine min\u00e9rale ou recycl\u00e9e, principalement utilis\u00e9 dans le secteur du BTP.\" \/>\n<meta property=\"og:url\" content=\"https:\/\/www.giron.fr\/es\/granulats\/\" \/>\n<meta property=\"og:site_name\" content=\"Giron\" \/>\n<meta property=\"article:modified_time\" content=\"2024-09-23T11:52:32+00:00\" \/>\n<meta property=\"og:image\" content=\"https:\/\/www.giron.fr\/wp-content\/uploads\/2024\/06\/Banniere-Linkedin-1-1024x173.png\" \/>\n<meta name=\"twitter:card\" content=\"summary_large_image\" \/>\n<meta name=\"twitter:label1\" content=\"Est. reading time\" \/>\n\t<meta name=\"twitter:data1\" content=\"5 minutes\" \/>\n<script type=\"application\/ld+json\" class=\"yoast-schema-graph\">{\"@context\":\"https:\/\/schema.org\",\"@graph\":[{\"@type\":\"WebPage\",\"@id\":\"https:\/\/www.giron.fr\/granulats\/\",\"url\":\"https:\/\/www.giron.fr\/granulats\/\",\"name\":\"LES GRANULATS - Giron\",\"isPartOf\":{\"@id\":\"https:\/\/www.giron.fr\/#website\"},\"primaryImageOfPage\":{\"@id\":\"https:\/\/www.giron.fr\/granulats\/#primaryimage\"},\"image\":{\"@id\":\"https:\/\/www.giron.fr\/granulats\/#primaryimage\"},\"thumbnailUrl\":\"https:\/\/www.giron.fr\/wp-content\/uploads\/2024\/06\/Banniere-Linkedin-1-1024x173.png\",\"datePublished\":\"2024-04-29T09:24:10+00:00\",\"dateModified\":\"2024-09-23T11:52:32+00:00\",\"description\":\"Un granulat est un mat\u00e9riau granulaire, d'origine min\u00e9rale ou recycl\u00e9e, principalement utilis\u00e9 dans le secteur du BTP.\",\"breadcrumb\":{\"@id\":\"https:\/\/www.giron.fr\/granulats\/#breadcrumb\"},\"inLanguage\":\"es-ES\",\"potentialAction\":[{\"@type\":\"ReadAction\",\"target\":[\"https:\/\/www.giron.fr\/granulats\/\"]}]},{\"@type\":\"ImageObject\",\"inLanguage\":\"es-ES\",\"@id\":\"https:\/\/www.giron.fr\/granulats\/#primaryimage\",\"url\":\"https:\/\/www.giron.fr\/wp-content\/uploads\/2024\/06\/Banniere-Linkedin-1-1024x173.png\",\"contentUrl\":\"https:\/\/www.giron.fr\/wp-content\/uploads\/2024\/06\/Banniere-Linkedin-1-1024x173.png\"},{\"@type\":\"BreadcrumbList\",\"@id\":\"https:\/\/www.giron.fr\/granulats\/#breadcrumb\",\"itemListElement\":[{\"@type\":\"ListItem\",\"position\":1,\"name\":\"Home\",\"item\":\"https:\/\/www.giron.fr\/\"},{\"@type\":\"ListItem\",\"position\":2,\"name\":\"LES GRANULATS\"}]},{\"@type\":\"WebSite\",\"@id\":\"https:\/\/www.giron.fr\/#website\",\"url\":\"https:\/\/www.giron.fr\/\",\"name\":\"Giron\",\"description\":\"Fabricant fran\u00e7ais de toile de criblage en acier et polyur\u00e9thane\",\"publisher\":{\"@id\":\"https:\/\/www.giron.fr\/#organization\"},\"potentialAction\":[{\"@type\":\"SearchAction\",\"target\":{\"@type\":\"EntryPoint\",\"urlTemplate\":\"https:\/\/www.giron.fr\/?s={search_term_string}\"},\"query-input\":{\"@type\":\"PropertyValueSpecification\",\"valueRequired\":true,\"valueName\":\"search_term_string\"}}],\"inLanguage\":\"es-ES\"},{\"@type\":\"Organization\",\"@id\":\"https:\/\/www.giron.fr\/#organization\",\"name\":\"Giron\",\"url\":\"https:\/\/www.giron.fr\/\",\"logo\":{\"@type\":\"ImageObject\",\"inLanguage\":\"es-ES\",\"@id\":\"https:\/\/www.giron.fr\/#\/schema\/logo\/image\/\",\"url\":\"https:\/\/www.giron.fr\/wp-content\/uploads\/2024\/07\/Logo-Giron-Baseline-FR.png\",\"contentUrl\":\"https:\/\/www.giron.fr\/wp-content\/uploads\/2024\/07\/Logo-Giron-Baseline-FR.png\",\"width\":1772,\"height\":591,\"caption\":\"Giron\"},\"image\":{\"@id\":\"https:\/\/www.giron.fr\/#\/schema\/logo\/image\/\"}}]}<\/script>\n<!-- \/ Yoast SEO plugin. -->","yoast_head_json":{"title":"LES GRANULATS - Giron","description":"Un granulat est un mat\u00e9riau granulaire, d'origine min\u00e9rale ou recycl\u00e9e, principalement utilis\u00e9 dans le secteur du BTP.","robots":{"index":"noindex","follow":"follow","max-snippet":"max-snippet:-1","max-image-preview":"max-image-preview:large","max-video-preview":"max-video-preview:-1"},"og_locale":"es_ES","og_type":"article","og_title":"LES GRANULATS - Giron","og_description":"Un granulat est un mat\u00e9riau granulaire, d'origine min\u00e9rale ou recycl\u00e9e, principalement utilis\u00e9 dans le secteur du BTP.","og_url":"https:\/\/www.giron.fr\/es\/granulats\/","og_site_name":"Giron","article_modified_time":"2024-09-23T11:52:32+00:00","og_image":[{"url":"https:\/\/www.giron.fr\/wp-content\/uploads\/2024\/06\/Banniere-Linkedin-1-1024x173.png"}],"twitter_card":"summary_large_image","twitter_misc":{"Est. reading time":"5 minutes"},"schema":{"@context":"https:\/\/schema.org","@graph":[{"@type":"WebPage","@id":"https:\/\/www.giron.fr\/granulats\/","url":"https:\/\/www.giron.fr\/granulats\/","name":"LES GRANULATS - Giron","isPartOf":{"@id":"https:\/\/www.giron.fr\/#website"},"primaryImageOfPage":{"@id":"https:\/\/www.giron.fr\/granulats\/#primaryimage"},"image":{"@id":"https:\/\/www.giron.fr\/granulats\/#primaryimage"},"thumbnailUrl":"https:\/\/www.giron.fr\/wp-content\/uploads\/2024\/06\/Banniere-Linkedin-1-1024x173.png","datePublished":"2024-04-29T09:24:10+00:00","dateModified":"2024-09-23T11:52:32+00:00","description":"Un granulat est un mat\u00e9riau granulaire, d'origine min\u00e9rale ou recycl\u00e9e, principalement utilis\u00e9 dans le secteur du BTP.","breadcrumb":{"@id":"https:\/\/www.giron.fr\/granulats\/#breadcrumb"},"inLanguage":"es-ES","potentialAction":[{"@type":"ReadAction","target":["https:\/\/www.giron.fr\/granulats\/"]}]},{"@type":"ImageObject","inLanguage":"es-ES","@id":"https:\/\/www.giron.fr\/granulats\/#primaryimage","url":"https:\/\/www.giron.fr\/wp-content\/uploads\/2024\/06\/Banniere-Linkedin-1-1024x173.png","contentUrl":"https:\/\/www.giron.fr\/wp-content\/uploads\/2024\/06\/Banniere-Linkedin-1-1024x173.png"},{"@type":"BreadcrumbList","@id":"https:\/\/www.giron.fr\/granulats\/#breadcrumb","itemListElement":[{"@type":"ListItem","position":1,"name":"Home","item":"https:\/\/www.giron.fr\/"},{"@type":"ListItem","position":2,"name":"LES GRANULATS"}]},{"@type":"WebSite","@id":"https:\/\/www.giron.fr\/#website","url":"https:\/\/www.giron.fr\/","name":"Giron","description":"Fabricant fran\u00e7ais de toile de criblage en acier et polyur\u00e9thane","publisher":{"@id":"https:\/\/www.giron.fr\/#organization"},"potentialAction":[{"@type":"SearchAction","target":{"@type":"EntryPoint","urlTemplate":"https:\/\/www.giron.fr\/?s={search_term_string}"},"query-input":{"@type":"PropertyValueSpecification","valueRequired":true,"valueName":"search_term_string"}}],"inLanguage":"es-ES"},{"@type":"Organization","@id":"https:\/\/www.giron.fr\/#organization","name":"Giron","url":"https:\/\/www.giron.fr\/","logo":{"@type":"ImageObject","inLanguage":"es-ES","@id":"https:\/\/www.giron.fr\/#\/schema\/logo\/image\/","url":"https:\/\/www.giron.fr\/wp-content\/uploads\/2024\/07\/Logo-Giron-Baseline-FR.png","contentUrl":"https:\/\/www.giron.fr\/wp-content\/uploads\/2024\/07\/Logo-Giron-Baseline-FR.png","width":1772,"height":591,"caption":"Giron"},"image":{"@id":"https:\/\/www.giron.fr\/#\/schema\/logo\/image\/"}}]}},"_links":{"self":[{"href":"https:\/\/www.giron.fr\/es\/wp-json\/wp\/v2\/pages\/23"}],"collection":[{"href":"https:\/\/www.giron.fr\/es\/wp-json\/wp\/v2\/pages"}],"about":[{"href":"https:\/\/www.giron.fr\/es\/wp-json\/wp\/v2\/types\/page"}],"author":[{"embeddable":true,"href":"https:\/\/www.giron.fr\/es\/wp-json\/wp\/v2\/users\/3"}],"replies":[{"embeddable":true,"href":"https:\/\/www.giron.fr\/es\/wp-json\/wp\/v2\/comments?post=23"}],"version-history":[{"count":16,"href":"https:\/\/www.giron.fr\/es\/wp-json\/wp\/v2\/pages\/23\/revisions"}],"predecessor-version":[{"id":2031,"href":"https:\/\/www.giron.fr\/es\/wp-json\/wp\/v2\/pages\/23\/revisions\/2031"}],"wp:attachment":[{"href":"https:\/\/www.giron.fr\/es\/wp-json\/wp\/v2\/media?parent=23"}],"curies":[{"name":"wp","href":"https:\/\/api.w.org\/{rel}","templated":true}]}}