{"id":1278,"date":"2024-06-11T14:35:51","date_gmt":"2024-06-11T12:35:51","guid":{"rendered":"https:\/\/www.giron.fr\/?page_id=1278"},"modified":"2025-05-19T09:53:17","modified_gmt":"2025-05-19T07:53:17","slug":"developpement-durable","status":"publish","type":"page","link":"https:\/\/www.giron.fr\/ro\/dezvoltare-durabila\/","title":{"rendered":"CSR LA GIRON"},"content":{"rendered":"<div class=\"wp-block-group has-global-padding is-layout-constrained wp-block-group-is-layout-constrained\" data-block-type=\"core\">\n<figure class=\"wp-block-image aligncenter size-full is-resized\" data-block-type=\"core\"><img loading=\"lazy\" decoding=\"async\" width=\"1128\" height=\"191\" src=\"https:\/\/www.giron.fr\/wp-content\/uploads\/2024\/06\/Banniere-Linkedin.png\" alt=\"\" class=\"wp-image-1446\" style=\"width:1161px;height:auto\" srcset=\"https:\/\/www.giron.fr\/wp-content\/uploads\/2024\/06\/Banniere-Linkedin.png 1128w, https:\/\/www.giron.fr\/wp-content\/uploads\/2024\/06\/Banniere-Linkedin-300x51.png 300w, https:\/\/www.giron.fr\/wp-content\/uploads\/2024\/06\/Banniere-Linkedin-1024x173.png 1024w, https:\/\/www.giron.fr\/wp-content\/uploads\/2024\/06\/Banniere-Linkedin-768x130.png 768w, https:\/\/www.giron.fr\/wp-content\/uploads\/2024\/06\/Banniere-Linkedin-18x3.png 18w\" sizes=\"(max-width: 1128px) 100vw, 1128px\" \/><\/figure>\n\n\n\n<h2 class=\"wp-block-heading\" data-block-type=\"core\"><strong>Abordarea noastr\u0103<\/strong><\/h2>\n\n\n\n<p>Succesul \u0219i viitorul grupului GIRON se bazeaz\u0103 pe o abordare voluntar\u0103 \u0219i pe angajamente \u00een ceea ce prive\u0219te <strong>responsabilitatea social\u0103 \u0219i de mediu.<\/strong><\/p>\n\n\n\n<p>Scopul nostru este de a \u00eencuraja implementarea principiilor RSI \u00een r\u00e2ndul tuturor p\u0103r\u021bilor interesate (angaja\u021bi, furnizori, subcontractan\u021bi, clien\u021bi), pe baza unei logici de \u00eembun\u0103t\u0103\u021bire continu\u0103.<\/p>\n\n\n\n<p>De mul\u021bi ani, o gam\u0103 larg\u0103 de ini\u021biative, at\u00e2t interne, c\u00e2t \u0219i externe, au fost puse \u00een aplicare pentru a promova un impact pozitiv asupra mediului. <strong>trei piloni majori ai CSR:<\/strong><\/p>\n\n\n\n<ul class=\"wp-block-list\" data-block-type=\"core\">\n<li data-aos=\"fade-up\" data-block-type=\"core\"><strong>Environnement :<\/strong> Reducerea amprentei noastre de carbon, dezvoltarea de solu\u021bii ecologice \u0219i promovarea economiei circulare.<\/li>\n\n\n\n<li data-block-type=\"core\"><strong>Social :<\/strong> Asigurarea unui mediu de lucru de calitate, promovarea diversit\u0103\u021bii \u0219i sprijinirea comunit\u0103\u021bilor locale.<\/li>\n\n\n\n<li data-aos=\"fade-up\" data-block-type=\"core\"><strong>Economie :<\/strong> Asigurarea sustenabilit\u0103\u021bii noastre economice, crearea de valoare pentru clien\u021bii no\u0219tri \u0219i perpetuarea know-how-ului nostru, consolidat de brevetele \u0219i etichetele noastre.<\/li>\n<\/ul>\n<\/div>\n\n\n\n<div style=\"height:6px\" aria-hidden=\"true\" class=\"wp-block-spacer\" data-block-type=\"core\"><\/div>\n\n\n\n<div class=\"wp-block-group has-custom-giron-gris-clair-background-color has-background has-global-padding is-layout-constrained wp-block-group-is-layout-constrained\" data-block-type=\"core\">\n<div style=\"height:12px\" aria-hidden=\"true\" class=\"wp-block-spacer\" data-block-type=\"core\"><\/div>\n\n\n\n<h3 class=\"wp-block-heading\" data-block-type=\"core\">Ce este CSR?<\/h3>\n\n\n\n<p>La <strong>Responsabilitatea social\u0103 a \u00eentreprinderilor (CSR)<\/strong> se refer\u0103 la angajamentul \u00eentreprinderilor de a integra aspectele sociale, de mediu \u0219i economice \u00een centrul activit\u0103\u021bilor lor.<\/p>\n\n\n\n<p>Aceasta \u00eenseamn\u0103 reducerea impactului nostru asupra mediului, \u00eembun\u0103t\u0103\u021birea condi\u021biilor de munc\u0103 \u0219i contribu\u021bia activ\u0103 la bun\u0103starea comunit\u0103\u021bilor noastre.<\/p>\n\n\n\n<p>Scopul RSI este de a reconcilia performan\u021ba economic\u0103 cu respectarea valorilor etice, deschiz\u00e2nd calea c\u0103tre un viitor mai responsabil \u0219i mai respectuos.<\/p>\n\n\n\n<hr class=\"wp-block-separator has-alpha-channel-opacity is-style-wide\">\n\n\n\n<p><\/p>\n<\/div>\n\n\n\n<div class=\"wp-block-group has-global-padding is-layout-constrained wp-block-group-is-layout-constrained\" data-block-type=\"core\">\n<h2 class=\"wp-block-heading has-text-align-center\" data-block-type=\"core\">unele <strong>Ac\u021biuni CSR implementate de companie<\/strong><\/h2>\n\n\n\n<div class=\"wp-block-media-text alignwide has-media-on-the-right is-vertically-aligned-center\" style=\"grid-template-columns:auto 40%\" data-aos=\"flip-up\" data-block-type=\"core\"><div class=\"wp-block-media-text__content\">\n<p data-aos=\"flip-up\"><strong>Punerea \u00een func\u021biune a panourilor solare (ianuarie 2025) :<\/strong> \u00cen 2024, compania a instalat panouri solare cu scopul de a-\u0219i reduce amprenta de carbon prin producerea propriei electricit\u0103\u021bi dintr-o surs\u0103 de energie regenerabil\u0103.<\/p>\n\n\n\n<p><strong>Reducerea consumului de energie (din 2021) :<\/strong> Giron a optimizat sistemele de iluminat \u0219i de \u00eenc\u0103lzire\/r\u0103cire, precum \u0219i gestionarea pornirii \u0219i opririi utilajelor.<\/p>\n\n\n\n<p><strong>Reciclarea resturilor de p\u00e2nz\u0103 de ecran (din 2023) :<\/strong> Datorit\u0103 talentului artistului David Vaucelle, Giron \u00ee\u0219i recicleaz\u0103 ecranele de o\u021bel. O \u00eent\u00e2lnire inspirat\u0103 la festivalul \"L'art en vrac\" a dat na\u0219tere unei colabor\u0103ri unice: transformarea \"de\u0219eurilor\" noastre industriale \u00een opere de art\u0103 magnifice. David extrage \u00een mod regulat materia prim\u0103 pentru crea\u021biile sale direct din atelierele noastre.<\/p>\n<\/div><figure class=\"wp-block-media-text__media\"><img loading=\"lazy\" decoding=\"async\" width=\"1024\" height=\"1024\" src=\"https:\/\/www.giron.fr\/wp-content\/uploads\/2024\/08\/RO-NRJ.png\" alt=\"\" class=\"wp-image-1447 size-full\" srcset=\"https:\/\/www.giron.fr\/wp-content\/uploads\/2024\/08\/RO-NRJ.png 1200w, https:\/\/www.giron.fr\/wp-content\/uploads\/2024\/08\/RO-NRJ-300x300.png 300w, https:\/\/www.giron.fr\/wp-content\/uploads\/2024\/08\/RO-NRJ-1024x1024.png 1024w, https:\/\/www.giron.fr\/wp-content\/uploads\/2024\/08\/RO-NRJ-150x150.png 150w, https:\/\/www.giron.fr\/wp-content\/uploads\/2024\/08\/RO-NRJ-768x768.png 768w, https:\/\/www.giron.fr\/wp-content\/uploads\/2024\/08\/RO-NRJ-12x12.png 12w\" sizes=\"(max-width: 1024px) 100vw, 1024px\" \/><\/figure><\/div>\n\n\n\n<div class=\"wp-block-media-text alignwide is-vertically-aligned-center\" style=\"grid-template-columns:40% auto\" data-aos=\"flip-up\" data-block-type=\"core\"><figure class=\"wp-block-media-text__media\"><img loading=\"lazy\" decoding=\"async\" width=\"1024\" height=\"1024\" src=\"https:\/\/www.giron.fr\/wp-content\/uploads\/2024\/08\/RO-Collab.png\" alt=\"\" class=\"wp-image-1449 size-full\" srcset=\"https:\/\/www.giron.fr\/wp-content\/uploads\/2024\/08\/RO-Collab.png 1200w, https:\/\/www.giron.fr\/wp-content\/uploads\/2024\/08\/RO-Collab-300x300.png 300w, https:\/\/www.giron.fr\/wp-content\/uploads\/2024\/08\/RO-Collab-1024x1024.png 1024w, https:\/\/www.giron.fr\/wp-content\/uploads\/2024\/08\/RO-Collab-150x150.png 150w, https:\/\/www.giron.fr\/wp-content\/uploads\/2024\/08\/RO-Collab-768x768.png 768w, https:\/\/www.giron.fr\/wp-content\/uploads\/2024\/08\/RO-Collab-12x12.png 12w\" sizes=\"(max-width: 1024px) 100vw, 1024px\" \/><\/figure><div class=\"wp-block-media-text__content\">\n<p data-aos=\"flip-up\"><strong>Colaborare cu Deastance Services (din 2021) :<\/strong> Giron a apelat la compania adaptat\u0103 Deastance Services pentru a redacta sec\u021biunea de \u0219tiri a site-ului s\u0103u. Prin colaborarea cu aceast\u0103 companie, Giron \u00ee\u0219i propune s\u0103 sprijine incluziunea profesional\u0103 a persoanelor cu handicap.<\/p>\n\n\n\n<p><strong>Sponsorizarea festivalului Jazzellerault (din 1984):<\/strong> Giron sprijin\u0103 festivalul local de jazz din Ch\u00e2tellerault, numit Jazzellerault.<\/p>\n\n\n\n<p><strong>Sponsorizarea echipei pentru Trofeul 205 (2024 &amp; 2025) :<\/strong> Giron sprijin\u0103 o echip\u0103 care particip\u0103 la Trofeul 205, un eveniment sportiv cu motor. Aceast\u0103 sponsorizare \u00eencurajeaz\u0103 crearea de evenimente umanitare \u0219i cre\u0219te vizibilitatea companiei.<\/p>\n\n\n\n<p><strong>Sponsorizarea unei echipe \u00een Raliul Amazonului (2024):<\/strong> Giron sprijin\u0103 o echip\u0103 \u00een Rallye des Amazones, un raid auto feminin. Acest sprijin contribuie la promovarea femeilor sportive \u0219i la cre\u0219terea vizibilit\u0103\u021bii companiei.<\/p>\n\n\n\n<p><strong>Sponsorizare cu diverse pie\u021be locale (2024) :<\/strong> Giron \u00eencurajeaz\u0103 diverse pie\u021be locale pentru a promova me\u0219te\u0219ugurile \u0219i produsele locale.<\/p>\n\n\n\n<p><strong>Sponsorizare cu L'Art en Vrac (din 2023) :<\/strong> Giron sprijin\u0103 L'Art en Vrac, o asocia\u021bie local\u0103 care promoveaz\u0103 arta contemporan\u0103.<\/p>\n\n\n\n<p><strong>Sponsorizare cu \u00c9cole Nationale Sup\u00e9rieure d'Architecture et de Paysage de Bordeaux (2024) :<\/strong> Giron a sprijinit studen\u021bii pentru proiectul lor Archi en Folie, prezentat la Jocurile Olimpice \u0219i Paralimpice din 2024. Proiectul a presupus construirea unor pavilioane efemere unice dintr-o varietate de materiale. Pentru a contribui la acest proiect, Giron a furnizat p\u00e2nzele de protec\u021bie necesare pentru construirea acestei demonstra\u021bii arhitecturale inovatoare.<\/p>\n<\/div><\/div>\n\n\n\n<div class=\"wp-block-media-text alignwide has-media-on-the-right is-vertically-aligned-center\" style=\"grid-template-columns:auto 40%\" data-aos=\"flip-up\" data-block-type=\"core\"><div class=\"wp-block-media-text__content\">\n<p data-aos=\"flip-up\"><strong>Instalarea de stupi \u00een incinta \u00eentreprinderii (din 2023):<\/strong> Giron a instalat stupi de albine pe site-ul s\u0103u pentru a contribui la conservarea biodiversit\u0103\u021bii \u00een zon\u0103. Mierea produs\u0103 este apoi distribuit\u0103 angaja\u021bilor.<\/p>\n\n\n\n<p><strong>Plantarea de noi arbu\u0219ti (2024) : <\/strong>Giron planteaz\u0103 noi arbu\u0219ti din mai multe specii pe site-ul s\u0103u pentru a p\u0103stra biodiversitatea \u0219i a crea un mediu mai pl\u0103cut pentru angaja\u021bii s\u0103i.<\/p>\n\n\n\n<p><strong>Sporturi corporative (din 2022) :<\/strong> Giron \u00eencurajeaz\u0103 sportul de \u00eentreprindere prin sus\u021binerea unei echipe de tenis de mas\u0103 format\u0103 \u00een \u00eentregime din membri ai companiei. Echipa Giron particip\u0103 la campionatul corporativ organizat de comitetul de tenis de mas\u0103 din Vienne \u0219i la provoc\u0103rile sportive inter-companii din Greater Poitiers.<\/p>\n<\/div><figure class=\"wp-block-media-text__media\"><img loading=\"lazy\" decoding=\"async\" width=\"1024\" height=\"1024\" src=\"https:\/\/www.giron.fr\/wp-content\/uploads\/2024\/08\/RO-ENVI.png\" alt=\"\" class=\"wp-image-1582 size-full\" srcset=\"https:\/\/www.giron.fr\/wp-content\/uploads\/2024\/08\/RO-ENVI.png 1200w, https:\/\/www.giron.fr\/wp-content\/uploads\/2024\/08\/RO-ENVI-300x300.png 300w, https:\/\/www.giron.fr\/wp-content\/uploads\/2024\/08\/RO-ENVI-1024x1024.png 1024w, https:\/\/www.giron.fr\/wp-content\/uploads\/2024\/08\/RO-ENVI-150x150.png 150w, https:\/\/www.giron.fr\/wp-content\/uploads\/2024\/08\/RO-ENVI-768x768.png 768w, https:\/\/www.giron.fr\/wp-content\/uploads\/2024\/08\/RO-ENVI-12x12.png 12w\" sizes=\"(max-width: 1024px) 100vw, 1024px\" \/><\/figure><\/div>\n\n\n\n<div style=\"height:46px\" aria-hidden=\"true\" class=\"wp-block-spacer\" data-block-type=\"core\"><\/div>\n\n\n\n<p>Aceste ac\u021biuni demonstreaz\u0103 angajamentul Giron fa\u021b\u0103 de diverse aspecte legate de CSR. Compania este implicat\u0103 \u00een diverse ini\u021biative care vizeaz\u0103 reducerea impactului s\u0103u asupra mediului, sprijinirea comunit\u0103\u021bilor locale \u0219i promovarea bun\u0103st\u0103rii angaja\u021bilor s\u0103i.<\/p>\n\n\n\n<div class=\"wp-block-file aligncenter\" data-block-type=\"core\"><a id=\"wp-block-file--media-7064fcf5-8c0f-4dea-b615-2c28a59fc5b2\" href=\"https:\/\/www.giron.fr\/wp-content\/uploads\/2025\/05\/Charte-RSE-GIRON-RO.pdf\">Carta CSR GIRON<\/a><a href=\"https:\/\/www.giron.fr\/wp-content\/uploads\/2025\/05\/Charte-RSE-GIRON-RO.pdf\" class=\"wp-block-file__button wp-element-button\" download aria-describedby=\"wp-block-file--media-7064fcf5-8c0f-4dea-b615-2c28a59fc5b2\">Consulta\u021bi documentul<\/a><\/div>\n\n\n\n<p>Ca parte a angajamentului nostru de a reduce impactul activit\u0103\u021bilor noastre asupra mediului, GIRON a realizat <strong>Raport privind emisiile de gaze cu efect de ser\u0103<\/strong> (BEGES) \u00een 2022. <\/p>\n\n\n\n<p>Acest instrument ne-a permis s\u0103 ne calcul\u0103m amprenta de carbon \u0219i s\u0103 identific\u0103m principalele surse de emisii, astfel \u00eenc\u00e2t s\u0103 putem lua m\u0103suri concrete pentru a le reduce.<\/p>\n\n\n\n<p>Face\u021bi clic aici pentru a afla mai multe despre raportul nostru BEGES 2022, cu o defalcare a emisiilor pe categorii de emisii: <\/p>\n\n\n\n<figure class=\"wp-block-image size-full\" data-block-type=\"core\"><img loading=\"lazy\" decoding=\"async\" width=\"1600\" height=\"900\" src=\"https:\/\/www.giron.fr\/wp-content\/uploads\/2025\/01\/LK-giron.png\" alt=\"Repartizarea emisiilor pe categorii de emisii - Giron\" class=\"wp-image-2061\" srcset=\"https:\/\/www.giron.fr\/wp-content\/uploads\/2025\/01\/LK-giron.png 1600w, https:\/\/www.giron.fr\/wp-content\/uploads\/2025\/01\/LK-giron-300x169.png 300w, https:\/\/www.giron.fr\/wp-content\/uploads\/2025\/01\/LK-giron-1024x576.png 1024w, https:\/\/www.giron.fr\/wp-content\/uploads\/2025\/01\/LK-giron-768x432.png 768w, https:\/\/www.giron.fr\/wp-content\/uploads\/2025\/01\/LK-giron-1536x864.png 1536w, https:\/\/www.giron.fr\/wp-content\/uploads\/2025\/01\/LK-giron-18x10.png 18w\" sizes=\"(max-width: 1600px) 100vw, 1600px\" \/><\/figure>\n\n\n\n<p>Iat\u0103 care sunt obiectivele noastre de reducere, definite \u00een conformitate cu BEGES 2022 :<\/p>\n\n\n\n<ul class=\"wp-block-list\" data-block-type=\"core\">\n<li data-block-type=\"core\"><strong>Investi\u021bii \u00een utilaje<\/strong> \u0219i instrumente pentru a optimiza utilizarea materiilor prime \u00een procesele noastre de produc\u021bie.<\/li>\n\n\n\n<li data-block-type=\"core\">Studia\u021bi diferitele op\u021biuni pentru<strong> materii prime pentru a le favoriza pe cele mai durabile.<\/strong><\/li>\n\n\n\n<li data-block-type=\"core\"><strong>Optimizarea contractelor de \u00eentre\u021binere \u0219i repara\u021bii<\/strong> prin \u00eencurajarea \u00eentre\u021binerii preventive \u0219i reducerea frecven\u021bei interven\u021biilor.<\/li>\n\n\n\n<li data-block-type=\"core\"><strong>Reciclarea \u0219i recuperarea de\u0219eurilor<\/strong> prin identificarea cump\u0103r\u0103torilor care le pot transforma \u00een materii prime.<\/li>\n\n\n\n<li data-block-type=\"core\"><strong>Instalarea de panouri solare<\/strong> s\u0103 \u00eenlocuim o parte din consumul nostru de combustibili fosili cu energie regenerabil\u0103.<\/li>\n<\/ul>\n<\/div>\n\n\n\n<p><\/p>","protected":false},"excerpt":{"rendered":"<p>Abordarea noastr\u0103 Succesul \u0219i viitorul grupului GIRON se bazeaz\u0103 pe o abordare voluntar\u0103 \u0219i pe angajamente \u00een materie de [...].<\/p>","protected":false},"author":3,"featured_media":0,"parent":0,"menu_order":0,"comment_status":"closed","ping_status":"closed","template":"","meta":{"_acf_changed":false,"footnotes":""},"class_list":["post-1278","page","type-page","status-publish","hentry"],"acf":[],"yoast_head":"<!-- This site is optimized with the Yoast SEO plugin v23.4 - https:\/\/yoast.com\/wordpress\/plugins\/seo\/ -->\n<title>RSE CHEZ GIRON - Giron<\/title>\n<meta name=\"description\" content=\"La r\u00e9ussite du groupe GIRON et son avenir s\u2019appuient sur une d\u00e9marche volontaire pour des engagements en mati\u00e8re de RSE. \u00a0\" \/>\n<meta name=\"robots\" content=\"noindex, follow, max-snippet:-1, max-image-preview:large, max-video-preview:-1\" \/>\n<meta property=\"og:locale\" content=\"ro_RO\" \/>\n<meta property=\"og:type\" content=\"article\" \/>\n<meta property=\"og:title\" content=\"RSE CHEZ GIRON - Giron\" \/>\n<meta property=\"og:description\" content=\"La r\u00e9ussite du groupe GIRON et son avenir s\u2019appuient sur une d\u00e9marche volontaire pour des engagements en mati\u00e8re de RSE. \u00a0\" \/>\n<meta property=\"og:url\" content=\"https:\/\/www.giron.fr\/ro\/dezvoltare-durabila\/\" \/>\n<meta property=\"og:site_name\" content=\"Giron\" \/>\n<meta property=\"article:modified_time\" content=\"2025-05-19T07:53:17+00:00\" \/>\n<meta property=\"og:image\" content=\"https:\/\/www.giron.fr\/wp-content\/uploads\/2024\/06\/Banniere-Linkedin.png\" \/>\n<meta name=\"twitter:card\" content=\"summary_large_image\" \/>\n<meta name=\"twitter:label1\" content=\"Est. reading time\" \/>\n\t<meta name=\"twitter:data1\" content=\"6 minutes\" \/>\n<script type=\"application\/ld+json\" class=\"yoast-schema-graph\">{\"@context\":\"https:\/\/schema.org\",\"@graph\":[{\"@type\":\"WebPage\",\"@id\":\"https:\/\/www.giron.fr\/developpement-durable\/\",\"url\":\"https:\/\/www.giron.fr\/developpement-durable\/\",\"name\":\"RSE CHEZ GIRON - Giron\",\"isPartOf\":{\"@id\":\"https:\/\/www.giron.fr\/#website\"},\"primaryImageOfPage\":{\"@id\":\"https:\/\/www.giron.fr\/developpement-durable\/#primaryimage\"},\"image\":{\"@id\":\"https:\/\/www.giron.fr\/developpement-durable\/#primaryimage\"},\"thumbnailUrl\":\"https:\/\/www.giron.fr\/wp-content\/uploads\/2024\/06\/Banniere-Linkedin.png\",\"datePublished\":\"2024-06-11T12:35:51+00:00\",\"dateModified\":\"2025-05-19T07:53:17+00:00\",\"description\":\"La r\u00e9ussite du groupe GIRON et son avenir s\u2019appuient sur une d\u00e9marche volontaire pour des engagements en mati\u00e8re de RSE. \u00a0\",\"breadcrumb\":{\"@id\":\"https:\/\/www.giron.fr\/developpement-durable\/#breadcrumb\"},\"inLanguage\":\"ro-RO\",\"potentialAction\":[{\"@type\":\"ReadAction\",\"target\":[\"https:\/\/www.giron.fr\/developpement-durable\/\"]}]},{\"@type\":\"ImageObject\",\"inLanguage\":\"ro-RO\",\"@id\":\"https:\/\/www.giron.fr\/developpement-durable\/#primaryimage\",\"url\":\"https:\/\/www.giron.fr\/wp-content\/uploads\/2024\/06\/Banniere-Linkedin.png\",\"contentUrl\":\"https:\/\/www.giron.fr\/wp-content\/uploads\/2024\/06\/Banniere-Linkedin.png\"},{\"@type\":\"BreadcrumbList\",\"@id\":\"https:\/\/www.giron.fr\/developpement-durable\/#breadcrumb\",\"itemListElement\":[{\"@type\":\"ListItem\",\"position\":1,\"name\":\"Home\",\"item\":\"https:\/\/www.giron.fr\/\"},{\"@type\":\"ListItem\",\"position\":2,\"name\":\"RSE CHEZ GIRON\"}]},{\"@type\":\"WebSite\",\"@id\":\"https:\/\/www.giron.fr\/#website\",\"url\":\"https:\/\/www.giron.fr\/\",\"name\":\"Giron\",\"description\":\"Fabricant fran\u00e7ais de toile de criblage en acier et polyur\u00e9thane\",\"publisher\":{\"@id\":\"https:\/\/www.giron.fr\/#organization\"},\"potentialAction\":[{\"@type\":\"SearchAction\",\"target\":{\"@type\":\"EntryPoint\",\"urlTemplate\":\"https:\/\/www.giron.fr\/?s={search_term_string}\"},\"query-input\":{\"@type\":\"PropertyValueSpecification\",\"valueRequired\":true,\"valueName\":\"search_term_string\"}}],\"inLanguage\":\"ro-RO\"},{\"@type\":\"Organization\",\"@id\":\"https:\/\/www.giron.fr\/#organization\",\"name\":\"Giron\",\"url\":\"https:\/\/www.giron.fr\/\",\"logo\":{\"@type\":\"ImageObject\",\"inLanguage\":\"ro-RO\",\"@id\":\"https:\/\/www.giron.fr\/#\/schema\/logo\/image\/\",\"url\":\"https:\/\/www.giron.fr\/wp-content\/uploads\/2024\/07\/Logo-Giron-Baseline-FR.png\",\"contentUrl\":\"https:\/\/www.giron.fr\/wp-content\/uploads\/2024\/07\/Logo-Giron-Baseline-FR.png\",\"width\":1772,\"height\":591,\"caption\":\"Giron\"},\"image\":{\"@id\":\"https:\/\/www.giron.fr\/#\/schema\/logo\/image\/\"}}]}<\/script>\n<!-- \/ Yoast SEO plugin. -->","yoast_head_json":{"title":"RSE CHEZ GIRON - Giron","description":"La r\u00e9ussite du groupe GIRON et son avenir s\u2019appuient sur une d\u00e9marche volontaire pour des engagements en mati\u00e8re de RSE. \u00a0","robots":{"index":"noindex","follow":"follow","max-snippet":"max-snippet:-1","max-image-preview":"max-image-preview:large","max-video-preview":"max-video-preview:-1"},"og_locale":"ro_RO","og_type":"article","og_title":"RSE CHEZ GIRON - Giron","og_description":"La r\u00e9ussite du groupe GIRON et son avenir s\u2019appuient sur une d\u00e9marche volontaire pour des engagements en mati\u00e8re de RSE. \u00a0","og_url":"https:\/\/www.giron.fr\/ro\/dezvoltare-durabila\/","og_site_name":"Giron","article_modified_time":"2025-05-19T07:53:17+00:00","og_image":[{"url":"https:\/\/www.giron.fr\/wp-content\/uploads\/2024\/06\/Banniere-Linkedin.png"}],"twitter_card":"summary_large_image","twitter_misc":{"Est. reading time":"6 minutes"},"schema":{"@context":"https:\/\/schema.org","@graph":[{"@type":"WebPage","@id":"https:\/\/www.giron.fr\/developpement-durable\/","url":"https:\/\/www.giron.fr\/developpement-durable\/","name":"RSE CHEZ GIRON - Giron","isPartOf":{"@id":"https:\/\/www.giron.fr\/#website"},"primaryImageOfPage":{"@id":"https:\/\/www.giron.fr\/developpement-durable\/#primaryimage"},"image":{"@id":"https:\/\/www.giron.fr\/developpement-durable\/#primaryimage"},"thumbnailUrl":"https:\/\/www.giron.fr\/wp-content\/uploads\/2024\/06\/Banniere-Linkedin.png","datePublished":"2024-06-11T12:35:51+00:00","dateModified":"2025-05-19T07:53:17+00:00","description":"La r\u00e9ussite du groupe GIRON et son avenir s\u2019appuient sur une d\u00e9marche volontaire pour des engagements en mati\u00e8re de RSE. \u00a0","breadcrumb":{"@id":"https:\/\/www.giron.fr\/developpement-durable\/#breadcrumb"},"inLanguage":"ro-RO","potentialAction":[{"@type":"ReadAction","target":["https:\/\/www.giron.fr\/developpement-durable\/"]}]},{"@type":"ImageObject","inLanguage":"ro-RO","@id":"https:\/\/www.giron.fr\/developpement-durable\/#primaryimage","url":"https:\/\/www.giron.fr\/wp-content\/uploads\/2024\/06\/Banniere-Linkedin.png","contentUrl":"https:\/\/www.giron.fr\/wp-content\/uploads\/2024\/06\/Banniere-Linkedin.png"},{"@type":"BreadcrumbList","@id":"https:\/\/www.giron.fr\/developpement-durable\/#breadcrumb","itemListElement":[{"@type":"ListItem","position":1,"name":"Home","item":"https:\/\/www.giron.fr\/"},{"@type":"ListItem","position":2,"name":"RSE CHEZ GIRON"}]},{"@type":"WebSite","@id":"https:\/\/www.giron.fr\/#website","url":"https:\/\/www.giron.fr\/","name":"Giron","description":"Fabricant fran\u00e7ais de toile de criblage en acier et polyur\u00e9thane","publisher":{"@id":"https:\/\/www.giron.fr\/#organization"},"potentialAction":[{"@type":"SearchAction","target":{"@type":"EntryPoint","urlTemplate":"https:\/\/www.giron.fr\/?s={search_term_string}"},"query-input":{"@type":"PropertyValueSpecification","valueRequired":true,"valueName":"search_term_string"}}],"inLanguage":"ro-RO"},{"@type":"Organization","@id":"https:\/\/www.giron.fr\/#organization","name":"Giron","url":"https:\/\/www.giron.fr\/","logo":{"@type":"ImageObject","inLanguage":"ro-RO","@id":"https:\/\/www.giron.fr\/#\/schema\/logo\/image\/","url":"https:\/\/www.giron.fr\/wp-content\/uploads\/2024\/07\/Logo-Giron-Baseline-FR.png","contentUrl":"https:\/\/www.giron.fr\/wp-content\/uploads\/2024\/07\/Logo-Giron-Baseline-FR.png","width":1772,"height":591,"caption":"Giron"},"image":{"@id":"https:\/\/www.giron.fr\/#\/schema\/logo\/image\/"}}]}},"_links":{"self":[{"href":"https:\/\/www.giron.fr\/ro\/wp-json\/wp\/v2\/pages\/1278"}],"collection":[{"href":"https:\/\/www.giron.fr\/ro\/wp-json\/wp\/v2\/pages"}],"about":[{"href":"https:\/\/www.giron.fr\/ro\/wp-json\/wp\/v2\/types\/page"}],"author":[{"embeddable":true,"href":"https:\/\/www.giron.fr\/ro\/wp-json\/wp\/v2\/users\/3"}],"replies":[{"embeddable":true,"href":"https:\/\/www.giron.fr\/ro\/wp-json\/wp\/v2\/comments?post=1278"}],"version-history":[{"count":42,"href":"https:\/\/www.giron.fr\/ro\/wp-json\/wp\/v2\/pages\/1278\/revisions"}],"predecessor-version":[{"id":2210,"href":"https:\/\/www.giron.fr\/ro\/wp-json\/wp\/v2\/pages\/1278\/revisions\/2210"}],"wp:attachment":[{"href":"https:\/\/www.giron.fr\/ro\/wp-json\/wp\/v2\/media?parent=1278"}],"curies":[{"name":"wp","href":"https:\/\/api.w.org\/{rel}","templated":true}]}}