{"id":1459,"date":"2024-06-25T18:09:14","date_gmt":"2024-06-25T16:09:14","guid":{"rendered":"https:\/\/www.giron.fr\/?page_id=1459"},"modified":"2025-05-02T10:32:53","modified_gmt":"2025-05-02T08:32:53","slug":"emploi","status":"publish","type":"page","link":"https:\/\/www.giron.fr\/ro\/accueil\/emploi\/","title":{"rendered":"AL\u0102TUR\u0102-TE NOU\u0102"},"content":{"rendered":"<div class=\"wp-block-group has-global-padding is-layout-constrained wp-block-group-is-layout-constrained\" data-block-type=\"core\">\n<h2 class=\"wp-block-heading\" data-block-type=\"core\">Munc\u0103 stimulativ\u0103 \u00een centrul unei companii \u00een mi\u0219care<\/h2>\n\n\n\n<h3 class=\"wp-block-heading\" data-block-type=\"core\"><strong>For\u021ba noastr\u0103 motrice: energia colectiv\u0103<\/strong><\/h3>\n\n\n\n<p>A te al\u0103tura Giron \u00eenseamn\u0103 a te al\u0103tura unui grup aflat la v\u00e2rful de lance al sectorului s\u0103u, recunoscut pentru leadership \u0219i inova\u021bie. \u00cen fiecare zi, ne ridic\u0103m la \u00een\u0103l\u021bimea provoc\u0103rilor \u021besutului de screening, inova\u021biei, tranzi\u021biei energetice \u0219i protec\u021biei mediului.<\/p>\n\n\n\n<p>Spiritul nostru de echip\u0103, concentrarea pe angaja\u021bii no\u0219tri \u0219i angajamentul nostru de a ne sprijini clien\u021bii ne-au condus \u00eentotdeauna spre excelen\u021b\u0103.<\/p>\n\n\n\n<p>A lucra la Giron \u00eenseamn\u0103 a prospera \u00eentr-un mediu colaborativ \u00een care ascultarea \u0219i \u00eemp\u0103rt\u0103\u0219irea sunt \u00een centrul interac\u021biunilor noastre. V\u0103 ve\u021bi al\u0103tura unei companii ambi\u021bioase, grijulii, care v\u0103 \u00eencurajeaz\u0103 s\u0103 v\u0103 dep\u0103\u0219i\u021bi limitele \u0219i v\u0103 deschide noi perspective, at\u00e2t \u00een Fran\u021ba, c\u00e2t \u0219i \u00een str\u0103in\u0103tate.<\/p>\n\n\n\n<p><strong>Dac\u0103 sunte\u021bi \u00een c\u0103utarea unei activit\u0103\u021bi stimulante \u00eentr-o companie cu cre\u0219tere rapid\u0103, Giron este locul potrivit pentru dvs.<\/strong><\/p>\n\n\n\n<div class=\"wp-block-buttons alignwide is-content-justification-center is-layout-flex wp-container-core-buttons-is-layout-1 wp-block-buttons-is-layout-flex\" data-block-type=\"core\">\n<div class=\"wp-block-button has-custom-width wp-block-button__width-100\" data-aos=\"flip-up\" data-block-type=\"core\"><a class=\"wp-block-button__link wp-element-button\" href=\"https:\/\/www.giron.fr\/ro\/contact\/\" target=\"_blank\" rel=\"noreferrer noopener\">TRIMITE\u021aI O CERERE NESOLICITAT\u0102<\/a><\/div>\n<\/div>\n<\/div>\n\n\n\n<p><\/p>","protected":false},"excerpt":{"rendered":"<p>Munc\u0103 stimulativ\u0103 \u00een inima unei companii \u00een mi\u0219care For\u021ba noastr\u0103 motrice: energia colectiv\u0103 A te al\u0103tura Giron \u00eenseamn\u0103 a deveni parte a unei [...]<\/p>","protected":false},"author":3,"featured_media":0,"parent":750,"menu_order":4,"comment_status":"closed","ping_status":"closed","template":"","meta":{"_acf_changed":false,"footnotes":""},"class_list":["post-1459","page","type-page","status-publish","hentry"],"acf":[],"yoast_head":"<!-- This site is optimized with the Yoast SEO plugin v23.4 - https:\/\/yoast.com\/wordpress\/plugins\/seo\/ -->\n<title>NOUS REJOINDRE - Giron<\/title>\n<meta name=\"description\" content=\"Rejoindre Giron, c&#039;est int\u00e9grer un groupe \u00e0 la pointe de son secteur, reconnu pour son leadership et son innovation.\" \/>\n<meta name=\"robots\" content=\"noindex, follow, max-snippet:-1, max-image-preview:large, max-video-preview:-1\" \/>\n<meta property=\"og:locale\" content=\"ro_RO\" \/>\n<meta property=\"og:type\" content=\"article\" \/>\n<meta property=\"og:title\" content=\"NOUS REJOINDRE - Giron\" \/>\n<meta property=\"og:description\" content=\"Rejoindre Giron, c&#039;est int\u00e9grer un groupe \u00e0 la pointe de son secteur, reconnu pour son leadership et son innovation.\" \/>\n<meta property=\"og:url\" content=\"https:\/\/www.giron.fr\/ro\/accueil\/emploi\/\" \/>\n<meta property=\"og:site_name\" content=\"Giron\" \/>\n<meta property=\"article:modified_time\" content=\"2025-05-02T08:32:53+00:00\" \/>\n<meta name=\"twitter:card\" content=\"summary_large_image\" \/>\n<meta name=\"twitter:label1\" content=\"Est. reading time\" \/>\n\t<meta name=\"twitter:data1\" content=\"1 minute\" \/>\n<script type=\"application\/ld+json\" class=\"yoast-schema-graph\">{\"@context\":\"https:\/\/schema.org\",\"@graph\":[{\"@type\":\"WebPage\",\"@id\":\"https:\/\/www.giron.fr\/accueil\/emploi\/\",\"url\":\"https:\/\/www.giron.fr\/accueil\/emploi\/\",\"name\":\"NOUS REJOINDRE - Giron\",\"isPartOf\":{\"@id\":\"https:\/\/www.giron.fr\/#website\"},\"datePublished\":\"2024-06-25T16:09:14+00:00\",\"dateModified\":\"2025-05-02T08:32:53+00:00\",\"description\":\"Rejoindre Giron, c'est int\u00e9grer un groupe \u00e0 la pointe de son secteur, reconnu pour son leadership et son innovation.\",\"breadcrumb\":{\"@id\":\"https:\/\/www.giron.fr\/accueil\/emploi\/#breadcrumb\"},\"inLanguage\":\"ro-RO\",\"potentialAction\":[{\"@type\":\"ReadAction\",\"target\":[\"https:\/\/www.giron.fr\/accueil\/emploi\/\"]}]},{\"@type\":\"BreadcrumbList\",\"@id\":\"https:\/\/www.giron.fr\/accueil\/emploi\/#breadcrumb\",\"itemListElement\":[{\"@type\":\"ListItem\",\"position\":1,\"name\":\"Home\",\"item\":\"https:\/\/www.giron.fr\/\"},{\"@type\":\"ListItem\",\"position\":2,\"name\":\"Accueil\",\"item\":\"https:\/\/www.giron.fr\/\"},{\"@type\":\"ListItem\",\"position\":3,\"name\":\"NOUS REJOINDRE\"}]},{\"@type\":\"WebSite\",\"@id\":\"https:\/\/www.giron.fr\/#website\",\"url\":\"https:\/\/www.giron.fr\/\",\"name\":\"Giron\",\"description\":\"Fabricant fran\u00e7ais de toile de criblage en acier et polyur\u00e9thane\",\"publisher\":{\"@id\":\"https:\/\/www.giron.fr\/#organization\"},\"potentialAction\":[{\"@type\":\"SearchAction\",\"target\":{\"@type\":\"EntryPoint\",\"urlTemplate\":\"https:\/\/www.giron.fr\/?s={search_term_string}\"},\"query-input\":{\"@type\":\"PropertyValueSpecification\",\"valueRequired\":true,\"valueName\":\"search_term_string\"}}],\"inLanguage\":\"ro-RO\"},{\"@type\":\"Organization\",\"@id\":\"https:\/\/www.giron.fr\/#organization\",\"name\":\"Giron\",\"url\":\"https:\/\/www.giron.fr\/\",\"logo\":{\"@type\":\"ImageObject\",\"inLanguage\":\"ro-RO\",\"@id\":\"https:\/\/www.giron.fr\/#\/schema\/logo\/image\/\",\"url\":\"https:\/\/www.giron.fr\/wp-content\/uploads\/2024\/07\/Logo-Giron-Baseline-FR.png\",\"contentUrl\":\"https:\/\/www.giron.fr\/wp-content\/uploads\/2024\/07\/Logo-Giron-Baseline-FR.png\",\"width\":1772,\"height\":591,\"caption\":\"Giron\"},\"image\":{\"@id\":\"https:\/\/www.giron.fr\/#\/schema\/logo\/image\/\"}}]}<\/script>\n<!-- \/ Yoast SEO plugin. -->","yoast_head_json":{"title":"NOUS REJOINDRE - Giron","description":"Rejoindre Giron, c'est int\u00e9grer un groupe \u00e0 la pointe de son secteur, reconnu pour son leadership et son innovation.","robots":{"index":"noindex","follow":"follow","max-snippet":"max-snippet:-1","max-image-preview":"max-image-preview:large","max-video-preview":"max-video-preview:-1"},"og_locale":"ro_RO","og_type":"article","og_title":"NOUS REJOINDRE - Giron","og_description":"Rejoindre Giron, c'est int\u00e9grer un groupe \u00e0 la pointe de son secteur, reconnu pour son leadership et son innovation.","og_url":"https:\/\/www.giron.fr\/ro\/accueil\/emploi\/","og_site_name":"Giron","article_modified_time":"2025-05-02T08:32:53+00:00","twitter_card":"summary_large_image","twitter_misc":{"Est. reading time":"1 minute"},"schema":{"@context":"https:\/\/schema.org","@graph":[{"@type":"WebPage","@id":"https:\/\/www.giron.fr\/accueil\/emploi\/","url":"https:\/\/www.giron.fr\/accueil\/emploi\/","name":"NOUS REJOINDRE - Giron","isPartOf":{"@id":"https:\/\/www.giron.fr\/#website"},"datePublished":"2024-06-25T16:09:14+00:00","dateModified":"2025-05-02T08:32:53+00:00","description":"Rejoindre Giron, c'est int\u00e9grer un groupe \u00e0 la pointe de son secteur, reconnu pour son leadership et son innovation.","breadcrumb":{"@id":"https:\/\/www.giron.fr\/accueil\/emploi\/#breadcrumb"},"inLanguage":"ro-RO","potentialAction":[{"@type":"ReadAction","target":["https:\/\/www.giron.fr\/accueil\/emploi\/"]}]},{"@type":"BreadcrumbList","@id":"https:\/\/www.giron.fr\/accueil\/emploi\/#breadcrumb","itemListElement":[{"@type":"ListItem","position":1,"name":"Home","item":"https:\/\/www.giron.fr\/"},{"@type":"ListItem","position":2,"name":"Accueil","item":"https:\/\/www.giron.fr\/"},{"@type":"ListItem","position":3,"name":"NOUS REJOINDRE"}]},{"@type":"WebSite","@id":"https:\/\/www.giron.fr\/#website","url":"https:\/\/www.giron.fr\/","name":"Giron","description":"Fabricant fran\u00e7ais de toile de criblage en acier et polyur\u00e9thane","publisher":{"@id":"https:\/\/www.giron.fr\/#organization"},"potentialAction":[{"@type":"SearchAction","target":{"@type":"EntryPoint","urlTemplate":"https:\/\/www.giron.fr\/?s={search_term_string}"},"query-input":{"@type":"PropertyValueSpecification","valueRequired":true,"valueName":"search_term_string"}}],"inLanguage":"ro-RO"},{"@type":"Organization","@id":"https:\/\/www.giron.fr\/#organization","name":"Giron","url":"https:\/\/www.giron.fr\/","logo":{"@type":"ImageObject","inLanguage":"ro-RO","@id":"https:\/\/www.giron.fr\/#\/schema\/logo\/image\/","url":"https:\/\/www.giron.fr\/wp-content\/uploads\/2024\/07\/Logo-Giron-Baseline-FR.png","contentUrl":"https:\/\/www.giron.fr\/wp-content\/uploads\/2024\/07\/Logo-Giron-Baseline-FR.png","width":1772,"height":591,"caption":"Giron"},"image":{"@id":"https:\/\/www.giron.fr\/#\/schema\/logo\/image\/"}}]}},"_links":{"self":[{"href":"https:\/\/www.giron.fr\/ro\/wp-json\/wp\/v2\/pages\/1459"}],"collection":[{"href":"https:\/\/www.giron.fr\/ro\/wp-json\/wp\/v2\/pages"}],"about":[{"href":"https:\/\/www.giron.fr\/ro\/wp-json\/wp\/v2\/types\/page"}],"author":[{"embeddable":true,"href":"https:\/\/www.giron.fr\/ro\/wp-json\/wp\/v2\/users\/3"}],"replies":[{"embeddable":true,"href":"https:\/\/www.giron.fr\/ro\/wp-json\/wp\/v2\/comments?post=1459"}],"version-history":[{"count":10,"href":"https:\/\/www.giron.fr\/ro\/wp-json\/wp\/v2\/pages\/1459\/revisions"}],"predecessor-version":[{"id":2128,"href":"https:\/\/www.giron.fr\/ro\/wp-json\/wp\/v2\/pages\/1459\/revisions\/2128"}],"up":[{"embeddable":true,"href":"https:\/\/www.giron.fr\/ro\/wp-json\/wp\/v2\/pages\/750"}],"wp:attachment":[{"href":"https:\/\/www.giron.fr\/ro\/wp-json\/wp\/v2\/media?parent=1459"}],"curies":[{"name":"wp","href":"https:\/\/api.w.org\/{rel}","templated":true}]}}