{"id":23,"date":"2024-04-29T11:24:10","date_gmt":"2024-04-29T09:24:10","guid":{"rendered":"https:\/\/www.giron.fr\/?page_id=23"},"modified":"2024-09-23T13:52:32","modified_gmt":"2024-09-23T11:52:32","slug":"granulats","status":"publish","type":"page","link":"https:\/\/www.giron.fr\/ro\/granulats\/","title":{"rendered":"GRANULAT"},"content":{"rendered":"<div class=\"wp-block-group has-global-padding is-layout-constrained wp-container-core-group-is-layout-2 wp-block-group-is-layout-constrained\" style=\"padding-right:var(--wp--preset--spacing--50);padding-left:var(--wp--preset--spacing--50)\" data-block-type=\"core\">\n<h2 class=\"wp-block-heading\" data-block-type=\"core\"><strong>CE ESTE AGREGATUL?<\/strong><\/h2>\n\n\n\n<figure class=\"wp-block-image size-large\" data-block-type=\"core\"><img loading=\"lazy\" decoding=\"async\" width=\"1024\" height=\"173\" src=\"https:\/\/www.giron.fr\/wp-content\/uploads\/2024\/06\/Banniere-Linkedin-1-1024x173.png\" alt=\"\" class=\"wp-image-1479\" srcset=\"https:\/\/www.giron.fr\/wp-content\/uploads\/2024\/06\/Banniere-Linkedin-1-1024x173.png 1024w, https:\/\/www.giron.fr\/wp-content\/uploads\/2024\/06\/Banniere-Linkedin-1-300x51.png 300w, https:\/\/www.giron.fr\/wp-content\/uploads\/2024\/06\/Banniere-Linkedin-1-768x130.png 768w, https:\/\/www.giron.fr\/wp-content\/uploads\/2024\/06\/Banniere-Linkedin-1-18x3.png 18w, https:\/\/www.giron.fr\/wp-content\/uploads\/2024\/06\/Banniere-Linkedin-1.png 1128w\" sizes=\"(max-width: 1024px) 100vw, 1024px\" \/><\/figure>\n\n\n\n<p>Agregatul este un material granular, de origine mineral\u0103 sau reciclat\u0103, cu o dimensiune cuprins\u0103 \u00eentre 0 \u0219i 125 mm. Acesta este utilizat \u00een principal \u00een sectorul lucr\u0103rilor publice pentru construc\u021bia de structuri (beton, cl\u0103diri, poduri) \u0219i lucr\u0103ri de infrastructur\u0103 (drumuri, autostr\u0103zi, c\u0103i ferate).<\/p>\n\n\n\n<p>Agregatele se disting prin natura, forma \u0219i propriet\u0103\u021bile lor, care variaz\u0103 \u00een func\u021bie de originea lor geologic\u0103 \u0219i de procesele de produc\u021bie utilizate. Agregatele sunt produse din :<\/p>\n\n\n\n<ul class=\"wp-block-list\" data-block-type=\"core\">\n<li data-block-type=\"core\">Roci libere sau solide (aluviuni glaciare \u0219i marine, roci eruptive, vulcanice, sedimentare \u0219i metamorfice)<\/li>\n\n\n\n<li data-block-type=\"core\">Nisipuri \u0219i pietri\u0219uri de coast\u0103 \u0219i depozite aluvionare fluviale<\/li>\n\n\n\n<li data-block-type=\"core\">Straturi de nisip \u0219i gresie<\/li>\n<\/ul>\n\n\n\n<div class=\"wp-block-group has-custom-giron-gris-clair-background-color has-background has-global-padding is-layout-constrained wp-block-group-is-layout-constrained\" data-block-type=\"core\">\n<h3 class=\"wp-block-heading has-custom-giron-gris-clair-background-color has-background\" data-block-type=\"core\"><strong>Diferitele tipuri de agregate :<\/strong><\/h3>\n\n\n\n<p class=\"has-custom-giron-gris-clair-background-color has-background\">Pentru a afla din ce familie de agregate fac parte mineralele, trebuie s\u0103 ne uit\u0103m la clasa lor granular\u0103 d\/D. Clasa granular\u0103, exprimat\u0103 ca <strong>forma d\/D,<\/strong> este un indicator valoros pentru determinarea familiei din care face parte un agregat. Ea reprezint\u0103 cea mai mic\u0103 dimensiune (d) \u0219i cea mai mare dimensiune (D) a granulelor care alc\u0103tuiesc agregatul. Analiz\u00e2nd distribu\u021bia granulometric\u0103, adic\u0103 distribu\u021bia granulelor \u00een func\u021bie de dimensiunea lor, este posibil\u0103 clasificarea agregatelor \u00een diferite categorii, fiecare cu propriet\u0103\u021bi \u0219i utiliz\u0103ri specifice.<\/p>\n\n\n\n<div class=\"wp-block-media-text is-stacked-on-mobile\" style=\"grid-template-columns:25% auto\" data-block-type=\"core\"><figure class=\"wp-block-media-text__media\"><img loading=\"lazy\" decoding=\"async\" width=\"1024\" height=\"1024\" src=\"https:\/\/www.giron.fr\/wp-content\/uploads\/2024\/08\/GRANN.png\" alt=\"\" class=\"wp-image-1481 size-full\" srcset=\"https:\/\/www.giron.fr\/wp-content\/uploads\/2024\/08\/GRANN.png 1200w, https:\/\/www.giron.fr\/wp-content\/uploads\/2024\/08\/GRANN-300x300.png 300w, https:\/\/www.giron.fr\/wp-content\/uploads\/2024\/08\/GRANN-1024x1024.png 1024w, https:\/\/www.giron.fr\/wp-content\/uploads\/2024\/08\/GRANN-150x150.png 150w, https:\/\/www.giron.fr\/wp-content\/uploads\/2024\/08\/GRANN-768x768.png 768w, https:\/\/www.giron.fr\/wp-content\/uploads\/2024\/08\/GRANN-12x12.png 12w\" sizes=\"(max-width: 1024px) 100vw, 1024px\" \/><\/figure><div class=\"wp-block-media-text__content\">\n<p>Agregatul de <strong>roc\u0103 <\/strong>masiv\u0103 constituie o categorie important\u0103 de agregate utilizate \u00een construc\u021bii (Cl\u0103diri \u0219i Lucr\u0103ri Publice). Ele se disting prin originea \u0219i modul lor de produc\u021bie, conferind propriet\u0103\u021bi specifice acestor materiale.<\/p>\n<\/div><\/div>\n\n\n\n<div class=\"wp-block-media-text has-media-on-the-right is-stacked-on-mobile\" style=\"grid-template-columns:auto 25%\" data-block-type=\"core\"><div class=\"wp-block-media-text__content\">\n<p><span style=\"caret-color: rgb(0, 0, 0); color: rgb(0, 0, 0); font-family: Aptos, sans-serif; white-space: normal;\">Agregatus <strong>aluvionare<\/strong>, numite \u0219i agregate de roc\u0103 liber\u0103 sau agregate laminate, se disting prin forma lor rotunjit\u0103 \u0219i originea sedimentar\u0103. Ele reprezint\u0103 o categorie important\u0103 de agregate utilizate \u00een construc\u021bii (Cl\u0103diri \u0219i Lucr\u0103ri Publice).<\/span><\/p>\n<\/div><figure class=\"wp-block-media-text__media\"><img loading=\"lazy\" decoding=\"async\" width=\"1024\" height=\"1024\" src=\"https:\/\/www.giron.fr\/wp-content\/uploads\/2024\/08\/GRAN.-.png\" alt=\"\" class=\"wp-image-1484 size-full\" srcset=\"https:\/\/www.giron.fr\/wp-content\/uploads\/2024\/08\/GRAN.-.png 1200w, https:\/\/www.giron.fr\/wp-content\/uploads\/2024\/08\/GRAN.--300x300.png 300w, https:\/\/www.giron.fr\/wp-content\/uploads\/2024\/08\/GRAN.--1024x1024.png 1024w, https:\/\/www.giron.fr\/wp-content\/uploads\/2024\/08\/GRAN.--150x150.png 150w, https:\/\/www.giron.fr\/wp-content\/uploads\/2024\/08\/GRAN.--768x768.png 768w, https:\/\/www.giron.fr\/wp-content\/uploads\/2024\/08\/GRAN.--12x12.png 12w\" sizes=\"(max-width: 1024px) 100vw, 1024px\" \/><\/figure><\/div>\n\n\n\n<div class=\"wp-block-media-text is-stacked-on-mobile\" style=\"grid-template-columns:25% auto\" data-block-type=\"core\"><figure class=\"wp-block-media-text__media\"><img loading=\"lazy\" decoding=\"async\" width=\"1024\" height=\"1024\" src=\"https:\/\/www.giron.fr\/wp-content\/uploads\/2024\/08\/GRANN-2.png\" alt=\"\" class=\"wp-image-1485 size-full\" srcset=\"https:\/\/www.giron.fr\/wp-content\/uploads\/2024\/08\/GRANN-2.png 1200w, https:\/\/www.giron.fr\/wp-content\/uploads\/2024\/08\/GRANN-2-300x300.png 300w, https:\/\/www.giron.fr\/wp-content\/uploads\/2024\/08\/GRANN-2-1024x1024.png 1024w, https:\/\/www.giron.fr\/wp-content\/uploads\/2024\/08\/GRANN-2-150x150.png 150w, https:\/\/www.giron.fr\/wp-content\/uploads\/2024\/08\/GRANN-2-768x768.png 768w, https:\/\/www.giron.fr\/wp-content\/uploads\/2024\/08\/GRANN-2-12x12.png 12w\" sizes=\"(max-width: 1024px) 100vw, 1024px\" \/><\/figure><div class=\"wp-block-media-text__content\">\n<p>Agregatus <strong>reciclate<\/strong>, rezultate din prelucrarea materialelor de construc\u021bie uzate, constituie o solu\u021bie ecologic\u0103 \u0219i promi\u021b\u0103toare pentru a r\u0103spunde provoc\u0103rilor de mediu ale sectorului construc\u021biilor (Construc\u021bii \u0219i Lucr\u0103ri Publice). Ele reprezint\u0103 o alternativ\u0103 durabil\u0103 la agregatele naturale, contribuind \u00een acela\u0219i timp la economia circular\u0103.<\/p>\n<\/div><\/div>\n\n\n\n<div class=\"wp-block-media-text has-media-on-the-right is-stacked-on-mobile\" style=\"grid-template-columns:auto 25%\" data-block-type=\"core\"><div class=\"wp-block-media-text__content\">\n<p>Agregatus <strong>marine<\/strong>, formate din nisipuri \u0219i pietri\u0219uri silicioase \u0219i calcaroase, reprezint\u0103 o resurs\u0103 mineral\u0103 pre\u021bioas\u0103 \u00eengropat\u0103 \u00een fundul m\u0103rii. Exploatarea lor \u00een cre\u0219tere ridic\u0103 probleme semnificative de mediu \u0219i de societate, care ar trebui luate \u00een considerare al\u0103turi de avantajele \u0219i aplica\u021biile lor \u00een domeniul construc\u021biilor (construc\u021bii \u0219i lucr\u0103ri publice).<\/p>\n<\/div><figure class=\"wp-block-media-text__media\"><img loading=\"lazy\" decoding=\"async\" width=\"1024\" height=\"1024\" src=\"https:\/\/www.giron.fr\/wp-content\/uploads\/2024\/08\/GRANNN.png\" alt=\"\" class=\"wp-image-1486 size-full\" srcset=\"https:\/\/www.giron.fr\/wp-content\/uploads\/2024\/08\/GRANNN.png 1200w, https:\/\/www.giron.fr\/wp-content\/uploads\/2024\/08\/GRANNN-300x300.png 300w, https:\/\/www.giron.fr\/wp-content\/uploads\/2024\/08\/GRANNN-1024x1024.png 1024w, https:\/\/www.giron.fr\/wp-content\/uploads\/2024\/08\/GRANNN-150x150.png 150w, https:\/\/www.giron.fr\/wp-content\/uploads\/2024\/08\/GRANNN-768x768.png 768w, https:\/\/www.giron.fr\/wp-content\/uploads\/2024\/08\/GRANNN-12x12.png 12w\" sizes=\"(max-width: 1024px) 100vw, 1024px\" \/><\/figure><\/div>\n\n\n\n<p>Pentru a fi utilizate, agregatele sunt clasificate \u00een func\u021bie de dimensiunea particulelor lor. \u00cen acest scop, acestea sunt supuse mai multor tratamente, cum ar fi zdrobirea \u0219i, mai ales, cernerea, care vor permite clasificarea \u0219i sortarea produselor \u00een func\u021bie de clasa lor dimensional\u0103 recuperabil\u0103, caracterizat\u0103 prin cea mai mic\u0103 dimensiune (mm), denumit\u0103 \"d\", \u0219i cea mai mare dimensiune, denumit\u0103 \"D\":<\/p>\n\n\n\n<figure class=\"wp-block-table\" data-block-type=\"core\"><table><tbody><tr><td><strong>Denumire (Fran\u021ba)<\/strong><\/td><td><strong>d<\/strong><\/td><td><strong>D<\/strong><\/td><\/tr><tr><td><strong>Bine<\/strong><\/td><td><em>0<\/em><\/td><td><em>\u2264<\/em><em> 0.63<\/em><\/td><\/tr><tr><td><strong>Nisip<\/strong><\/td><td><em>0<\/em><\/td><td><em>\u2264<\/em><em> 6.3<\/em><\/td><\/tr><tr><td><strong>Pietri\u0219<\/strong><\/td><td>\u2265<em> 2<\/em><\/td><td><em>\u2264 31.5<\/em><\/td><\/tr><tr><td><strong>Serios<\/strong><\/td><td><em>0<\/em><\/td><td><em>\u2264 100<\/em><\/td><\/tr><tr><td><strong>Pietricele<\/strong><\/td><td>\u2265 <em>20<\/em><\/td><td><em>\u2264 150<\/em><\/td><\/tr><\/tbody><\/table><\/figure>\n\n\n\n<p><\/p>\n<\/div>\n\n\n\n<h2 class=\"wp-block-heading\" data-block-type=\"core\"><strong><strong>PENTRU CE SUNT UTILIZATE AGREGATELE?<\/strong><\/strong><\/h2>\n\n\n\n<p>Agregatele - materiale granulare de origine mineral\u0103 sau reciclat\u0103 - joac\u0103 un rol crucial \u00een construc\u021bia mediului nostru construit. Ele sunt omniprezente \u00een lucr\u0103rile de inginerie civil\u0103, drumuri \u0219i cl\u0103diri, contribuind la soliditatea, durabilitatea \u0219i func\u021bionalitatea infrastructurilor \u0219i locuin\u021belor noastre.<\/p>\n\n\n\n<p>Industria agregatelor se angajeaz\u0103 continuu s\u0103 \u00ee\u0219i \u00eembun\u0103t\u0103\u021beasc\u0103 practicile \u0219i s\u0103 promoveze utilizarea responsabil\u0103 a acestor resurse pre\u021bioase.<\/p>\n\n\n\n<p>Timp de aproape un secol, <a href=\"https:\/\/www.giron.fr\/ro\/contact\/\">GIRON \u0219i echipele sale<\/a> colaboreaz\u0103 cu clien\u021bii s\u0103i pentru criblarea materialelor. Tehnicienii no\u0219tri ofer\u0103 consultan\u021b\u0103 \u0219i o gam\u0103 complet\u0103 de medii de screening, inclusiv <a href=\"https:\/\/www.giron.fr\/ro\/produits\/toiles-metalliques\/\">metalic<\/a> \u0219i \u00een <a href=\"https:\/\/www.giron.fr\/ro\/produits\/polyurethane-tendu\/\">sintetice<\/a>, pentru a permite clien\u021bilor no\u0219tri <strong>s\u0103 ob\u021bin\u0103 cel mai adecvat cost pe ton\u0103 cernut\u0103,<\/strong>respect\u00e2nd \u00een acela\u0219i timp specifica\u021biile \u0219i standardele de utilizare pentru produsele lor<\/p>\n\n\n\n<p>Agregatele sunt materiale esen\u021biale, cu o gam\u0103 larg\u0103 de aplica\u021bii \u0219i un rol crucial \u00een construirea \u0219i dezvoltarea mediului nostru. Cu toate acestea, produc\u021bia \u0219i utilizarea lor trebuie s\u0103 respecte principiile dezvolt\u0103rii durabile, acord\u00e2nd prioritate solu\u021biilor de reciclare \u0219i minimiz\u00e2nd impactul lor asupra mediului.<\/p>\n\n\n\n<div class=\"wp-block-buttons is-content-justification-center is-layout-flex wp-container-core-buttons-is-layout-1 wp-block-buttons-is-layout-flex\" data-block-type=\"core\">\n<div class=\"wp-block-button has-custom-width wp-block-button__width-50\" data-aos=\"flip-up\" data-block-type=\"core\"><a class=\"wp-block-button__link wp-element-button\" href=\"https:\/\/www.unpg.fr\/le-granulat\/lusage-des-granulats\/\" target=\"_blank\" rel=\"noreferrer noopener\">AFLA\u021aI MAI MULTE DESPRE AGREGATE<\/a><\/div>\n<\/div>\n<\/div>","protected":false},"excerpt":{"rendered":"<p>Ce sunt agregatele? Un agregat este un material granular, de origine mineral\u0103 sau reciclat\u0103, a c\u0103rui dimensiune este [...].<\/p>","protected":false},"author":3,"featured_media":0,"parent":0,"menu_order":0,"comment_status":"closed","ping_status":"closed","template":"","meta":{"_acf_changed":false,"footnotes":""},"class_list":["post-23","page","type-page","status-publish","hentry"],"acf":[],"yoast_head":"<!-- This site is optimized with the Yoast SEO plugin v23.4 - https:\/\/yoast.com\/wordpress\/plugins\/seo\/ -->\n<title>LES GRANULATS - Giron<\/title>\n<meta name=\"description\" content=\"Un granulat est un mat\u00e9riau granulaire, d&#039;origine min\u00e9rale ou recycl\u00e9e, principalement utilis\u00e9 dans le secteur du BTP.\" \/>\n<meta name=\"robots\" content=\"noindex, follow, max-snippet:-1, max-image-preview:large, max-video-preview:-1\" \/>\n<meta property=\"og:locale\" content=\"ro_RO\" \/>\n<meta property=\"og:type\" content=\"article\" \/>\n<meta property=\"og:title\" content=\"LES GRANULATS - Giron\" \/>\n<meta property=\"og:description\" content=\"Un granulat est un mat\u00e9riau granulaire, d&#039;origine min\u00e9rale ou recycl\u00e9e, principalement utilis\u00e9 dans le secteur du BTP.\" \/>\n<meta property=\"og:url\" content=\"https:\/\/www.giron.fr\/ro\/granulats\/\" \/>\n<meta property=\"og:site_name\" content=\"Giron\" \/>\n<meta property=\"article:modified_time\" content=\"2024-09-23T11:52:32+00:00\" \/>\n<meta property=\"og:image\" content=\"https:\/\/www.giron.fr\/wp-content\/uploads\/2024\/06\/Banniere-Linkedin-1-1024x173.png\" \/>\n<meta name=\"twitter:card\" content=\"summary_large_image\" \/>\n<meta name=\"twitter:label1\" content=\"Est. reading time\" \/>\n\t<meta name=\"twitter:data1\" content=\"5 minutes\" \/>\n<script type=\"application\/ld+json\" class=\"yoast-schema-graph\">{\"@context\":\"https:\/\/schema.org\",\"@graph\":[{\"@type\":\"WebPage\",\"@id\":\"https:\/\/www.giron.fr\/granulats\/\",\"url\":\"https:\/\/www.giron.fr\/granulats\/\",\"name\":\"LES GRANULATS - Giron\",\"isPartOf\":{\"@id\":\"https:\/\/www.giron.fr\/#website\"},\"primaryImageOfPage\":{\"@id\":\"https:\/\/www.giron.fr\/granulats\/#primaryimage\"},\"image\":{\"@id\":\"https:\/\/www.giron.fr\/granulats\/#primaryimage\"},\"thumbnailUrl\":\"https:\/\/www.giron.fr\/wp-content\/uploads\/2024\/06\/Banniere-Linkedin-1-1024x173.png\",\"datePublished\":\"2024-04-29T09:24:10+00:00\",\"dateModified\":\"2024-09-23T11:52:32+00:00\",\"description\":\"Un granulat est un mat\u00e9riau granulaire, d'origine min\u00e9rale ou recycl\u00e9e, principalement utilis\u00e9 dans le secteur du BTP.\",\"breadcrumb\":{\"@id\":\"https:\/\/www.giron.fr\/granulats\/#breadcrumb\"},\"inLanguage\":\"ro-RO\",\"potentialAction\":[{\"@type\":\"ReadAction\",\"target\":[\"https:\/\/www.giron.fr\/granulats\/\"]}]},{\"@type\":\"ImageObject\",\"inLanguage\":\"ro-RO\",\"@id\":\"https:\/\/www.giron.fr\/granulats\/#primaryimage\",\"url\":\"https:\/\/www.giron.fr\/wp-content\/uploads\/2024\/06\/Banniere-Linkedin-1-1024x173.png\",\"contentUrl\":\"https:\/\/www.giron.fr\/wp-content\/uploads\/2024\/06\/Banniere-Linkedin-1-1024x173.png\"},{\"@type\":\"BreadcrumbList\",\"@id\":\"https:\/\/www.giron.fr\/granulats\/#breadcrumb\",\"itemListElement\":[{\"@type\":\"ListItem\",\"position\":1,\"name\":\"Home\",\"item\":\"https:\/\/www.giron.fr\/\"},{\"@type\":\"ListItem\",\"position\":2,\"name\":\"LES GRANULATS\"}]},{\"@type\":\"WebSite\",\"@id\":\"https:\/\/www.giron.fr\/#website\",\"url\":\"https:\/\/www.giron.fr\/\",\"name\":\"Giron\",\"description\":\"Fabricant fran\u00e7ais de toile de criblage en acier et polyur\u00e9thane\",\"publisher\":{\"@id\":\"https:\/\/www.giron.fr\/#organization\"},\"potentialAction\":[{\"@type\":\"SearchAction\",\"target\":{\"@type\":\"EntryPoint\",\"urlTemplate\":\"https:\/\/www.giron.fr\/?s={search_term_string}\"},\"query-input\":{\"@type\":\"PropertyValueSpecification\",\"valueRequired\":true,\"valueName\":\"search_term_string\"}}],\"inLanguage\":\"ro-RO\"},{\"@type\":\"Organization\",\"@id\":\"https:\/\/www.giron.fr\/#organization\",\"name\":\"Giron\",\"url\":\"https:\/\/www.giron.fr\/\",\"logo\":{\"@type\":\"ImageObject\",\"inLanguage\":\"ro-RO\",\"@id\":\"https:\/\/www.giron.fr\/#\/schema\/logo\/image\/\",\"url\":\"https:\/\/www.giron.fr\/wp-content\/uploads\/2024\/07\/Logo-Giron-Baseline-FR.png\",\"contentUrl\":\"https:\/\/www.giron.fr\/wp-content\/uploads\/2024\/07\/Logo-Giron-Baseline-FR.png\",\"width\":1772,\"height\":591,\"caption\":\"Giron\"},\"image\":{\"@id\":\"https:\/\/www.giron.fr\/#\/schema\/logo\/image\/\"}}]}<\/script>\n<!-- \/ Yoast SEO plugin. -->","yoast_head_json":{"title":"LES GRANULATS - Giron","description":"Un granulat est un mat\u00e9riau granulaire, d'origine min\u00e9rale ou recycl\u00e9e, principalement utilis\u00e9 dans le secteur du BTP.","robots":{"index":"noindex","follow":"follow","max-snippet":"max-snippet:-1","max-image-preview":"max-image-preview:large","max-video-preview":"max-video-preview:-1"},"og_locale":"ro_RO","og_type":"article","og_title":"LES GRANULATS - Giron","og_description":"Un granulat est un mat\u00e9riau granulaire, d'origine min\u00e9rale ou recycl\u00e9e, principalement utilis\u00e9 dans le secteur du BTP.","og_url":"https:\/\/www.giron.fr\/ro\/granulats\/","og_site_name":"Giron","article_modified_time":"2024-09-23T11:52:32+00:00","og_image":[{"url":"https:\/\/www.giron.fr\/wp-content\/uploads\/2024\/06\/Banniere-Linkedin-1-1024x173.png"}],"twitter_card":"summary_large_image","twitter_misc":{"Est. reading time":"5 minutes"},"schema":{"@context":"https:\/\/schema.org","@graph":[{"@type":"WebPage","@id":"https:\/\/www.giron.fr\/granulats\/","url":"https:\/\/www.giron.fr\/granulats\/","name":"LES GRANULATS - Giron","isPartOf":{"@id":"https:\/\/www.giron.fr\/#website"},"primaryImageOfPage":{"@id":"https:\/\/www.giron.fr\/granulats\/#primaryimage"},"image":{"@id":"https:\/\/www.giron.fr\/granulats\/#primaryimage"},"thumbnailUrl":"https:\/\/www.giron.fr\/wp-content\/uploads\/2024\/06\/Banniere-Linkedin-1-1024x173.png","datePublished":"2024-04-29T09:24:10+00:00","dateModified":"2024-09-23T11:52:32+00:00","description":"Un granulat est un mat\u00e9riau granulaire, d'origine min\u00e9rale ou recycl\u00e9e, principalement utilis\u00e9 dans le secteur du BTP.","breadcrumb":{"@id":"https:\/\/www.giron.fr\/granulats\/#breadcrumb"},"inLanguage":"ro-RO","potentialAction":[{"@type":"ReadAction","target":["https:\/\/www.giron.fr\/granulats\/"]}]},{"@type":"ImageObject","inLanguage":"ro-RO","@id":"https:\/\/www.giron.fr\/granulats\/#primaryimage","url":"https:\/\/www.giron.fr\/wp-content\/uploads\/2024\/06\/Banniere-Linkedin-1-1024x173.png","contentUrl":"https:\/\/www.giron.fr\/wp-content\/uploads\/2024\/06\/Banniere-Linkedin-1-1024x173.png"},{"@type":"BreadcrumbList","@id":"https:\/\/www.giron.fr\/granulats\/#breadcrumb","itemListElement":[{"@type":"ListItem","position":1,"name":"Home","item":"https:\/\/www.giron.fr\/"},{"@type":"ListItem","position":2,"name":"LES GRANULATS"}]},{"@type":"WebSite","@id":"https:\/\/www.giron.fr\/#website","url":"https:\/\/www.giron.fr\/","name":"Giron","description":"Fabricant fran\u00e7ais de toile de criblage en acier et polyur\u00e9thane","publisher":{"@id":"https:\/\/www.giron.fr\/#organization"},"potentialAction":[{"@type":"SearchAction","target":{"@type":"EntryPoint","urlTemplate":"https:\/\/www.giron.fr\/?s={search_term_string}"},"query-input":{"@type":"PropertyValueSpecification","valueRequired":true,"valueName":"search_term_string"}}],"inLanguage":"ro-RO"},{"@type":"Organization","@id":"https:\/\/www.giron.fr\/#organization","name":"Giron","url":"https:\/\/www.giron.fr\/","logo":{"@type":"ImageObject","inLanguage":"ro-RO","@id":"https:\/\/www.giron.fr\/#\/schema\/logo\/image\/","url":"https:\/\/www.giron.fr\/wp-content\/uploads\/2024\/07\/Logo-Giron-Baseline-FR.png","contentUrl":"https:\/\/www.giron.fr\/wp-content\/uploads\/2024\/07\/Logo-Giron-Baseline-FR.png","width":1772,"height":591,"caption":"Giron"},"image":{"@id":"https:\/\/www.giron.fr\/#\/schema\/logo\/image\/"}}]}},"_links":{"self":[{"href":"https:\/\/www.giron.fr\/ro\/wp-json\/wp\/v2\/pages\/23"}],"collection":[{"href":"https:\/\/www.giron.fr\/ro\/wp-json\/wp\/v2\/pages"}],"about":[{"href":"https:\/\/www.giron.fr\/ro\/wp-json\/wp\/v2\/types\/page"}],"author":[{"embeddable":true,"href":"https:\/\/www.giron.fr\/ro\/wp-json\/wp\/v2\/users\/3"}],"replies":[{"embeddable":true,"href":"https:\/\/www.giron.fr\/ro\/wp-json\/wp\/v2\/comments?post=23"}],"version-history":[{"count":16,"href":"https:\/\/www.giron.fr\/ro\/wp-json\/wp\/v2\/pages\/23\/revisions"}],"predecessor-version":[{"id":2031,"href":"https:\/\/www.giron.fr\/ro\/wp-json\/wp\/v2\/pages\/23\/revisions\/2031"}],"wp:attachment":[{"href":"https:\/\/www.giron.fr\/ro\/wp-json\/wp\/v2\/media?parent=23"}],"curies":[{"name":"wp","href":"https:\/\/api.w.org\/{rel}","templated":true}]}}