{"id":91,"date":"2024-04-29T12:04:57","date_gmt":"2024-04-29T10:04:57","guid":{"rendered":"https:\/\/www.giron.fr\/?page_id=91"},"modified":"2024-08-30T16:59:47","modified_gmt":"2024-08-30T14:59:47","slug":"mentions-legales","status":"publish","type":"page","link":"https:\/\/www.giron.fr\/ro\/mentions-legales\/","title":{"rendered":"Informa\u021bii juridice"},"content":{"rendered":"<div class=\"wp-block-columns is-layout-flex wp-container-core-columns-is-layout-1 wp-block-columns-is-layout-flex\" data-block-type=\"core\">\n<div class=\"wp-block-column has-global-padding is-layout-constrained wp-block-column-is-layout-constrained\" data-block-type=\"core\">\n<p>\u00cen conformitate cu dispozi\u021biile Legii nr. 2004-575 din 21 iunie 2004 privind \u00eencrederea \u00een economia digital\u0103, utilizatorii \u0219i vizitatorii (denumi\u021bi \u00een continuare \"utilizatorii\") sunt informa\u021bi prin prezenta cu privire la urm\u0103toarele <strong>Utilizator<\/strong>site-ul giron.fr, denumit \u00een continuare <strong>Site web<\/strong>prezenta notificare legal\u0103.<\/p>\n\n\n\n<p>Conectarea la site \u0219i navigarea pe site de c\u0103tre utilizator implic\u0103 acceptarea deplin\u0103 \u0219i f\u0103r\u0103 rezerve a prezentei notific\u0103ri legale.<\/p>\n\n\n\n<p>Acestea sunt disponibile pe site la rubrica <strong>Informa\u021bii juridice.<\/strong><\/p>\n\n\n\n<h2 class=\"wp-block-heading\" data-block-type=\"core\">EDITAREA SITE-ULUI<\/h2>\n\n\n\n<p>Site-ul este publicat de Giron, o SAS cu un capital de 209.484 \u20ac, \u00eenregistrat\u0103 \u00een Registrul Comer\u021bului \u0219i al Societ\u0103\u021bilor din Poitiers sub num\u0103rul 826220154, cu sediul social la 11 RUE LOUIS BLERIOT 86100 CHATELLERAULT,<\/p>\n\n\n\n<p><strong>Num\u0103r de telefon :<\/strong> 0549210322<\/p>\n\n\n\n<p><strong>Adresa de e-mail :<\/strong> info@giron.fr<\/p>\n\n\n\n<p><strong>Num\u0103rul de TVA :<\/strong> FR74826220154<\/p>\n\n\n\n<p><strong>Director de publicare : <\/strong>Nicolas Charri\u00e8re<\/p>\n\n\n\n<p>denumit \u00een continuare <strong>editorul<\/strong>.<\/p>\n\n\n\n<h2 class=\"wp-block-heading\" data-block-type=\"core\">DESIGNER<\/h2>\n\n\n\n<p>Site-ul a fost conceput \u0219i dezvoltat de Agence AND, membr\u0103 a grupului de comunicare Booom Factory, al c\u0103rui sediu social este situat la Cit\u00e9 Num\u00e9rique, 2 rue Marc Sangnier, 33130 B\u00e8gles.<\/p>\n\n\n\n<h2 class=\"wp-block-heading\" data-block-type=\"core\">EMBEDDERS<\/h2>\n\n\n\n<p>Gazda site-ului este Numlog, al c\u0103rui sediu social este situat la 9 T ROUTE DE SAINT-GERMAIN 78640 VILLIERS-SAINT-FREDERIC .<\/p>\n\n\n\n<h2 class=\"wp-block-heading\" data-block-type=\"core\">ACCESUL LA SIT<\/h2>\n\n\n\n<p>\u00cen mod normal, site-ul este accesibil utilizatorului \u00een orice moment. Cu toate acestea, editorul poate, \u00een orice moment, s\u0103 suspende, s\u0103 limiteze sau s\u0103 \u00eentrerup\u0103 site-ul, \u00een special pentru a actualiza sau a modifica con\u021binutul acestuia. Editorul nu poate fi \u00een niciun caz considerat responsabil pentru eventualele consecin\u021be ale acestei indisponibilit\u0103\u021bi asupra activit\u0103\u021bilor utilizatorului.<\/p>\n\n\n\n<h2 class=\"wp-block-heading\" data-block-type=\"core\">COLECTAREA DATELOR<\/h2>\n\n\n\n<p>Site-ul se asigur\u0103 c\u0103 datele personale ale utilizatorului sunt colectate \u0219i prelucrate cu respectarea vie\u021bii private \u00een conformitate cu Legea nr. 78-17 din 6 ianuarie 1978 privind prelucrarea datelor, fi\u0219ierele de date \u0219i libert\u0103\u021bile individuale \u0219i \u00een conformitate cu reglement\u0103rile aplicabile prelucr\u0103rii datelor cu caracter personal \u00een conformitate cu Regulamentul (UE) 2016\/679 al Parlamentului European \u0219i al Consiliului din 27 aprilie 2016 (\u00een continuare, \u00eempreun\u0103, \"Legea privind protec\u021bia datelor\"). <strong>Regulamente aplicabile protec\u021biei datelor cu caracter personal)<\/strong>.<\/p>\n\n\n\n<p>\u00cen conformitate cu reglement\u0103rile aplicabile privind protec\u021bia datelor cu caracter personal, Utilizatorii au dreptul de a accesa, rectifica, \u0219terge \u0219i obiecta cu privire la datele lor cu caracter personal. Utilizatorul \u00ee\u0219i poate exercita acest drept:<\/p>\n\n\n\n<ul class=\"wp-block-list\" data-block-type=\"core\">\n<li data-block-type=\"core\">prin e-mail la adresa info@giron.fr<\/li>\n<\/ul>\n\n\n\n<p>Orice utilizare, reproducere, distribuire, comercializare sau modificare total\u0103 sau par\u021bial\u0103 a Site-ului f\u0103r\u0103 autoriza\u021bia expres\u0103 a Editorului este interzis\u0103 \u0219i poate duce la ac\u021biuni \u0219i proceduri legale conform reglement\u0103rilor \u00een vigoare.<\/p>\n<\/div>\n<\/div>","protected":false},"excerpt":{"rendered":"<p>\u00cen conformitate cu dispozi\u021biile Legii franceze nr. 2004-575 din 21 iunie 2004 privind \u00eencrederea \u00een economia digital\u0103, [...]<\/p>","protected":false},"author":1,"featured_media":0,"parent":0,"menu_order":0,"comment_status":"closed","ping_status":"closed","template":"","meta":{"_acf_changed":false,"footnotes":""},"class_list":["post-91","page","type-page","status-publish","hentry"],"acf":[],"yoast_head":"<!-- This site is optimized with the Yoast SEO plugin v23.4 - https:\/\/yoast.com\/wordpress\/plugins\/seo\/ -->\n<title>Mentions l\u00e9gales - Giron<\/title>\n<meta name=\"robots\" content=\"noindex, follow, max-snippet:-1, max-image-preview:large, max-video-preview:-1\" \/>\n<meta property=\"og:locale\" content=\"ro_RO\" \/>\n<meta property=\"og:type\" content=\"article\" \/>\n<meta property=\"og:title\" content=\"Mentions l\u00e9gales - Giron\" \/>\n<meta property=\"og:description\" content=\"Conform\u00e9ment aux dispositions de la loi n\u00b02004-575 du 21 juin 2004 pour la Confiance en l\u2019\u00e9conomie num\u00e9rique, il est port\u00e9 [&hellip;]\" \/>\n<meta property=\"og:url\" content=\"https:\/\/www.giron.fr\/ro\/mentions-legales\/\" \/>\n<meta property=\"og:site_name\" content=\"Giron\" \/>\n<meta property=\"article:modified_time\" content=\"2024-08-30T14:59:47+00:00\" \/>\n<meta name=\"twitter:card\" content=\"summary_large_image\" \/>\n<meta name=\"twitter:label1\" content=\"Est. reading time\" \/>\n\t<meta name=\"twitter:data1\" content=\"3 minutes\" \/>\n<script type=\"application\/ld+json\" class=\"yoast-schema-graph\">{\"@context\":\"https:\/\/schema.org\",\"@graph\":[{\"@type\":\"WebPage\",\"@id\":\"https:\/\/www.giron.fr\/mentions-legales\/\",\"url\":\"https:\/\/www.giron.fr\/mentions-legales\/\",\"name\":\"Mentions l\u00e9gales - Giron\",\"isPartOf\":{\"@id\":\"https:\/\/www.giron.fr\/#website\"},\"datePublished\":\"2024-04-29T10:04:57+00:00\",\"dateModified\":\"2024-08-30T14:59:47+00:00\",\"breadcrumb\":{\"@id\":\"https:\/\/www.giron.fr\/mentions-legales\/#breadcrumb\"},\"inLanguage\":\"ro-RO\",\"potentialAction\":[{\"@type\":\"ReadAction\",\"target\":[\"https:\/\/www.giron.fr\/mentions-legales\/\"]}]},{\"@type\":\"BreadcrumbList\",\"@id\":\"https:\/\/www.giron.fr\/mentions-legales\/#breadcrumb\",\"itemListElement\":[{\"@type\":\"ListItem\",\"position\":1,\"name\":\"Home\",\"item\":\"https:\/\/www.giron.fr\/\"},{\"@type\":\"ListItem\",\"position\":2,\"name\":\"Mentions l\u00e9gales\"}]},{\"@type\":\"WebSite\",\"@id\":\"https:\/\/www.giron.fr\/#website\",\"url\":\"https:\/\/www.giron.fr\/\",\"name\":\"Giron\",\"description\":\"Fabricant fran\u00e7ais de toile de criblage en acier et polyur\u00e9thane\",\"publisher\":{\"@id\":\"https:\/\/www.giron.fr\/#organization\"},\"potentialAction\":[{\"@type\":\"SearchAction\",\"target\":{\"@type\":\"EntryPoint\",\"urlTemplate\":\"https:\/\/www.giron.fr\/?s={search_term_string}\"},\"query-input\":{\"@type\":\"PropertyValueSpecification\",\"valueRequired\":true,\"valueName\":\"search_term_string\"}}],\"inLanguage\":\"ro-RO\"},{\"@type\":\"Organization\",\"@id\":\"https:\/\/www.giron.fr\/#organization\",\"name\":\"Giron\",\"url\":\"https:\/\/www.giron.fr\/\",\"logo\":{\"@type\":\"ImageObject\",\"inLanguage\":\"ro-RO\",\"@id\":\"https:\/\/www.giron.fr\/#\/schema\/logo\/image\/\",\"url\":\"https:\/\/www.giron.fr\/wp-content\/uploads\/2024\/07\/Logo-Giron-Baseline-FR.png\",\"contentUrl\":\"https:\/\/www.giron.fr\/wp-content\/uploads\/2024\/07\/Logo-Giron-Baseline-FR.png\",\"width\":1772,\"height\":591,\"caption\":\"Giron\"},\"image\":{\"@id\":\"https:\/\/www.giron.fr\/#\/schema\/logo\/image\/\"}}]}<\/script>\n<!-- \/ Yoast SEO plugin. -->","yoast_head_json":{"title":"Mentions l\u00e9gales - Giron","robots":{"index":"noindex","follow":"follow","max-snippet":"max-snippet:-1","max-image-preview":"max-image-preview:large","max-video-preview":"max-video-preview:-1"},"og_locale":"ro_RO","og_type":"article","og_title":"Mentions l\u00e9gales - Giron","og_description":"Conform\u00e9ment aux dispositions de la loi n\u00b02004-575 du 21 juin 2004 pour la Confiance en l\u2019\u00e9conomie num\u00e9rique, il est port\u00e9 [&hellip;]","og_url":"https:\/\/www.giron.fr\/ro\/mentions-legales\/","og_site_name":"Giron","article_modified_time":"2024-08-30T14:59:47+00:00","twitter_card":"summary_large_image","twitter_misc":{"Est. reading time":"3 minutes"},"schema":{"@context":"https:\/\/schema.org","@graph":[{"@type":"WebPage","@id":"https:\/\/www.giron.fr\/mentions-legales\/","url":"https:\/\/www.giron.fr\/mentions-legales\/","name":"Mentions l\u00e9gales - Giron","isPartOf":{"@id":"https:\/\/www.giron.fr\/#website"},"datePublished":"2024-04-29T10:04:57+00:00","dateModified":"2024-08-30T14:59:47+00:00","breadcrumb":{"@id":"https:\/\/www.giron.fr\/mentions-legales\/#breadcrumb"},"inLanguage":"ro-RO","potentialAction":[{"@type":"ReadAction","target":["https:\/\/www.giron.fr\/mentions-legales\/"]}]},{"@type":"BreadcrumbList","@id":"https:\/\/www.giron.fr\/mentions-legales\/#breadcrumb","itemListElement":[{"@type":"ListItem","position":1,"name":"Home","item":"https:\/\/www.giron.fr\/"},{"@type":"ListItem","position":2,"name":"Mentions l\u00e9gales"}]},{"@type":"WebSite","@id":"https:\/\/www.giron.fr\/#website","url":"https:\/\/www.giron.fr\/","name":"Giron","description":"Fabricant fran\u00e7ais de toile de criblage en acier et polyur\u00e9thane","publisher":{"@id":"https:\/\/www.giron.fr\/#organization"},"potentialAction":[{"@type":"SearchAction","target":{"@type":"EntryPoint","urlTemplate":"https:\/\/www.giron.fr\/?s={search_term_string}"},"query-input":{"@type":"PropertyValueSpecification","valueRequired":true,"valueName":"search_term_string"}}],"inLanguage":"ro-RO"},{"@type":"Organization","@id":"https:\/\/www.giron.fr\/#organization","name":"Giron","url":"https:\/\/www.giron.fr\/","logo":{"@type":"ImageObject","inLanguage":"ro-RO","@id":"https:\/\/www.giron.fr\/#\/schema\/logo\/image\/","url":"https:\/\/www.giron.fr\/wp-content\/uploads\/2024\/07\/Logo-Giron-Baseline-FR.png","contentUrl":"https:\/\/www.giron.fr\/wp-content\/uploads\/2024\/07\/Logo-Giron-Baseline-FR.png","width":1772,"height":591,"caption":"Giron"},"image":{"@id":"https:\/\/www.giron.fr\/#\/schema\/logo\/image\/"}}]}},"_links":{"self":[{"href":"https:\/\/www.giron.fr\/ro\/wp-json\/wp\/v2\/pages\/91"}],"collection":[{"href":"https:\/\/www.giron.fr\/ro\/wp-json\/wp\/v2\/pages"}],"about":[{"href":"https:\/\/www.giron.fr\/ro\/wp-json\/wp\/v2\/types\/page"}],"author":[{"embeddable":true,"href":"https:\/\/www.giron.fr\/ro\/wp-json\/wp\/v2\/users\/1"}],"replies":[{"embeddable":true,"href":"https:\/\/www.giron.fr\/ro\/wp-json\/wp\/v2\/comments?post=91"}],"version-history":[{"count":5,"href":"https:\/\/www.giron.fr\/ro\/wp-json\/wp\/v2\/pages\/91\/revisions"}],"predecessor-version":[{"id":1999,"href":"https:\/\/www.giron.fr\/ro\/wp-json\/wp\/v2\/pages\/91\/revisions\/1999"}],"wp:attachment":[{"href":"https:\/\/www.giron.fr\/ro\/wp-json\/wp\/v2\/media?parent=91"}],"curies":[{"name":"wp","href":"https:\/\/api.w.org\/{rel}","templated":true}]}}